{"id":676,"date":"2023-01-14T18:19:51","date_gmt":"2023-01-14T18:19:51","guid":{"rendered":"https:\/\/runtzcartsdisposables.com\/?post_type=product&#038;p=676"},"modified":"2024-11-25T20:11:15","modified_gmt":"2024-11-25T20:11:15","slug":"pink-dosidos","status":"publish","type":"product","link":"https:\/\/runtzcartsdisposables.com\/it\/product\/pink-dosidos\/","title":{"rendered":"Pink dosidos"},"content":{"rendered":"<h1>Acquista la variet\u00e0 di marijuana Pink Dosidos online in Europa<\/h1>\n<p>Acquista la variet\u00e0 di marijuana Pink Dosidos online in Europa. Con un genitore come Do-Si-Dos che \u00e8 una specie di bambino <a href=\"https:\/\/runtzcartsdisposables.com\/index.php\/product\/girl-scout-cookies\/\">Girl Scout Cookies<\/a> si potrebbe pensare che il profilo terpenico della Pink Do-Si-Dos abbia l'odore di biscotti. A quanto pare, tende ad essere molto pi\u00f9 puzzola di quanto ci si aspetterebbe. Anche il gusto \u00e8 skunk ed \u00e8 accompagnato da un sapore umido e terroso che indugia sul palato dopo aver fumato o vaporizzato la Pink Do-Si-Dos. Big Mex Magic Mushroom Online USA.<\/p>\n<p>La parte \"rosa\" del nome deriva dall'altra sua pianta madre, il Pink Champagne. I boccioli rosa Do-Si-Dos sono una combinazione di fiori verde chiaro e verde salvia intrecciati con pistilli gialli e marrone chiaro. Non sono rosa come alcune persone potrebbero pensare. Acquista funghi magici cubani online.<\/p>\n<h2>Pink Dosidos Marihuana Sorte online in Europa kaufen<\/h2>\n<p>In den positiven Bewertungen der Sorte Pink Do-Si-Dos dr\u00fcckten die Konsumenten ihre Freude dar\u00fcber aus, wie gut sie bei der Bew\u00e4ltigung von \u00c4ngsten, Stress und anderen mentalen Blockaden half. Einige haben mit dieser Sorte meditiert, w\u00e4hrend andere sich schl\u00e4frig oder nachdenklich f\u00fchlten. Unsere Pink Dosido ist eine Abwandlung eines neuen Klassikers. Diese Sorte, die mit Pink Champagne und Dosidos gekreuzt wurde, hat ein umwerfendes Aroma &#8211; sie ist s\u00fc\u00df, mit einem skunkigen Geruch, der den ganzen Raum f\u00fcllt, wenn man ein Glas \u00f6ffnet. Ein sanfter Rauch und ein definitiver Favorit des Korova-Teams. Do-Si-Dos ist eine Kreuzung aus OG Kush Breath &#8211; einem Ph\u00e4notyp von Girl Scout Cookies &#8211; und Faceoff OG von der Archive Seed Bank in Oregon. Die Saatgutbank arbeitet an einer F2-Linie von Do-Si-Dos Ph\u00e4notypen &#8211; Do-Si-Dos #9, #18 und #22; sowie die unver\u00f6ffentlichten #4 und #. 13 &#8211; die angeblich alle hoch wachsen und in einer Bl\u00fctezeit von 70 Tagen durchschnittlich gro\u00dfe Ertr\u00e4ge liefern. Die gesamte F2-Linie zeigt nach Angaben der Saatgutbank bei etwa 5 % der Population hermaphroditische Tendenzen, die vom OGKB-Elternteil vererbt wurden. Von den drei freigegebenen Ph\u00e4notypen wird #9 als der potenteste, dichteste und harzigste beschrieben &#8211; er produziert gro\u00dfe Mengen an trockenem Sift &#8211; sowie ein starkes Keks- und Kush-Aroma und -Geschmack. In der Zwischenzeit zeigt #18 dicke, prominente Harzdr\u00fcsen und ein starkes <a href=\"https:\/\/hhc.supplies\/\" target=\"_blank\" rel=\"noopener\">OG Kush-Aroma<\/a>, w\u00e4hrend #22 ein lila, aromatischer Ph\u00e4notyp mit Traubengeschmack ist, der f\u00fcr die Herstellung von Ice Hash empfohlen wird.<\/p>","protected":false},"excerpt":{"rendered":"<h3 style=\"text-align: center;\">Pink dosidos<\/h3>\n<hr \/>\n<p>Con un genitore come Do-Si-Dos, che era un ceppo figlio di Girl Scout Cookies, penseresti che il profilo terpenico Pink Do-Si-Dos avrebbe l'odore di biscotti<\/p>\n<p>&nbsp;<\/p>","protected":false},"featured_media":677,"comment_status":"open","ping_status":"closed","template":"","meta":{"_monsterinsights_skip_tracking":false,"_monsterinsights_sitenote_active":false,"_monsterinsights_sitenote_note":"","_monsterinsights_sitenote_category":0},"product_cat":[126,245,351],"product_tag":[231,321,224],"_links":{"self":[{"href":"https:\/\/runtzcartsdisposables.com\/it\/wp-json\/wp\/v2\/product\/676"}],"collection":[{"href":"https:\/\/runtzcartsdisposables.com\/it\/wp-json\/wp\/v2\/product"}],"about":[{"href":"https:\/\/runtzcartsdisposables.com\/it\/wp-json\/wp\/v2\/types\/product"}],"replies":[{"embeddable":true,"href":"https:\/\/runtzcartsdisposables.com\/it\/wp-json\/wp\/v2\/comments?post=676"}],"wp:featuredmedia":[{"embeddable":true,"href":"https:\/\/runtzcartsdisposables.com\/it\/wp-json\/wp\/v2\/media\/677"}],"wp:attachment":[{"href":"https:\/\/runtzcartsdisposables.com\/it\/wp-json\/wp\/v2\/media?parent=676"}],"wp:term":[{"taxonomy":"product_cat","embeddable":true,"href":"https:\/\/runtzcartsdisposables.com\/it\/wp-json\/wp\/v2\/product_cat?post=676"},{"taxonomy":"product_tag","embeddable":true,"href":"https:\/\/runtzcartsdisposables.com\/it\/wp-json\/wp\/v2\/product_tag?post=676"}],"curies":[{"name":"wp","href":"https:\/\/api.w.org\/{rel}","templated":true}]}}