{"id":688,"date":"2023-01-14T18:32:28","date_gmt":"2023-01-14T18:32:28","guid":{"rendered":"https:\/\/runtzcartsdisposables.com\/?post_type=product&#038;p=688"},"modified":"2024-11-25T20:11:12","modified_gmt":"2024-11-25T20:11:12","slug":"purple-punch-2","status":"publish","type":"product","link":"https:\/\/runtzcartsdisposables.com\/it\/product\/purple-punch-2\/","title":{"rendered":"Purple Punch"},"content":{"rendered":"<h1>Acquista punch viola online nel Regno Unito<\/h1>\n<p>Acquista Purple Punch online. \u00c8 grazie agli allevatori britannici di Mystery che la Purple Punch \u00e8 entrata nelle nostre vite, poich\u00e9 questa potente cima offre un'esplosione di gusto con un effetto che continuerai a desiderare. Incrociare Granddaddy Purple con Larry OG \u00e8 stata un'idea intelligente poich\u00e9 questa variet\u00e0 a predominanza indica tira fuori il meglio da entrambi i genitori. Gli individui che desiderano uno sballo mentale e fisico altrettanto potente dovrebbero provare questa variet\u00e0. Compra Preparato per torte\/Minntz<\/p>\n<p>Auch wenn sie mit 20% THC nicht sehr stark klingt, enth\u00e4lt Purple Punch auch 1%<a href=\"https:\/\/nembutalprezzo.com\/\" target=\"_blank\" rel=\"noopener\"> CBD<\/a> und trifft Dich wie ein Mack Truck. Die Nuggets sind sehr flauschig und hell mit einem Neon-Ton, begleitet von r\u00f6tlichen Stempeln und bernsteinfarbenen Trichomen. Einige w\u00fcrden die Aromen und Geschmacksrichtungen dieser Knospe als einen Schlag ins Gesicht beschreiben, und das zu Recht, da eine starke Trauben-Kool-Aid-Note vorhanden ist. Dies wird jedoch durch andere k\u00f6stliche Aromen wie Blaubeeren, Vanille und Kr\u00e4uter ausgeglichen.buy Northern light<\/p>\n<p>Lo sballo della Purple Punch inizia con tutta la sua forza, con una potente stimolazione cerebrale che ti colpisce proprio dietro gli occhi. L'umore si solleva con facilit\u00e0 e ti sentirai quasi come un pallone che si alza nel cielo. Mentre sali letteralmente sempre pi\u00f9 in alto, gli effetti fisici entrano in gioco, contribuendo a bilanciare le cose con un pesante stato di sedazione. A seconda della tua tolleranza, questo \u00e8 il momento ideale per rannicchiarsi e andare a dormire, o almeno il momento della sera per guardare il tuo film preferito e rilassarsi.Mintz<\/p>\n<p>Purple Punch ist bekannt f\u00fcr seine F\u00e4higkeit, die Stimmung mit Leichtigkeit zu heben, und so ist es nicht verwunderlich, dass sich medizinische Anwender an sie wenden, wenn sie niedergeschlagen sind. Sowohl Stress als auch Depressionen werden relativ schnell gelindert, und auch k\u00f6rperliche Schmerzen werden mit Leichtigkeit behandelt. Wenn Sie Kopfschmerzen, Kr\u00e4mpfe, Muskelkr\u00e4mpfe oder fast jedes andere Leiden haben, wenden Sie sich an Purple Punch. Nat\u00fcrlich ist diese Knospe auch gro\u00dfartig f\u00fcr Menschen, die regelm\u00e4\u00dfig mit Schlaflosigkeit zu <a href=\"https:\/\/runtzcartsdisposables.com\/it\/product\/purple-haze\/\">k\u00e4mpfen haben<\/a>.<\/p>\n<p>Se ti sei innamorato di questa variet\u00e0, \u00e8 probabile che vorrai portarla a casa e farla tua. Fortunatamente, i semi Purple Punch sono molto facili da ottenere e non vedrai l'ora di ottenere un raccolto molto abbondante in sole 8-10 settimane. Le specifiche di coltivazione sono un po' confuse su questa variet\u00e0, ma sappiamo che pu\u00f2 essere facilmente coltivata sia indoor che outdoor Acquista Pluto Cookies online.<\/p>\n<p>Se vuoi deliziare le tue papille gustative e vivere un'esperienza cannabica davvero indimenticabile, la Purple Punch fa per te. Questo bocciolo \u00e8 disponibile in molte localit\u00e0 in tutto il paese, quindi provalo e guarda tutte le tue preoccupazioni svanire. sogno blu<\/p>","protected":false},"excerpt":{"rendered":"<h3 style=\"text-align: center;\">Purple Punch<\/h3>\n<hr \/>\n<p>Purple Punch \u00e8 la fusione dolce e rilassante di due classici a predominanza indica. Incrociando Larry OG con Granddaddy Purple, l'incredibile...<\/p>\n<p>&nbsp;<\/p>","protected":false},"featured_media":689,"comment_status":"open","ping_status":"closed","template":"","meta":{"_monsterinsights_skip_tracking":false,"_monsterinsights_sitenote_active":false,"_monsterinsights_sitenote_note":"","_monsterinsights_sitenote_category":0},"product_cat":[126,245,351],"product_tag":[],"_links":{"self":[{"href":"https:\/\/runtzcartsdisposables.com\/it\/wp-json\/wp\/v2\/product\/688"}],"collection":[{"href":"https:\/\/runtzcartsdisposables.com\/it\/wp-json\/wp\/v2\/product"}],"about":[{"href":"https:\/\/runtzcartsdisposables.com\/it\/wp-json\/wp\/v2\/types\/product"}],"replies":[{"embeddable":true,"href":"https:\/\/runtzcartsdisposables.com\/it\/wp-json\/wp\/v2\/comments?post=688"}],"wp:featuredmedia":[{"embeddable":true,"href":"https:\/\/runtzcartsdisposables.com\/it\/wp-json\/wp\/v2\/media\/689"}],"wp:attachment":[{"href":"https:\/\/runtzcartsdisposables.com\/it\/wp-json\/wp\/v2\/media?parent=688"}],"wp:term":[{"taxonomy":"product_cat","embeddable":true,"href":"https:\/\/runtzcartsdisposables.com\/it\/wp-json\/wp\/v2\/product_cat?post=688"},{"taxonomy":"product_tag","embeddable":true,"href":"https:\/\/runtzcartsdisposables.com\/it\/wp-json\/wp\/v2\/product_tag?post=688"}],"curies":[{"name":"wp","href":"https:\/\/api.w.org\/{rel}","templated":true}]}}