{"id":706,"date":"2023-01-14T18:48:53","date_gmt":"2023-01-14T18:48:53","guid":{"rendered":"https:\/\/runtzcartsdisposables.com\/?post_type=product&#038;p=706"},"modified":"2024-11-25T20:11:08","modified_gmt":"2024-11-25T20:11:08","slug":"sinmint","status":"publish","type":"product","link":"https:\/\/runtzcartsdisposables.com\/it\/product\/sinmint\/","title":{"rendered":"Sinmint"},"content":{"rendered":"<h1>Acquista la variet\u00e0 di marijuana Sinmint online in Svezia<\/h1>\n<p>Kaufen Sinmint Marihuana Strain Online Schweden, auch bekannt als &#8222;Sin-Mint Cookies,&#8220; ist ein leicht Indica-dominante Hybrid (60% Indica\/40% Sativa) Stamm durch die Kreuzung der k\u00f6stlichen Girl Scout Cookies X Blue Power St\u00e4mme erstellt. Mit Eltern wie diesen, wissen Sie, dass Sin-mint einen erstaunlich s\u00fcchtig machenden Geschmack und eine umwerfende Wirkung haben wird. Sin-mint soll wie ein s\u00fc\u00dfer Minzkeks schmecken, mit einem Hauch von Kush beim Ausatmen, der \u00fcberraschend lecker ist. Das Aroma ist ziemlich genau dasselbe, obwohl es ein bisschen mehr erdig ist als der Geschmack. Sin-mint Knospen haben \u00fcbergro\u00dfe, lange, pfefferf\u00f6rmige, neongr\u00fcne Nugs mit hellen, bernsteinfarbenen Haaren und einer minzigen Schicht aus Kristalltrichomen. Der Sin-mint-Rausch ist genauso s\u00fcchtig machend wie sein Geschmack, mit prickelnder euphorischer Wirkung, die lange anh\u00e4lt.<\/p>\n<p>Sin-Mint Cookies ist Sin City Seeds&#8216; charakteristische Kreuzung zwischen<a href=\"https:\/\/bobdispensary.com\/product\/girl-scout-cookies-strain\/\" target=\"_blank\" rel=\"noopener\"> Girl Scout Cookies<\/a> und Blue Power. Sin-Mint Cookies bietet eine stark euphorische Wirkung, die Ihren Geist gl\u00fcckselig vom Stress des Tages abschweben l\u00e4sst. Ihr Aroma ist eine subtile Mischung aus erdiger S\u00fc\u00dfe mit einer Spur von scharfer Minze.<\/p>\n<h2>Sinm-int Marihuana Strain Online Schweden kaufen<\/h2>","protected":false},"excerpt":{"rendered":"<h4 style=\"text-align: center;\">Sinmint<\/h4>\n<hr \/>\n<p>SinMint \u00e8 un ibrido a predominanza indica creato da Sin City Seeds. Derivata dall'esclusiva Girl Scout Cookies, questa variet\u00e0 ha l'esclusivo sapore di nocciola di Cookies con un tocco di menta in pi\u00f9<\/p>\n<p>&nbsp;<\/p>","protected":false},"featured_media":707,"comment_status":"open","ping_status":"closed","template":"","meta":{"_monsterinsights_skip_tracking":false,"_monsterinsights_sitenote_active":false,"_monsterinsights_sitenote_note":"","_monsterinsights_sitenote_category":0},"product_cat":[126,245,351],"product_tag":[],"_links":{"self":[{"href":"https:\/\/runtzcartsdisposables.com\/it\/wp-json\/wp\/v2\/product\/706"}],"collection":[{"href":"https:\/\/runtzcartsdisposables.com\/it\/wp-json\/wp\/v2\/product"}],"about":[{"href":"https:\/\/runtzcartsdisposables.com\/it\/wp-json\/wp\/v2\/types\/product"}],"replies":[{"embeddable":true,"href":"https:\/\/runtzcartsdisposables.com\/it\/wp-json\/wp\/v2\/comments?post=706"}],"wp:featuredmedia":[{"embeddable":true,"href":"https:\/\/runtzcartsdisposables.com\/it\/wp-json\/wp\/v2\/media\/707"}],"wp:attachment":[{"href":"https:\/\/runtzcartsdisposables.com\/it\/wp-json\/wp\/v2\/media?parent=706"}],"wp:term":[{"taxonomy":"product_cat","embeddable":true,"href":"https:\/\/runtzcartsdisposables.com\/it\/wp-json\/wp\/v2\/product_cat?post=706"},{"taxonomy":"product_tag","embeddable":true,"href":"https:\/\/runtzcartsdisposables.com\/it\/wp-json\/wp\/v2\/product_tag?post=706"}],"curies":[{"name":"wp","href":"https:\/\/api.w.org\/{rel}","templated":true}]}}