{"id":718,"date":"2023-01-14T19:00:03","date_gmt":"2023-01-14T19:00:03","guid":{"rendered":"https:\/\/runtzcartsdisposables.com\/?post_type=product&#038;p=718"},"modified":"2024-11-25T20:11:05","modified_gmt":"2024-11-25T20:11:05","slug":"strawberry-kush","status":"publish","type":"product","link":"https:\/\/runtzcartsdisposables.com\/it\/product\/strawberry-kush\/","title":{"rendered":"Strawberry Kush"},"content":{"rendered":"<h1>Acquista Strawberry Kush online<\/h1>\n<p>Acquista Strawberry Kush Online: Strawberry Kush \u00e8 una variet\u00e0 forte e dolce che \u00e8 una signora ben arrotondata. Con il suo sapore muschiato di fragola, questa variet\u00e0 \u00e8 all'altezza del suo lignaggio. Tipicamente un incrocio tra la dolce Strawberry Cough e la pungente OG Kush, la Strawberry Kush \u00e8 forte ma non travolgente. Una variet\u00e0 potente per.<\/p>\n<p>Principianti, \u00e8 una variet\u00e0 sonnolenta che produce una sensazione di corpo pesante e calmante, anche se gli effetti possono variare a seconda del dosaggio e degli utilizzatori. Per i coltivatori, Strawberry Kush \u00e8 disponibile solo come clone e in genere fiorisce tra le 8 e le 9 settimane.<\/p>\n<h2>Acquista Strawberry Kush online<\/h2>\n<p>Strawberry Kush online kaufen. ist s\u00fc\u00df, stark und wahrhaft abgerundet. Diese Sorte rechtfertigt sicherlich ihre Abstammung und enth\u00e4lt einen moschusartigen k\u00fcnstlichen Erdbeergeschmack mit einem THC-Gehalt von 16 &#8211; 18% Prozent. Sie ist im Wesentlichen als eine Kreuzung zwischen der bitteren <a href=\"https:\/\/runtzcartsdisposables.com\/it\/product\/purple-og-kush\/\">OG Kush<\/a> und der zuckerhaltigen Strawberry Cough zu finden und ist meist stark, aber nicht \u00fcberw\u00e4ltigend. Je nach Apotheke variiert die Abstammung dieser Sorte. Manche Apotheken bieten eher Sativa-dominierte oder hybride Versionen an, die zu einer gegenteiligen, stimulierenden Wirkung f\u00fchren. Diese Sorte bl\u00fcht in der Regel in acht bis neun Wochen und ist nur durch Klonen zu erhalten. Strawberry Kush enth\u00e4lt Sativa-Genetik und wird eher wie eine Sativa als wie eine Indica geraucht. Wenn man dieses Weed anz\u00fcndet, erkennt man sofort Zitrusfr\u00fcchte, Kiefer und nat\u00fcrlich Erdbeeren. Die fruchtige Kombination sorgt f\u00fcr einen sauberen Geschmack und der Rausch dieses Weeds stimuliert eine Person geistig, macht sie wach und bereit f\u00fcr Action. buy weed online Europe Strawberry Kush ist ein guter Rauch f\u00fcr den Tagesgebrauch, da sie nicht schl\u00e4frig macht. Aus medizinischer Sicht hilft sie Patienten bei Stress und Appetitlosigkeit.<\/p>\n<h3>Informazioni sulla variet\u00e0<\/h3>\n<p>Geneticamente classificata come Sativa (80% Sativa e 20% Indica). Si dice che questa variet\u00e0 sia un incrocio tra la Strawberry Fields e una misteriosa variet\u00e0 Haze della vecchia scuola. Anche se ci sono molte speculazioni su come sia nata questa potente sativa.<\/p>\n<h3>Aroma, gusto e aspetto<\/h3>\n<p>Wie der Name schon sagt, ist das Gesamtaroma von Strawberry Kush \u00fcberwiegend gut. Strawberry; erinnert an frische Sommerbeeren, die auf einem Feld auf dem Land wachsen. Einige Untert\u00f6ne auch Spitze durch das <a href=\"https:\/\/nembutalprezzo.com\/\" target=\"_blank\" rel=\"noopener\">Duftprofil<\/a>, mit einem Hauch von Erde und Skunk, weshalb diese Marihuana-Sorte neigt sein k\u00f6nnte. Husten zu verursachen, nachdem sie inhaliert wurde. Der Duft verzehrt sofort jeden Raum, in dem er sich befindet, und verweilt f\u00fcr eine lange Zeit. Sogar nachdem die Knospen selbst fest weggeschlossen wurden.<br \/>\nIl gusto della Strawberry Banana Kush \u00e8 simile all'aroma, a parte alcune sottili differenze. Il sapore generale \u00e8 ovviamente ricco di fragole fruttate, ma c'\u00e8 anche un sentore di terra da gustare, simile a una bacca colta direttamente dalla terra.<\/p>\n<h5>Effetti<\/h5>\n<p>La Strawberry Kush \u00e8 una variet\u00e0 sativa alquanto complessa, in quanto mostra la stessa energia e portanza di altre variet\u00e0 della stessa categoria, pur essendo molto morbida e rilassante allo stesso tempo.<\/p>\n<p>&nbsp;<\/p>\n<p>&nbsp;<\/p>\n<p>&nbsp;<\/p>","protected":false},"excerpt":{"rendered":"<p>La Strawberry Kush \u00e8 una variet\u00e0 sativa alquanto complessa, che mostra la stessa energia e portanza di altre variet\u00e0 della stessa categoria, pur essendo molto morbida e rilassante allo stesso tempo.<\/p>\n<p>&nbsp;<\/p>","protected":false},"featured_media":719,"comment_status":"open","ping_status":"closed","template":"","meta":{"_monsterinsights_skip_tracking":false,"_monsterinsights_sitenote_active":false,"_monsterinsights_sitenote_note":"","_monsterinsights_sitenote_category":0},"product_cat":[126,245],"product_tag":[],"_links":{"self":[{"href":"https:\/\/runtzcartsdisposables.com\/it\/wp-json\/wp\/v2\/product\/718"}],"collection":[{"href":"https:\/\/runtzcartsdisposables.com\/it\/wp-json\/wp\/v2\/product"}],"about":[{"href":"https:\/\/runtzcartsdisposables.com\/it\/wp-json\/wp\/v2\/types\/product"}],"replies":[{"embeddable":true,"href":"https:\/\/runtzcartsdisposables.com\/it\/wp-json\/wp\/v2\/comments?post=718"}],"wp:featuredmedia":[{"embeddable":true,"href":"https:\/\/runtzcartsdisposables.com\/it\/wp-json\/wp\/v2\/media\/719"}],"wp:attachment":[{"href":"https:\/\/runtzcartsdisposables.com\/it\/wp-json\/wp\/v2\/media?parent=718"}],"wp:term":[{"taxonomy":"product_cat","embeddable":true,"href":"https:\/\/runtzcartsdisposables.com\/it\/wp-json\/wp\/v2\/product_cat?post=718"},{"taxonomy":"product_tag","embeddable":true,"href":"https:\/\/runtzcartsdisposables.com\/it\/wp-json\/wp\/v2\/product_tag?post=718"}],"curies":[{"name":"wp","href":"https:\/\/api.w.org\/{rel}","templated":true}]}}