{"id":736,"date":"2023-01-14T19:17:05","date_gmt":"2023-01-14T19:17:05","guid":{"rendered":"https:\/\/runtzcartsdisposables.com\/?post_type=product&#038;p=736"},"modified":"2024-11-25T20:11:00","modified_gmt":"2024-11-25T20:11:00","slug":"white-cherry-gelato-2","status":"publish","type":"product","link":"https:\/\/runtzcartsdisposables.com\/it\/product\/white-cherry-gelato-2\/","title":{"rendered":"white cherry gelato"},"content":{"rendered":"<h1>Acquista il gelato alla ciliegia bianca in Australia<\/h1>\n<p>Acquista gelato alla ciliegia bianca in Australia. che ha guadagnato popolarit\u00e0 negli ultimi anni. Con il loro profumo e sapore di burro di arachidi. La maggior parte dei fumatori ha ammirato e consigliato la variet\u00e0 White Cherry Gelato. Con un tale gusto, non sarai mai soddisfatto del tuo dosaggio. La White Cherry Gelato \u00e8 anche un'altra grande variet\u00e0 della famiglia Cherry. Non \u00e8 esagerato affermare che \u00e8 una delle migliori variet\u00e0 ibride\/esotiche. Come suggerisce il nome, questa variet\u00e0 ha un sapore dolce, simile a un sorbetto, che ricorda sempre il bianco e i mirtilli. Ha anche un sapore legnoso. Acquista Gelato alla Ciliegia Bianca online. Acquista funghi magici cubani online.<\/p>\n<p>Questa variet\u00e0 discende dal lignaggio di Sunset Sorbet, Thin Mint Girl Scout Cookies e Lemon Haze. Pertanto, il loro gusto e odore sono cos\u00ec vari e deliziosi. Che variet\u00e0 meravigliosa con cos\u00ec tante belle propriet\u00e0. Acquista Pluto Cookies<\/p>\n<h2>White Cherry Gelato in Australien kaufen<\/h2>\n<p>Kaufen Sie wei\u00dfe Kirsche Gelato in Australien. Wenn sie unter g\u00fcnstigen Bedingungen kultiviert wird, wird eine Charge White Cherry-Gelato Nuggets mit tiefem Gr\u00fcn produzieren. An den Spitzen werden sie zum Stiel hin heller und weisen eine leichte Trichomisierung auf. White Cherry-Gelato hat einen THC-Gehalt von etwa 23-25%. Mit diesem hohen THC-Gehalt ist diese Sorte daf\u00fcr bekannt, dass sie zur L\u00f6sung vieler gesundheitlicher Probleme eingesetzt wird. Zu diesen gesundheitlichen Problemen, die durch das Rauchen von Lemon Cherry Gelato gel\u00f6st werden, geh\u00f6ren Kopfschmerzen, K\u00f6rperschmerzen und M\u00fcdigkeit. Kaufen White Runtz in Seattle Es hilft auch, in Entspannung, Ruhe und Frieden zu fr\u00f6nen, wenn Sie es versuchen. kaufen Chapo Cookies<\/p>\n<p>Name der Sorte: White Cherry-Gelato.<\/p>\n<p>Geschm\u00e4cker: Zitrone, Zitrusfr\u00fcchte, S\u00fc\u00df.<\/p>\n<p>Wirkungen: Gl\u00fccklich, Aufgeputscht, Euphorisch, Energetisch, Entspannend. MoneyBagg Runtz in Dammam <a href=\"http:\/\/ketaminkaufenn.com\" target=\"_blank\" rel=\"noopener\">kaufen<\/a><\/p>\n<p>Medizinische Anwendungen Stress, Depression, Schmerz, M\u00fcdigkeit, Kopfschmerzen. Big Mex Magic Mushroom Online USA.<\/p>\n<p>Kaufen Sie White Cherry-Gelato, Nachdem Sie all dies \u00fcber diese wunderbare Sorte gelesen haben, warum wollen Sie sie nicht ausprobieren? Ja, nat\u00fcrlich, werfen Sie einen Blick auf die Nugs und holen Sie sich. <a href=\"https:\/\/runtzcartsdisposables.com\/it\/\">Wo kann man in Europa Gras online kaufen<\/a>?<\/p>\n<p>&nbsp;<\/p>\n<p>&nbsp;<\/p>\n<p>&nbsp;<\/p>","protected":false},"excerpt":{"rendered":"<h3 style=\"text-align: center;\">White cherry gelato<\/h3>\n<hr \/>\n<p>Se coltivata in condizioni favorevoli, un lotto di White Cherry Gelato produrr\u00e0 cime verde intenso. Alle loro punte che si schiariscono verso lo stelo e una leggera impollinazione di tricomi. La White Cherry Gelato ha un livello di THC di circa il 23-25%. Con livelli di THC cos\u00ec alti, questa variet\u00e0 \u00e8 nota per essere utilizzata per risolvere molti problemi di salute<\/p>\n<p>&nbsp;<\/p>","protected":false},"featured_media":737,"comment_status":"open","ping_status":"closed","template":"","meta":{"_monsterinsights_skip_tracking":false,"_monsterinsights_sitenote_active":false,"_monsterinsights_sitenote_note":"","_monsterinsights_sitenote_category":0},"product_cat":[126,245,351],"product_tag":[],"_links":{"self":[{"href":"https:\/\/runtzcartsdisposables.com\/it\/wp-json\/wp\/v2\/product\/736"}],"collection":[{"href":"https:\/\/runtzcartsdisposables.com\/it\/wp-json\/wp\/v2\/product"}],"about":[{"href":"https:\/\/runtzcartsdisposables.com\/it\/wp-json\/wp\/v2\/types\/product"}],"replies":[{"embeddable":true,"href":"https:\/\/runtzcartsdisposables.com\/it\/wp-json\/wp\/v2\/comments?post=736"}],"wp:featuredmedia":[{"embeddable":true,"href":"https:\/\/runtzcartsdisposables.com\/it\/wp-json\/wp\/v2\/media\/737"}],"wp:attachment":[{"href":"https:\/\/runtzcartsdisposables.com\/it\/wp-json\/wp\/v2\/media?parent=736"}],"wp:term":[{"taxonomy":"product_cat","embeddable":true,"href":"https:\/\/runtzcartsdisposables.com\/it\/wp-json\/wp\/v2\/product_cat?post=736"},{"taxonomy":"product_tag","embeddable":true,"href":"https:\/\/runtzcartsdisposables.com\/it\/wp-json\/wp\/v2\/product_tag?post=736"}],"curies":[{"name":"wp","href":"https:\/\/api.w.org\/{rel}","templated":true}]}}