{"id":742,"date":"2023-01-14T19:21:08","date_gmt":"2023-01-14T19:21:08","guid":{"rendered":"https:\/\/runtzcartsdisposables.com\/?post_type=product&#038;p=742"},"modified":"2024-11-25T20:10:59","modified_gmt":"2024-11-25T20:10:59","slug":"white-widow","status":"publish","type":"product","link":"https:\/\/runtzcartsdisposables.com\/it\/product\/white-widow\/","title":{"rendered":"White widow"},"content":{"rendered":"<h1>Compra online la vedova bianca<\/h1>\n<p>Compra Vedova Bianca online. Una delle variet\u00e0 pi\u00f9 famose al mondo \u00e8 la White Widow, un ibrido bilanciato creato per la prima volta nei Paesi Bassi dalla Green House Seeds. Incrocio tra una variet\u00e0 autoctona sativa brasiliana e una resinosa indica dell'India meridionale, la White Widow ha abbellito i menu di tutti i coffeeshop olandesi sin dalla sua nascita negli anni '90. Le sue cime sono bianche di resina cristallina, avvertendoti del potente effetto che ti aspetta. Una potente esplosione di euforia<\/p>\n<p>e l'energia irrompe immediatamente, stimolando sia la conversazione che la creativit\u00e0. La genetica White Widow ha generato molte altre leggende come White Russian, White Rhino e Blue Widow. Tuttavia, molti coltivatori preferiscono coltivare l'originale White Widow, che fiorisce in circa 60 giorni indoor. comprare erba online in Europa<\/p>\n<h2>White Widow online acquista<\/h2>\n<p>La variet\u00e0 White Widow ha effetti benefici. In primo luogo, crea euforia.<br \/>\nIl componente chimico THC nella marijuana innesca il rilascio dell'ormone del benessere dopamina nel sistema di ricompensa del cervello, facendo sentire le persone bene e incontrollabilmente felici.<br \/>\nZweitens sorgt die Sorte f\u00fcr Entspannung. Sie erreicht dies, indem sie die Rezeptoren im K\u00f6rper, die <a href=\"https:\/\/runtzcartsdisposables.com\/it\/product\/biscotti\/\">Stress<\/a>, geistige und k\u00f6rperliche Erm\u00fcdung verarbeiten, hohen THC- und Cannabinoidkonzentrationen aussetzt, wodurch sich die Stimmung \u00e4ndert, der Geist frei wird und Spannungen im K\u00f6rper abgebaut werden. Drittens bietet die Sorte ein Mittel zur Energiegewinnung. Die Hybridsorte enth\u00e4lt einen hohen Anteil an Sativa, der die Energie des Nutzers wieder auff\u00fcllt und es ihm erm\u00f6glicht, an verschiedenen Aktivit\u00e4ten zu arbeiten, ohne sich ersch\u00f6pft zu f\u00fchlen. Viertens: White Window ist die perfekte Sorte, um gl\u00fccklich zu werden. Wenn ein Benutzer es verwendet, wird man gl\u00fccklich, giggly, und geschickt in sozialen Aktivit\u00e4ten mit Leichtigkeit. Au\u00dferdem erhebt sie den Nutzer, indem sie Traurigkeit, Wut und Stress abbaut und sie durch positive Gef\u00fchle ersetzt, die den Nutzer gl\u00fccklich machen.<br \/>\nLa White Widow ha anche effetti indesiderati. In primo luogo, porta alla secchezza delle fauci. Con il consumo continuato della variet\u00e0, il THC si lega ai recettori che producono saliva nella bocca e li spegne.<br \/>\nDi conseguenza, impediscono alle ghiandole salivari di produrre saliva, portando alla secchezza delle fauci. In secondo luogo, porta alla paranoia poich\u00e9 lo sforzo altera i sensi dell'utente, permettendogli di sentire e vedere cose che non esistono ma sono un prodotto della loro immaginazione. In terzo luogo, gli utenti sviluppano ansia.<br \/>\nL'assunzione di una dose elevata di White Widow induce i consumatori a sviluppare tendenze spaventose e pensieri negativi che li spaventano. In quarto luogo, il consumo di questo ceppo pu\u00f2 causare secchezza oculare poich\u00e9 il tessuto del film lacrimale viene inattivato, con conseguente secchezza oculare.<br \/>\nInoltre, lo sforzo provoca vertigini. Quando un utente consuma una dose elevata di questo ceppo, la pressione sanguigna diminuisce e il flusso sanguigno al cervello diminuisce, causando vertigini.<br \/>\nZusammenfassend l\u00e4sst sich sagen, dass die White Widow<a href=\"http:\/\/ketaminkaufenn.com\" target=\"_blank\" rel=\"noopener\"> Sorte<\/a> von Marihuana eine gro\u00dfartige Sorte ist, deren hohe Potenz sowohl medizinische als auch positive Vorteile mit sich bringt. Allerdings ruft sie auch Nebenwirkungen hervor.<\/p>","protected":false},"excerpt":{"rendered":"<h3 style=\"text-align: center;\">White widow<\/h3>\n<hr \/>\n<p>La variet\u00e0 di marijuana White Widow \u00e8 una grande variet\u00e0 la cui elevata potenza apporta benefici sia medicinali che positivi. Tuttavia, provoca anche effetti collaterali.<\/p>\n<p>&nbsp;<\/p>","protected":false},"featured_media":743,"comment_status":"open","ping_status":"closed","template":"","meta":{"_monsterinsights_skip_tracking":false,"_monsterinsights_sitenote_active":false,"_monsterinsights_sitenote_note":"","_monsterinsights_sitenote_category":0},"product_cat":[126,245],"product_tag":[],"_links":{"self":[{"href":"https:\/\/runtzcartsdisposables.com\/it\/wp-json\/wp\/v2\/product\/742"}],"collection":[{"href":"https:\/\/runtzcartsdisposables.com\/it\/wp-json\/wp\/v2\/product"}],"about":[{"href":"https:\/\/runtzcartsdisposables.com\/it\/wp-json\/wp\/v2\/types\/product"}],"replies":[{"embeddable":true,"href":"https:\/\/runtzcartsdisposables.com\/it\/wp-json\/wp\/v2\/comments?post=742"}],"wp:featuredmedia":[{"embeddable":true,"href":"https:\/\/runtzcartsdisposables.com\/it\/wp-json\/wp\/v2\/media\/743"}],"wp:attachment":[{"href":"https:\/\/runtzcartsdisposables.com\/it\/wp-json\/wp\/v2\/media?parent=742"}],"wp:term":[{"taxonomy":"product_cat","embeddable":true,"href":"https:\/\/runtzcartsdisposables.com\/it\/wp-json\/wp\/v2\/product_cat?post=742"},{"taxonomy":"product_tag","embeddable":true,"href":"https:\/\/runtzcartsdisposables.com\/it\/wp-json\/wp\/v2\/product_tag?post=742"}],"curies":[{"name":"wp","href":"https:\/\/api.w.org\/{rel}","templated":true}]}}