{"id":779,"date":"2023-01-16T07:52:32","date_gmt":"2023-01-16T07:52:32","guid":{"rendered":"https:\/\/runtzcartsdisposables.com\/?post_type=product&#038;p=779"},"modified":"2024-11-25T20:10:52","modified_gmt":"2024-11-25T20:10:52","slug":"weisse-wookies-dschungeljungen-in-alaska-kaufen","status":"publish","type":"product","link":"https:\/\/runtzcartsdisposables.com\/it\/product\/weisse-wookies-dschungeljungen-in-alaska-kaufen\/","title":{"rendered":"Wei\u00dfe Wookies Dschungeljungen in Alaska kaufen"},"content":{"rendered":"<p>Wei\u00dfe Wookies Dschungeljungen in Alaska kaufen &#8211; Bestellen Sie noch heute Ihre eigenen wei\u00dfen Wookies Dschungeljungen und lassen Sie sich von ihrer Sch\u00f6nheit verzaubern. Mit ihrer unverwechselbaren Erscheinung und ihrer einfachen Pflege sind sie die perfekte Wahl f\u00fcr alle Pflanzenliebhaber. <a href=\"https:\/\/runtzcartsdisposables.com\/it\/product\/buy-jungle-cake-jungleboys-in-michigan\/\">G\u00f6nnen<\/a> Sie sich ein St\u00fcck Natur und holen Sie sich die wei\u00dfen Wookies Dschungeljungen nach <a href=\"https:\/\/kokaindrogekaufen.com\/\" target=\"_blank\" rel=\"noopener\">Hause<\/a>.<\/p>","protected":false},"excerpt":{"rendered":"<h2 style=\"text-align: center;\">Wei\u00dfe Wookies Dschungeljungen in Alaska kaufen<\/h2>\n<hr \/>\n<p>Entdecken Sie die einzigartige Welt der wei\u00dfen Wookies Dschungeljungen, die speziell in Alaska gez\u00fcchtet werden. Diese exotischen Pflanzen sind nicht nur eine Augenweide, sondern auch \u00e4u\u00dferst pflegeleicht und robust. Perfekt f\u00fcr alle, die nach einem Hauch von Wildnis in ihrem Zuhause suchen.<\/p>","protected":false},"featured_media":780,"comment_status":"open","ping_status":"closed","template":"","meta":{"_monsterinsights_skip_tracking":false,"_monsterinsights_sitenote_active":false,"_monsterinsights_sitenote_note":"","_monsterinsights_sitenote_category":0},"product_cat":[126,352],"product_tag":[],"_links":{"self":[{"href":"https:\/\/runtzcartsdisposables.com\/it\/wp-json\/wp\/v2\/product\/779"}],"collection":[{"href":"https:\/\/runtzcartsdisposables.com\/it\/wp-json\/wp\/v2\/product"}],"about":[{"href":"https:\/\/runtzcartsdisposables.com\/it\/wp-json\/wp\/v2\/types\/product"}],"replies":[{"embeddable":true,"href":"https:\/\/runtzcartsdisposables.com\/it\/wp-json\/wp\/v2\/comments?post=779"}],"wp:featuredmedia":[{"embeddable":true,"href":"https:\/\/runtzcartsdisposables.com\/it\/wp-json\/wp\/v2\/media\/780"}],"wp:attachment":[{"href":"https:\/\/runtzcartsdisposables.com\/it\/wp-json\/wp\/v2\/media?parent=779"}],"wp:term":[{"taxonomy":"product_cat","embeddable":true,"href":"https:\/\/runtzcartsdisposables.com\/it\/wp-json\/wp\/v2\/product_cat?post=779"},{"taxonomy":"product_tag","embeddable":true,"href":"https:\/\/runtzcartsdisposables.com\/it\/wp-json\/wp\/v2\/product_tag?post=779"}],"curies":[{"name":"wp","href":"https:\/\/api.w.org\/{rel}","templated":true}]}}