{"id":794,"date":"2023-01-16T08:15:02","date_gmt":"2023-01-16T08:15:02","guid":{"rendered":"https:\/\/runtzcartsdisposables.com\/?post_type=product&#038;p=794"},"modified":"2024-11-25T20:10:45","modified_gmt":"2024-11-25T20:10:45","slug":"kurupt-moon-rock","status":"publish","type":"product","link":"https:\/\/runtzcartsdisposables.com\/it\/product\/kurupt-moon-rock\/","title":{"rendered":"Kurupt Moon Rock"},"content":{"rendered":"<h1 style=\"text-align: center;\"><span style=\"color: #ff6600;\">Kurupt Moon Rock online kaufen Europa<\/span><\/h1>\n<p>Kurupt Moon Rock online kaufen Europa, eine Art Marihuana, stammt nicht von einer bestimmten Cannabissorte, sondern ist eine Kombination aus einer potenten Cannabissorte, die als Girl Scout Cookies bekannt ist, die in Haschisch\u00f6l getaucht und mit Kief (Harze von Cannabispflanzen) bestreut werden. Dies f\u00fchrt zu einem dramatischen Anstieg des Wirkstoffs in Cannabis, Delta-9-Tetrahydrocannabinol (THC). Moonrocks online kaufen Europa. Gruntz in Connecticut kaufen<\/p>\n<p>Secondo la Substance Abuse and Mental Health Services Administration (SAMHSA), anche il termine moonrocks pu\u00f2. Si riferisce a una gamma di cannabinoidi sintetici. Sostanze chimiche prodotte in laboratorio che vengono spruzzate su materiale vegetale e destinate al fumo. Come alternative legali ai prodotti a base di marijuana. ACQUISTA I PACCHETTI JUNGLEBOYS ONLINE alle Hawaii<\/p>\n<p>Acquista pietre lunari online in Germania. Acquista Cannabis Wax Online Vendi marijuana in Inghilterra compra erba a Berlino. comprare pietre lunari Acquista OG Kush online. Acquista i biscotti Pluto online<\/p>\n<h2>Kurupt Moon Rock online kaufen Europa<\/h2>\n<p>Entrambe le sostanze sono potenzialmente pericolose. L'inalazione di Moon Rocks produce un sapore di kief estremamente piacevole e ricco di terpeni che ti far\u00e0 dire: \"Woooo, \u00e8 delizioso.\" Le nuvole di fumo prodotte sono super grandi e piene, rendendo ogni boccata quasi un'esperienza a s\u00e9 stante. Compra la torta di ciliegie<\/p>\n<p>E l'intossicazione? Oh amico, oh amico, non farmi nemmeno iniziare in alto. Lo sballo di Moon Rocks inizia nella testa e alla fine si diffonde in tutto il corpo fino alle dita dei piedi. Lo sballo di Moon Rocks \u00e8 uno di quegli alti lenti che senti all'inizio, ma 30 minuti dopo ti rendi conto di aver raggiunto la vetta di una montagna che potresti non essere pronto a scalare. Ho fumato il mio grammo di Moon Rocks intorno alle 17:00 e quando mi sono svegliato alle 7:00 del mattino successivo ero ancora su Marte in attesa del treno per tornare sulla Terra. Acquista pietre lunari online in Germania. Acquista Cannabis Wax Online Marijuana in vendita in Inghilterra.<\/p>\n<h3>Sebbene i Moon Rocks siano generalmente realizzati con fiori GSC e\/o concentrato GSC, puoi creare i tuoi Moon Rocks come preferisci. Tutto ci\u00f2 di cui hai bisogno \u00e8 quanto segue:<\/h3>\n<p>Deine Lieblingssorte\/<a href=\"https:\/\/runtzcartsdisposables.com\/it\/product\/hawaiian-skunk\/\">Blume<\/a><br \/>\nIl tuo concentrato\/olio di hashish preferito<br \/>\nUna grande ciotola di kief dal fondo del macinino<br \/>\nUn paio di pinze (o qualsiasi dispositivo di presa\/trazione). Acquista Moonrocks online in Europa<br \/>\nUn contagocce liquido<br \/>\nSchritt 1: Nehmen Sie ein oder zwei Knospen Ihrer bevorzugten Knospe\/Blume. Ich schlage vor, eine der dichteren Knospen zu verwenden, da sie den endg\u00fcltigen Cannabis-Cocktail besser zusammenhalten wird. Schritt 2: Nimm dein Lieblingskonzentrat<a href=\"https:\/\/lsdkaufen.store\/\" target=\"_blank\" rel=\"noopener\">.<\/a> Wenn es sehr dickfl\u00fcssig und schwer zu handhaben ist, erhitze es, bis es ein wenig fl\u00fcssig ist, und verwende dann einen Tropfer, mit dem Du Deine Knospe vollst\u00e4ndig bedecken kannst, ohne sie in das Konzentrat tauchen zu m\u00fcssen. (Die \u00dcbers\u00e4ttigung Ihrer Knospe k\u00f6nnte zu l\u00e4ngeren Trocknungszeiten und Schwierigkeiten beim Anz\u00fcnden f\u00fchren). Moonrocks online kaufen Europa Schritt 3: Nimm die Knospe mit der Zange und w\u00e4lze sie in Kief, bis der gesamte Nug mit kristalliner G\u00fcte bedeckt ist.<\/p>","protected":false},"excerpt":{"rendered":"<h2 style=\"text-align: center;\">Kurupt Moon Rock<\/h2>\n<hr \/>\n<p>&nbsp;<\/p>\n<p>Acquista moonrocks online, Dr. Lo stelo Zodiak moonrock della farmacia \u00e8 il bocciolo pi\u00f9 forte che tu abbia mai trovato nella tua galassia, acquista Zodiak moonrock chiaro. \u2026.dove acquistare moonrocks online irlanda.dove acquistare moonrocks online germania.<\/p>\n<p>&nbsp;<\/p>","protected":false},"featured_media":795,"comment_status":"open","ping_status":"closed","template":"","meta":{"_monsterinsights_skip_tracking":false,"_monsterinsights_sitenote_active":false,"_monsterinsights_sitenote_note":"","_monsterinsights_sitenote_category":0},"product_cat":[363],"product_tag":[],"_links":{"self":[{"href":"https:\/\/runtzcartsdisposables.com\/it\/wp-json\/wp\/v2\/product\/794"}],"collection":[{"href":"https:\/\/runtzcartsdisposables.com\/it\/wp-json\/wp\/v2\/product"}],"about":[{"href":"https:\/\/runtzcartsdisposables.com\/it\/wp-json\/wp\/v2\/types\/product"}],"replies":[{"embeddable":true,"href":"https:\/\/runtzcartsdisposables.com\/it\/wp-json\/wp\/v2\/comments?post=794"}],"wp:featuredmedia":[{"embeddable":true,"href":"https:\/\/runtzcartsdisposables.com\/it\/wp-json\/wp\/v2\/media\/795"}],"wp:attachment":[{"href":"https:\/\/runtzcartsdisposables.com\/it\/wp-json\/wp\/v2\/media?parent=794"}],"wp:term":[{"taxonomy":"product_cat","embeddable":true,"href":"https:\/\/runtzcartsdisposables.com\/it\/wp-json\/wp\/v2\/product_cat?post=794"},{"taxonomy":"product_tag","embeddable":true,"href":"https:\/\/runtzcartsdisposables.com\/it\/wp-json\/wp\/v2\/product_tag?post=794"}],"curies":[{"name":"wp","href":"https:\/\/api.w.org\/{rel}","templated":true}]}}