{"id":796,"date":"2023-01-16T10:19:49","date_gmt":"2023-01-16T10:19:49","guid":{"rendered":"https:\/\/runtzcartsdisposables.com\/?post_type=product&#038;p=796"},"modified":"2024-11-25T20:10:44","modified_gmt":"2024-11-25T20:10:44","slug":"moonrocks","status":"publish","type":"product","link":"https:\/\/runtzcartsdisposables.com\/it\/product\/moonrocks\/","title":{"rendered":"Rocce lunari"},"content":{"rendered":"<h1>Compra Moonrock in Italia<\/h1>\n<p>Moonrocks in Australien kaufen Warst du jemals so high, dass du deine Augenbrauen nicht mehr sp\u00fcren konntest, selbst wenn du sie ber\u00fchrst? Wenn nicht, versuchen Sie Moon Rocks zu rauchen und ich garantiere Ihnen, dass Sie es schaffen werden. Ich habe sie vor kurzem zum ersten Mal geraucht, und zwei Monate sp\u00e4ter bin ich immer noch nicht in der Lage, meine Gesichtsz\u00fcge zu erkennen. (Es lohnt sich \u00fcbrigens.)<\/p>\n<p>Attraverso questo processo, il prodotto raggiunge un contenuto di THC del 51,2%. A piccole dosi allevia il dolore, stimola l'appetito e riduce la nausea.<\/p>\n<h2>Compra Moonrock in Italia<\/h2>\n<p>Per il miglior sapore e fumo, le ragazze di Kush N Wax consigliano di usare una ciotola o una pipa per l'hashish e di non macinare le cime con un macinino, poich\u00e9 nel processo perderai la maggior parte del kif.<br \/>\nMoonrocks Der Preis f\u00fcr ein Gramm Marihuana mag hoch erscheinen, aber die Qualit\u00e4t des Produkts spricht f\u00fcr sich. Snoop Dogg selbst ist zu sehen, wie er seine Expertenmeinung \u00fcber das Cannabis seines Dog Pound-Mitglieds abgibt.<\/p>\n<p>Tag | Mondschein online kaufen, Mondschein online kaufen, Mondschein kaufen, wo man Mondschein online kaufen kann, wie man Mondschein online kaufen kann. Weed online kaufen(Moonrocks)<\/p>\n<p>Cosa sono le rocce lunari?<br \/>\nLe Moon Rock non sono in realt\u00e0 un tipo di variet\u00e0 di marijuana, ma piuttosto un modo di consumare la cannabis. In genere, sono pepite della variet\u00e0 di marijuana Girl Scout Cookies, immerse nell'olio di hashish e poi cosparse di kef. Vendo pietre lunari<\/p>\n<p>Se hai mai immerso i coni gelato nel cioccolato e li hai ricoperti di granelli, allora sai esattamente cos'\u00e8 Moon Rocks. Quando combini il consumo di rocce lunari con coni gelato, \u00e8 sicuramente delizioso.<\/p>\n<p>Fai una passeggiata sulla luna<br \/>\nAlcune celebrit\u00e0 hanno marchiato le proprie erbe lunari, che secondo loro sono i prodotti di canapa pi\u00f9 potenti sul mercato. Krupp, il rapper americano ed ex vicepresidente della Death Row Records, ha \"Kurrupts Mooncrock\", che ha un contenuto di THC del 51,2%. A piccole dosi, un prodotto a base di cannabis cos\u00ec super Frankenstein pu\u00f2 essere efficace per alleviare il dolore<br \/>\n. Grandi quantit\u00e0 possono essere semplicemente inviate sulla luna. Vendo rocce lunari<\/p>\n<p>Betreten Sie das Raumschiff hier. <a href=\"https:\/\/runtzcartsdisposables.com\/it\/product\/kurupt-moon-rock\/\">Moonrock<\/a>-Eis kaufen<\/p>\n<p>Per un consumo ottimale di Moon Rocks, usa una ciotola di hashish o una pipa e fai attenzione a non macinare le cime in un macinino o perderai il kief.<br \/>\nTieni presente che l'erba media contiene tra il 17% e il 30% di THC. Moon Rocks ha quasi il doppio della quantit\u00e0 di THC. Vendo pietre lunari<br \/>\nWenn Sie Moonrocks nicht ohne Weiteres in einer Apotheke finden, k\u00f6nnen Sie Ihren Lieblingsfreund fragen, wie Sie es selbst herstellen k\u00f6nnen. Du solltest ihn fragen, wie viele Dinge du kaufen solltest und welche Art von Sorte, Haschisch\u00f6l und Kif du brauchst, um dein Raumschiff auf dem Mond zu bauen. Ich w\u00fcrde sie auch fragen, ob dies die Art von Cannabis-Erfahrung ist, die man in der Sicherheit und Bequemlichkeit des eigenen Zuhauses machen sollte, oder ob sie anst\u00e4ndig genug w\u00e4ren, in die \u00d6ffentlichkeit zu gehen. ich sage nur. Moon Rocks zum Verkauf kaufen Blueberry<\/p>\n<p>Die Urspr\u00fcnge von Moonrocks sind etwas unklar, aber es gibt Ger\u00fcchte, dass die Apotheke Starbudz760 sie zuerst zusammengebraut hat, wobei der legend\u00e4re West Coast Rapper Kurupt das Produkt popul\u00e4r machte und seine eigene Version namens Kurupt Moonrock markenrechtlich sch\u00fctzen lie\u00df. buyPluto Cookies<\/p>\n<p>Moonrocks sind ein THC-Megazord &#8211; sie bestehen im Wesentlichen aus Cannabisknospen (historisch gesehen GSC<a href=\"https:\/\/hhcvapekaufen.com\/\" target=\"_blank\" rel=\"noopener\">,<\/a> aber jede Sorte reicht aus), die in Haschisch\u00f6l getaucht oder damit bespr\u00fcht und dann gerollt werden.<\/p>","protected":false},"excerpt":{"rendered":"<h2 style=\"text-align: center;\">Rocce lunari<\/h2>\n<hr \/>\n<p style=\"text-align: left;\">\nAbbiamo in vendita Moon Rocks al 100% di THC. Garantiamo un ordine postale al 100% ed emettiamo numeri di tracciamento e fattura dopo ogni...<\/p>\n<p>&nbsp;<\/p>","protected":false},"featured_media":797,"comment_status":"open","ping_status":"closed","template":"","meta":{"_monsterinsights_skip_tracking":false,"_monsterinsights_sitenote_active":false,"_monsterinsights_sitenote_note":"","_monsterinsights_sitenote_category":0},"product_cat":[16],"product_tag":[],"_links":{"self":[{"href":"https:\/\/runtzcartsdisposables.com\/it\/wp-json\/wp\/v2\/product\/796"}],"collection":[{"href":"https:\/\/runtzcartsdisposables.com\/it\/wp-json\/wp\/v2\/product"}],"about":[{"href":"https:\/\/runtzcartsdisposables.com\/it\/wp-json\/wp\/v2\/types\/product"}],"replies":[{"embeddable":true,"href":"https:\/\/runtzcartsdisposables.com\/it\/wp-json\/wp\/v2\/comments?post=796"}],"wp:featuredmedia":[{"embeddable":true,"href":"https:\/\/runtzcartsdisposables.com\/it\/wp-json\/wp\/v2\/media\/797"}],"wp:attachment":[{"href":"https:\/\/runtzcartsdisposables.com\/it\/wp-json\/wp\/v2\/media?parent=796"}],"wp:term":[{"taxonomy":"product_cat","embeddable":true,"href":"https:\/\/runtzcartsdisposables.com\/it\/wp-json\/wp\/v2\/product_cat?post=796"},{"taxonomy":"product_tag","embeddable":true,"href":"https:\/\/runtzcartsdisposables.com\/it\/wp-json\/wp\/v2\/product_tag?post=796"}],"curies":[{"name":"wp","href":"https:\/\/api.w.org\/{rel}","templated":true}]}}