{"id":806,"date":"2023-01-16T10:24:55","date_gmt":"2023-01-16T10:24:55","guid":{"rendered":"https:\/\/runtzcartsdisposables.com\/?post_type=product&#038;p=806"},"modified":"2024-11-25T20:10:43","modified_gmt":"2024-11-25T20:10:43","slug":"skittles-moonrocks","status":"publish","type":"product","link":"https:\/\/runtzcartsdisposables.com\/it\/product\/skittles-moonrocks\/","title":{"rendered":"Skittles Moonrocks"},"content":{"rendered":"<h1>Skittles Moonrocks online kaufen<\/h1>\n<p>Acquista online Skittles Moonrocks. Sei mai stato cos\u00ec in alto da non sentire le sopracciglia anche se le toccavi fisicamente? In caso contrario, prova a fumare Moon Rocks e ti garantisco che ci riuscirai. Recentemente l'ho fumata per la prima volta e due mesi dopo non sono ancora in grado di riconoscere i miei tratti del viso. (Ne \u00e8 valsa la pena, comunque.)<\/p>\n<p>Sind Moon Rocks?<\/p>\n<p>Le origini di Moon Rocks sono un po' poco chiare, ma si dice che il dispensario Starbudz760 le abbia inventate per prime. Il leggendario rapper della West Coast Kurupt ha reso popolare il prodotto e ha registrato la sua versione chiamata Kurupt Moonrock.<\/p>\n<p>Le Moon Rocks sono un megazord di THC: sono essenzialmente cime di cannabis (di solito GSC, ma qualsiasi variet\u00e0 andr\u00e0 bene) immerse o spruzzate nell'olio di hashish, quindi arrotolate nel kief.<\/p>\n<h2>Skittles Moonrocks online kaufen<\/h2>\n<p>Zkittlez \u00e8 un ibrido incrociato ed equilibrato che ha ereditato un'eccellente genetica dai suoi ceppi progenitori incredibilmente fruttati. Acquista Skittles Marijuana Online Questa variet\u00e0 a volte pu\u00f2 sembrare pi\u00f9 un'indica per alcuni utenti, ma \u00e8 generalmente nota per le sue propriet\u00e0 edificanti ma rilassanti, evidenziate dal suo aroma acido di agrumi. Acquista erba online in Europa<\/p>\n<p>Zkittlez ist eine potente Mischung aus <a href=\"https:\/\/runtzcartsdisposables.com\/it\/product\/moonrocks\/\">Grape Ape<\/a> und Sativa Grapefruit. Das Ergebnis ist eine duftende Bl\u00fcte mit einer komplexen Fruchtigkeit, die sich von anderen abhebt. Ihr THC-Gehalt kann milder sein als der ihrer Gegenst\u00fccke, aber das hat sie nicht daran gehindert, beim Cannabis Cup 2015 in San Francisco den ersten Platz f\u00fcr die beste Indica zu belegen<a href=\"http:\/\/gblkaufenn,com\">.<\/a><\/p>","protected":false},"excerpt":{"rendered":"<h2 style=\"text-align: center;\">Skittles Moonrocks<\/h2>\n<hr \/>\n<p>Questa variet\u00e0 a volte pu\u00f2 sembrare pi\u00f9 un'indica per alcuni utenti, ma \u00e8 generalmente nota per le sue propriet\u00e0 edificanti ma rilassanti, evidenziate dal suo aroma acido di agrumi.<\/p>\n<p>&nbsp;<\/p>","protected":false},"featured_media":807,"comment_status":"open","ping_status":"closed","template":"","meta":{"_monsterinsights_skip_tracking":false,"_monsterinsights_sitenote_active":false,"_monsterinsights_sitenote_note":"","_monsterinsights_sitenote_category":0},"product_cat":[374],"product_tag":[],"_links":{"self":[{"href":"https:\/\/runtzcartsdisposables.com\/it\/wp-json\/wp\/v2\/product\/806"}],"collection":[{"href":"https:\/\/runtzcartsdisposables.com\/it\/wp-json\/wp\/v2\/product"}],"about":[{"href":"https:\/\/runtzcartsdisposables.com\/it\/wp-json\/wp\/v2\/types\/product"}],"replies":[{"embeddable":true,"href":"https:\/\/runtzcartsdisposables.com\/it\/wp-json\/wp\/v2\/comments?post=806"}],"wp:featuredmedia":[{"embeddable":true,"href":"https:\/\/runtzcartsdisposables.com\/it\/wp-json\/wp\/v2\/media\/807"}],"wp:attachment":[{"href":"https:\/\/runtzcartsdisposables.com\/it\/wp-json\/wp\/v2\/media?parent=806"}],"wp:term":[{"taxonomy":"product_cat","embeddable":true,"href":"https:\/\/runtzcartsdisposables.com\/it\/wp-json\/wp\/v2\/product_cat?post=806"},{"taxonomy":"product_tag","embeddable":true,"href":"https:\/\/runtzcartsdisposables.com\/it\/wp-json\/wp\/v2\/product_tag?post=806"}],"curies":[{"name":"wp","href":"https:\/\/api.w.org\/{rel}","templated":true}]}}