{"id":88,"date":"2022-11-30T13:51:41","date_gmt":"2022-11-30T13:51:41","guid":{"rendered":"https:\/\/runtzcartsdisposables.com\/?post_type=product&#038;p=88"},"modified":"2024-11-25T20:13:10","modified_gmt":"2024-11-25T20:13:10","slug":"gelato-weed","status":"publish","type":"product","link":"https:\/\/runtzcartsdisposables.com\/it\/product\/gelato-weed\/","title":{"rendered":"Gelato Weed"},"content":{"rendered":"<h2 style=\"text-align: center;\">Gelato Weed<\/h2>\n<hr \/>\n<p>Gelato weed uk strain has aromas and flavors that have been described as earthy, sweet, minty, citrusy, berry-like, oaky, sherbet, orange, lavender, and cookie. The Gelato plant is short and stocky. Its leaves are forest green in color with dark purple hues. Gelato weed strain buds appear darkish purple and shot through with bright orange pistils. Its buds are sticky with average trichome crystal coverage.<\/p>\n<p>La variet\u00e0 di marijuana Gelato ha alti livelli di THC che vanno dal 15 al 25%, rendendola una variet\u00e0 abbastanza potente. Gli effetti ibridi di THC Design sono ben bilanciati: un'interessante miscela di rinvigorimento e rilassamento. Se un corpo indica tonico con una chiarezza sativa che ti mantiene abbastanza attivo da goderti gli effetti di una variet\u00e0 \u00e8 il tuo desiderio, allora questa \u00e8 per te. I suoi effetti sono rapidi, a partire da un colpo di testa e un'euforia pesante. Lo sballo che offre \u00e8 beato ed edificante. Un brivido corporeo strisciante si impone gradualmente fino a quando non ti senti completamente rilassato e calmo, ma fornendo abbastanza energia e concentrazione per mantenerti positivo e socievole.<\/p>\n<p>Buy gelato 45 UK, gelato #45 vs 33 also buy gelato 45 allbud, gelato 41 strain, gelato #45 yield, gelato 45 strain smart cart, gelato 45 vs 33<a href=\"https:\/\/hhcvapekaufen.com\/produkte-category\/cbd-vape\/\" target=\"_blank\" rel=\"noopener\">,<\/a> gelato 45 strain indica or sativa, gelati vs gelato strain, gelato strain 45, shark gelato strain, gelato 41 strain, wedding cake strain, blueberry gelato strain , lemon gelato strain , cannabis<\/p>\n<p>Benefici medici dell'utilizzo della variet\u00e0 ibrida di Gelato Weed<br \/>\nIl leggero effetto cerebrale di Gelato con il suo simultaneo rilassamento corporeo lo rende uno dei preferiti per i disturbi d'ansia e lo stress cronico. Il gelato fornisce una spinta di energia cerebrale che aiuter\u00e0 ad alleviare la depressione cronica. Questa stimolazione pu\u00f2 anche aiutare a trattare i pazienti con disturbi dell'attenzione come ADHD e ADD. La componente Indica rilasser\u00e0 il corpo per sopprimere l'iperattivit\u00e0, mentre la Sativa fornir\u00e0 la stimolazione necessaria per una concentrazione prolungata. La variet\u00e0 Gelato aiuter\u00e0 con la nausea grazie al suo sapore e odore seducenti; Anche questa variet\u00e0 di cannabis gelato aiuter\u00e0 anche con l'appetito per i pazienti che soffrono di nausea a causa della chemioterapia per cancro o malattie autoimmuni.<\/p>\n<p>Effects Of Gelato 45 marijuana strain<br \/>\nHappy<br \/>\nEuphoric<br \/>\nRelaxed<br \/>\nUplifted<br \/>\nCreative<br \/>\nClassification: 55% Indica\/45% Sativa<\/p>\n<p>Genitori: Thin Mint Girl Scout Cookies X Sunset Sherbet<\/p>","protected":false},"excerpt":{"rendered":"<p>Gelato Weed uk has all the smooth and fruity appeal of Sunset <a href=\"https:\/\/runtzcartsdisposables.com\/it\/product\/gelato-weed\/\">Sherbert<\/a> with the earthy, herbal goodness of Thin Mints. With limited availability and a bold look and taste, this strain falls into an emerging category of west coast craft hybrids that are focused on taste. Carrying multiple desirable traits from its heavily crossbred lineage, Gelato has standout visuals and taste. Its trippy but relaxing vibe makes it a perfect choice for some solo introspection or for chatty socializing.<\/p>","protected":false},"featured_media":89,"comment_status":"open","ping_status":"closed","template":"","meta":{"_monsterinsights_skip_tracking":false,"_monsterinsights_sitenote_active":false,"_monsterinsights_sitenote_note":"","_monsterinsights_sitenote_category":0},"product_cat":[21],"product_tag":[22,120,65,66,67,68,69,70,71,72,73,74,75,76,77,78,79,80,37,38,40,41,42,81,82,83,119,84,85,86,87,88,89,90,91,92,93,94,95,96,124,97,98,99,100,101,102,103,48,49,118,121,123,54,104,105,106,107,108,109,122,117,110,111,112,113,114,59,60,61,62,63,64,115,116],"_links":{"self":[{"href":"https:\/\/runtzcartsdisposables.com\/it\/wp-json\/wp\/v2\/product\/88"}],"collection":[{"href":"https:\/\/runtzcartsdisposables.com\/it\/wp-json\/wp\/v2\/product"}],"about":[{"href":"https:\/\/runtzcartsdisposables.com\/it\/wp-json\/wp\/v2\/types\/product"}],"replies":[{"embeddable":true,"href":"https:\/\/runtzcartsdisposables.com\/it\/wp-json\/wp\/v2\/comments?post=88"}],"wp:featuredmedia":[{"embeddable":true,"href":"https:\/\/runtzcartsdisposables.com\/it\/wp-json\/wp\/v2\/media\/89"}],"wp:attachment":[{"href":"https:\/\/runtzcartsdisposables.com\/it\/wp-json\/wp\/v2\/media?parent=88"}],"wp:term":[{"taxonomy":"product_cat","embeddable":true,"href":"https:\/\/runtzcartsdisposables.com\/it\/wp-json\/wp\/v2\/product_cat?post=88"},{"taxonomy":"product_tag","embeddable":true,"href":"https:\/\/runtzcartsdisposables.com\/it\/wp-json\/wp\/v2\/product_tag?post=88"}],"curies":[{"name":"wp","href":"https:\/\/api.w.org\/{rel}","templated":true}]}}