{"id":235,"date":"2023-01-12T09:01:13","date_gmt":"2023-01-12T09:01:13","guid":{"rendered":"https:\/\/runtzcartsdisposables.com\/?post_type=product&#038;p=235"},"modified":"2024-11-25T20:13:01","modified_gmt":"2024-11-25T20:13:01","slug":"kolumbianisches-gold","status":"publish","type":"product","link":"https:\/\/runtzcartsdisposables.com\/nl\/product\/kolumbianisches-gold\/","title":{"rendered":"Kolumbianisches Gold"},"content":{"rendered":"<h1>Koop Colombiaanse Goldm-soort online Finland<\/h1>\n<p>Kolumbianisches Gold Kaufen Sie Colombian Goldm Strain Online Finnland. Colombian Gold ist eine klassische <a href=\"https:\/\/runtzcartsdisposables.com\/index.php\/product-category\/blumen\/sativa-sorte\/\">Sativa-Landrasse<\/a>, die zijn oorsprong vindt in het Santa Marta-gebergte in Colombia. Haar toppen zijn pluizig en bedekt met kristallen, en ademen skunky, zoete tonen van citroen en limoen uit. Deze inheemse sativa bracht de beroemde Skunk #1 voort, een hybride die een hoofdbestanddeel van de cannabiskweek is geworden. Het actieve, opbeurende en gerichte effect van Colombian Gold komt<\/p>\n<h2>Koop Cubaanse Paddo's online<\/h2>\n<p>Dit maakt deze soort een goede keuze voor beginners of voor mensen die productief willen blijven tijdens de behandeling. Colombian Gold kan pati\u00ebnten helpen spierspanning, pijn en andere lichamelijke symptomen te verlichten, maar de stimulerende en opgewekte eigenschappen kunnen ook worden gebruikt voor depressie en ADD\/ADHD. Diazepam 10 mg tabletten online kopen.<\/p>\n<p>Colombian <a href=\"https:\/\/runtzcartsdisposables.com\/nl\/product\/gelato-weed-copy\/\">Gold<\/a> ist eine legend\u00e4re Sativa-Landrasse aus dem gebirgigen Norden Kolumbiens. Diese Sorte, die in den sp\u00e4ten 1960er und 1970er Jahren in den USA extrem popul\u00e4r war, ist inzwischen sehr selten geworden, und einige Cannabis-Historiker behaupten, dass es keine Samen oder Klone des urspr\u00fcnglichen Landrassen-Genotyps mehr gibt. Unabh\u00e4ngig davon, ob Colombian Gold noch konsumiert werden kann oder nicht, wurde sie zur Z\u00fcchtung beliebter Grundnahrungsmittel wie Skunk #1 verwendet. Der <a href=\"https:\/\/en.wikipedia.org\/wiki\/Tetrahydrocannabinol\" target=\"_blank\" rel=\"noopener\">THC<\/a>-Gehalte van het ras is gemeten op 14% tot 20%. KOOP WIET ONLINE IN EUROPA<\/p>\n<p>Kolumbianisches Gold von kommerziell gez\u00fcchteten Indicas und Hybriden sind mit den Bl\u00fcten von Colombian Gold vielleicht nicht vertraut. Die Bl\u00fcten sind klein bis mittelgro\u00df und haben eine lockere, bl\u00e4ttrige Struktur<a href=\"https:\/\/20ftschiffscontainer.com\/wp-admin\/\" target=\"_blank\" rel=\"noopener\">,<\/a> die f\u00fcr eine reine Sativa charakteristisch ist &#8211; Cannabiskenner werden die Silhouetten dieser zerlumpten Bl\u00fcten als \u00e4hnlich wie bei jamaikanischen oder thail\u00e4ndischen Sativa-Landrassen erkennen. Die Bl\u00e4tter sind blass fr\u00fchlingsgr\u00fcn und werden von leuchtend orangefarbenen Stempeln durchzogen. Diese langen, spitz zulaufenden Knospen sind auch sehr harzig: bernsteinfarbene Trichome bedecken die Innen- und Au\u00dfenfl\u00e4chen und verleihen ihnen den goldenen Schimmer, auf den sich ihr Name bezieht. OG KUSH ONLINE KAUFEN<\/p>\n<p>Als Colombian Gold op de juiste manier is uitgehard, verspreidt het de doordringende geur van Skunk, wat de scherpte van de Skunk #1 kid-soort verklaart. Bij nader inzien speelt ook de citroensmaak van citroen en limoen een rol. Bij verbranding heeft Colombian Gold een aardse, hasjachtige geur. Haar rook kan scherp zijn en de longen uitzetten bij het inademen en heeft een kruidige smaak bij het uitademen. Ten slotte kan deze soort een bijzonder doordringende rook zijn; degenen die hun consumptie discreet willen houden, moeten alle nodige voorzorgsmaatregelen nemen. KOOP DIAMOND OG ONLINE<\/p>\n<h2>Koop Colombiaanse Goldm-soort online Finland<\/h2>\n<p>Gebruikers van deze legendarische soort hebben zeer krachtige cerebrale effecten gemeld. De high komt langzaam op en blijft gedurende de hele duur bedwelmend; het effect zou veel langer aanhouden dan gemiddeld. Creativiteit en spraakzaamheid komen vaak voor, aangezien de geest van rokers in snelle vrije associatie van de ene naar de andere springt. Een algemeen gevoel van welbevinden wordt ook vaak gemeld, aangezien resterende omgevingsstressoren naar de achtergrond verdwijnen. De zeer analytische mentaliteit van Colombian Gold kan bijzonder waardevol zijn<\/p>","protected":false},"excerpt":{"rendered":"<h2 style=\"text-align: center;\">Kolumbianisches Gold<\/h2>\n<hr \/>\n<p>Colombian Gold is een klassieke landras sativa die zijn oorsprong vindt in het Santa Marta-gebergte in Colombia. Haar toppen zijn pluizig en bedekt met kristallen, en ademen skunky, zoete tonen van citroen en limoen uit.<\/p>","protected":false},"featured_media":236,"comment_status":"open","ping_status":"closed","template":"","meta":{"_monsterinsights_skip_tracking":false,"_monsterinsights_sitenote_active":false,"_monsterinsights_sitenote_note":"","_monsterinsights_sitenote_category":0},"product_cat":[126,127],"product_tag":[],"_links":{"self":[{"href":"https:\/\/runtzcartsdisposables.com\/nl\/wp-json\/wp\/v2\/product\/235"}],"collection":[{"href":"https:\/\/runtzcartsdisposables.com\/nl\/wp-json\/wp\/v2\/product"}],"about":[{"href":"https:\/\/runtzcartsdisposables.com\/nl\/wp-json\/wp\/v2\/types\/product"}],"replies":[{"embeddable":true,"href":"https:\/\/runtzcartsdisposables.com\/nl\/wp-json\/wp\/v2\/comments?post=235"}],"wp:featuredmedia":[{"embeddable":true,"href":"https:\/\/runtzcartsdisposables.com\/nl\/wp-json\/wp\/v2\/media\/236"}],"wp:attachment":[{"href":"https:\/\/runtzcartsdisposables.com\/nl\/wp-json\/wp\/v2\/media?parent=235"}],"wp:term":[{"taxonomy":"product_cat","embeddable":true,"href":"https:\/\/runtzcartsdisposables.com\/nl\/wp-json\/wp\/v2\/product_cat?post=235"},{"taxonomy":"product_tag","embeddable":true,"href":"https:\/\/runtzcartsdisposables.com\/nl\/wp-json\/wp\/v2\/product_tag?post=235"}],"curies":[{"name":"wp","href":"https:\/\/api.w.org\/{rel}","templated":true}]}}