{"id":242,"date":"2023-01-12T14:19:15","date_gmt":"2023-01-12T14:19:15","guid":{"rendered":"https:\/\/runtzcartsdisposables.com\/?post_type=product&#038;p=242"},"modified":"2024-11-25T20:12:59","modified_gmt":"2024-11-25T20:12:59","slug":"fruchtpunsch","status":"publish","type":"product","link":"https:\/\/runtzcartsdisposables.com\/nl\/product\/fruchtpunsch\/","title":{"rendered":"Fruchtpunsch"},"content":{"rendered":"<h1>Fruitpunch kopen in Loveland<\/h1>\n<p>Fruitpunch kopen in Loveland. Fruitpunch bestellen in Loveland. Fruit Punch is een Sativa-soort van Heavyweight Seeds, die deze smaakkrachtpatser kweekte uit Skunk-, Haze- en Northern Lights-genetica. Deze sativa is vernoemd naar haar snelle hit van zoete, fruitige en tropische smaken en pakt op beide fronten uit. Koop Cubaanse Paddo's online.<\/p>\n<p>Smaak en effect. Fruit Punch laadt de geest op met creatieve en sociale energie, dus bewaar deze soort in je stash voor actieve dagen met vrienden of persoonlijke hobby's. Koop Member Berry<\/p>\n<p>Fruit Punch is een Sativa-soort van Heavyweight Seeds, die deze smaakvolle krachtpatser kweekte uit Skunk-, Haze- en Northern Lights-genetica. Deze sativa, die haar naam dankt aan haar snelle hit van zoete, fruitige en tropische smaken, is zowel qua smaak als qua effect indrukwekkend. Fruit Punch laadt de geest op met creatieve en sociale energie, dus bewaar deze soort in je stash voor actieve dagen met vrienden of persoonlijke hobby's. Fruit Punch is ontwikkeld door cannabiskweker Heavyweight Seeds en is een krachtige hybride van legendarische soorten: Skunk, Haze en Northern Lights. Volgens de veredelaar heeft Fruit Punch een wazige smaak met tonen van citroen, mango en limoen, samen met een citrusaroma. Volgens de website van Heavyweight Seeds bevat de soort 21% THC en 1,1% CBD. Fruit Punch is niet alleen gemakkelijk om van te genieten, maar is ook gemakkelijk te kweken volgens de kweker, die zegt dat ze geschikt is voor zowel beginners als professionals. De naar sativa neigende hybride, die volgens Heavyweight Seeds een autoflowering soort is, wordt ongeveer 1,3 meter hoog en bloeit 70 tot 80 dagen na ontkieming. oranje littekenhaar. koop Mintz<\/p>\n<h2>Fruitpunch kopen in Loveland<\/h2>\n<p>Fruchtpunsch Kaufen Sie Fruit Punch in Loveland. bestellen Sie Fruit Punch in Loveland. Durch die Kreuzung der Genetik von drei bekannten Cannabis-Namen wird die einzigartige Chemie der <a href=\"https:\/\/runtzcartsdisposables.com\/nl\/product\/white-widow\/\">Fruit<\/a> Punch-Sorte zu einem absoluten No-Brainer, wenn man ihr Erbe betrachtet. Ihre drei Vorfahren &#8211; Northern Lights, Skunk und Haze &#8211; sind allesamt Schwergewichte auf ihrem Gebiet und liefern herausragende Ergebnisse, die auf verschiedene Probleme des t\u00e4glichen Lebens abzielen.buy Moonrocks<\/p>\n<p>Die Sorte Northern Fruchtpunsch Lights bewegt sich am Rande einer vollst\u00e4ndigen Indica-Dominanz und weist ein komplexes Kr\u00e4uteraroma auf, das an den Geschmack von Tee erinnert, der l\u00e4nger als n\u00f6tig gezogen wurde. Die delikate Bitterkeit am Ende des Zuges verleiht dem Geschmackserlebnis der Sorte Tiefe und Dimension, und ihre beruhigende Euphorie <a href=\"https:\/\/thcvapecarts.net\" target=\"_blank\" rel=\"noopener\">kann<\/a> eine tr\u00f6stliche Erleichterung von der gew\u00f6hnlichen Not bieten.buy God&#8217;s gift<\/p>\n<p>Skunk daarentegen is precies wat de naam doet vermoeden: een doordringende soort die vooral bekend staat om haar vieze maar begeerlijke geur. Met een genetisch profiel dat enigszins naar sativa neigt, stimuleert deze soort de creativiteit met haar krachtige effecten, maar niet zonder eerst het lichaam te prikkelen met haar krachtige effecten.<\/p>","protected":false},"excerpt":{"rendered":"<h2 style=\"text-align: center;\">Fruchtpunsch<\/h2>\n<hr \/>\n<p>Fruit Punch is een Sativa-soort van Heavyweight Seeds, die deze smaakkrachtpatser kweekte uit Skunk-, Haze- en Northern Lights-genetica. Deze sativa, genoemd naar haar snelle hit van zoete, fruitige en tropische smaken, heeft beide iets te bieden<\/p>\n<p>&nbsp;<\/p>","protected":false},"featured_media":243,"comment_status":"open","ping_status":"closed","template":"","meta":{"_monsterinsights_skip_tracking":false,"_monsterinsights_sitenote_active":false,"_monsterinsights_sitenote_note":"","_monsterinsights_sitenote_category":0},"product_cat":[126,127],"product_tag":[],"_links":{"self":[{"href":"https:\/\/runtzcartsdisposables.com\/nl\/wp-json\/wp\/v2\/product\/242"}],"collection":[{"href":"https:\/\/runtzcartsdisposables.com\/nl\/wp-json\/wp\/v2\/product"}],"about":[{"href":"https:\/\/runtzcartsdisposables.com\/nl\/wp-json\/wp\/v2\/types\/product"}],"replies":[{"embeddable":true,"href":"https:\/\/runtzcartsdisposables.com\/nl\/wp-json\/wp\/v2\/comments?post=242"}],"wp:featuredmedia":[{"embeddable":true,"href":"https:\/\/runtzcartsdisposables.com\/nl\/wp-json\/wp\/v2\/media\/243"}],"wp:attachment":[{"href":"https:\/\/runtzcartsdisposables.com\/nl\/wp-json\/wp\/v2\/media?parent=242"}],"wp:term":[{"taxonomy":"product_cat","embeddable":true,"href":"https:\/\/runtzcartsdisposables.com\/nl\/wp-json\/wp\/v2\/product_cat?post=242"},{"taxonomy":"product_tag","embeddable":true,"href":"https:\/\/runtzcartsdisposables.com\/nl\/wp-json\/wp\/v2\/product_tag?post=242"}],"curies":[{"name":"wp","href":"https:\/\/api.w.org\/{rel}","templated":true}]}}