{"id":250,"date":"2023-01-12T14:59:08","date_gmt":"2023-01-12T14:59:08","guid":{"rendered":"https:\/\/runtzcartsdisposables.com\/?post_type=product&#038;p=250"},"modified":"2024-11-25T20:12:58","modified_gmt":"2024-11-25T20:12:58","slug":"geisterstamm-dunst","status":"publish","type":"product","link":"https:\/\/runtzcartsdisposables.com\/nl\/product\/geisterstamm-dunst\/","title":{"rendered":"Geisterstamm-Dunst"},"content":{"rendered":"<h1>Koop Ghost Strain Haze online in Zweden<\/h1>\n<p>Geisterstamm-Dunstt Strain Haze Online In Schweden. <a href=\"https:\/\/www.leafly.com\/strains\/ghost-og\" target=\"_blank\" rel=\"noopener\">Ghost Train<\/a> Haze, voor het eerst gekweekt door Rare Dankness, is een sativa-kruising tussen Ghost OG en Neville's Wreck. In tegenstelling tot typische sativa's produceert Ghost Train Haze dichte toppen die bedekt zijn met witte, met kristallen bedekte trichomen. Met een scherp citrus- en bloemenaroma levert Ghost Train Haze een krachtige dosis THC om pijn, depressie en verlies van eetlust te verdoven, maar pati\u00ebnten zijn er vatbaar voor. Online wiet kopen in Europa<\/p>\n<p>Angstpati\u00ebnten moeten wegblijven van dit krachtige medicijn. Lage doses stimuleren focus en creativiteit, maar hoe meer je rookt, hoe mistiger je hersenen worden. Ghost Train Haze is een geschikte buitensoort voor warme klimaten en heeft een bloeitijd van 65 tot 80 dagen binnen. Tropicana-koekjes<\/p>\n<h3>Koop Ghost Strain Haze online in Zweden<\/h3>\n<p>Sativa-dominanter Hybrid &#8211; 80% Sativa \/ 20% Indica<\/p>\n<p>THC: 27%<\/p>\n<p>Ghost Train Haze is een van de meest intense soorten ooit <a href=\"https:\/\/runtzcartsdisposables.com\/nl\/\">Marihuana<\/a>universum werd ge\u00efntroduceerd. Deze soort is niet voor beginners, want Ghost Train Haze werd in 2012 door het tijdschrift High Times uitgeroepen tot \"meest krachtige soort ter wereld\". Deze soort is gekweekt uit Ghost OG en Neville's Wreck en pronkt met een krankzinnig THC-gehalte van 27%. GTH is voornamelijk sativa (80:20 sativa\/indica verhouding), dus als je een beginnende roker bent of last hebt van angsten, kun je beter wegblijven van deze waanzinnige soort. Zwaar roken van GTH kan een bijna psychedelisch gevoel opwekken dat paranoia kan veroorzaken. De pati\u00ebnten die voor Ghost Train Haze kiezen, zijn mensen die aan een depressie lijden of gewoon een geweldige tijd willen hebben. In kleine doses kan GTH gemakkelijk lachbuien opwekken en de creatieve geest stimuleren. Het aroma van deze soort is een zoete mix van zuur, citrus en dennen die zeer scherp is. Met een overvloed aan trichomen en haar ziet GTH er eigenlijk net zo geweldig uit als ze beweert te zijn. Geweldige Citroen Haze<\/p>\n<p>Geisterstamm-Dunst Cannabis-Sorte Ghost Train Haze ist ein potenter, Sativa-dominanter Hybrid, der von Rare Dankness gez\u00fcchtet wurde. Sie belegte den ersten Platz beim High Times Cannabis Cup 2014 in den USA in der Kategorie Sativa und den zweiten Platz beim High Times Cannabis Cup 2013 in der Kategorie Medical Sativa. Die Knospen sind dicht, hellgr\u00fcn in der Farbe und durchtr\u00e4nkt mit Trichomen, die fast wei\u00df erscheinen. Ghost Train Haze ist sehr potent und wurde von High Times ausgew\u00e4hlt, um die st\u00e4rksten Sorten der Welt zu repr\u00e4sentieren. Ghost Strain Haze online in Schweden kaufen. Mango Haz<a href=\"https:\/\/hhcgraskaufen.com\/\" target=\"_blank\" rel=\"noopener\">e<\/a><br \/>\nsoort dronkenschap<br \/>\nGeisterstamm-Dunst Die Marihuana-Sorte Ghost Train Haze l\u00f6st in niedrigeren Dosen eine zerebrale Euphorie aus, hebt die Stimmung, erh\u00f6ht die Konzentration, entspannt den K\u00f6rper und hat eine schmerzlindernde Wirkung. Sie kann Druck auf die Augen und die Nase aus\u00fcben. H\u00f6here Dosen k\u00f6nnen Paranoia und Halluzinationen hervorrufen. Lila Dunst<br \/>\ngenetica<br \/>\nGeisterstamm-Dunst Die Cannabis-Sorte Ghost Train Haze ist eine Kreuzung zwischen Ghost <a href=\"https:\/\/runtzcartsdisposables.com\/nl\/product\/platinum-og\/\">OG<\/a> und Nevil&#8217;s Wreck (Trainwreck und Neville&#8217;s Haze).<\/p>","protected":false},"excerpt":{"rendered":"<h2 style=\"text-align: center;\">Geisterstamm-Dunst<\/h2>\n<hr \/>\n<p>Geisterstamm-Dunst&#8211; Ghost Train Haze wurde zuerst von Rare Dankness gez\u00fcchtet und ist eine Sativa-Kreuzung aus Ghost OG und Neville&#8217;s Wreck. Im Gegensatz zu typischen Sativas bildet Ghost Train Haze dichte Knospen aus, die mit wei\u00dfen, kristallbedeckten Trichomen bedeckt sind.<\/p>\n<p>&nbsp;<\/p>","protected":false},"featured_media":249,"comment_status":"open","ping_status":"closed","template":"","meta":{"_monsterinsights_skip_tracking":false,"_monsterinsights_sitenote_active":false,"_monsterinsights_sitenote_note":"","_monsterinsights_sitenote_category":0},"product_cat":[126,127],"product_tag":[136,137,138,139,140,141],"_links":{"self":[{"href":"https:\/\/runtzcartsdisposables.com\/nl\/wp-json\/wp\/v2\/product\/250"}],"collection":[{"href":"https:\/\/runtzcartsdisposables.com\/nl\/wp-json\/wp\/v2\/product"}],"about":[{"href":"https:\/\/runtzcartsdisposables.com\/nl\/wp-json\/wp\/v2\/types\/product"}],"replies":[{"embeddable":true,"href":"https:\/\/runtzcartsdisposables.com\/nl\/wp-json\/wp\/v2\/comments?post=250"}],"wp:featuredmedia":[{"embeddable":true,"href":"https:\/\/runtzcartsdisposables.com\/nl\/wp-json\/wp\/v2\/media\/249"}],"wp:attachment":[{"href":"https:\/\/runtzcartsdisposables.com\/nl\/wp-json\/wp\/v2\/media?parent=250"}],"wp:term":[{"taxonomy":"product_cat","embeddable":true,"href":"https:\/\/runtzcartsdisposables.com\/nl\/wp-json\/wp\/v2\/product_cat?post=250"},{"taxonomy":"product_tag","embeddable":true,"href":"https:\/\/runtzcartsdisposables.com\/nl\/wp-json\/wp\/v2\/product_tag?post=250"}],"curies":[{"name":"wp","href":"https:\/\/api.w.org\/{rel}","templated":true}]}}