{"id":261,"date":"2023-01-12T15:19:41","date_gmt":"2023-01-12T15:19:41","guid":{"rendered":"https:\/\/runtzcartsdisposables.com\/?post_type=product&#038;p=261"},"modified":"2024-11-25T20:12:55","modified_gmt":"2024-11-25T20:12:55","slug":"gruener-riss","status":"publish","type":"product","link":"https:\/\/runtzcartsdisposables.com\/nl\/product\/gruener-riss\/","title":{"rendered":"Gr\u00fcner Riss"},"content":{"rendered":"<h1>Koop groene crack online Kroati\u00eb<\/h1>\n<p>Kaufen Sie Green Crack Online Kroatien. Lassen Sie sich nicht vom Namen t\u00e4uschen: Dies ist reines Cannabis. Es gibt nur wenige Sorten, die mit Green Crack vergleichbar sind, Gr\u00fcner Riss\u00a0 da sie einen belebenden, mentalen Rausch ausl\u00f6sen, der Sie den ganzen Tag \u00fcber in Schwung h\u00e4lt. Mit ihrem spritzigen, fruchtigen Geschmack, der an Mango erinnert, ist Green Crack eine gro\u00dfartige Sorte f\u00fcr den Tag, die Konsumenten helfen kann, M\u00fcdigkeit<\/p>\n<p>Bestrijd vermoeidheid, stress en depressie. Omdat de naam een \u200b\u200bnegatief beeld is van <a href=\"https:\/\/runtzcartsdisposables.com\/nl\/\">Cannabis<\/a> overgebracht, noemen sommige mensen deze soort in plaats daarvan Cush (met een 'C') of Green Cush.<\/p>\n<p>Iedereen maakt wel eens een fase van vermoeidheid door. Met ons hectische leven en veeleisende schema's is het slechts een kwestie van tijd voordat onze energie volledig leeg is. We hebben de perfecte oplossing voor deze puinhoop: Green Crack. Het is de sativasoort van je dromen.<\/p>\n<p>Gekweekt uit de <a href=\"https:\/\/en.seedfinder.eu\/strain-info\/Skunk_Nr1\/Sensi_Seeds\/\" target=\"_blank\" rel=\"noopener\">Skunk #1 Linie<\/a>, ist <a href=\"https:\/\/www.leafly.com\/strains\/green-crack\" target=\"_blank\" rel=\"noopener\">GC<\/a> een genot voor alle cannabisgebruikers. Vooral Snoop Dogg, die het zijn favoriete soort noemde. honing broodje\n\nGC-esthetiek<\/p>\n<p>GC-\u00c4sthetik<\/p>\n<p>Green Crack zit vol met fruitige en kruidige tonen die de zintuigen prikkelen. De rook is licht en gemakkelijk in te ademen, perfect voor degenen die nieuw zijn in de cannabiswereld. De toppen zijn dicht op elkaar gepakt maar klein van formaat. Gebruikers kunnen merken dat de toppen \"popcorn\"-achtig zijn. Koop Cubaanse Paddo's online<\/p>\n<h2>Koop Green Crack Online Kroati\u00eb<\/h2>\n<p>Green Crack is een smaakvolle rook, maar haar echte schoonheid ligt in haar energieke euforie. Big Mex Magic Mushroom Online VS<\/p>\n<p>Groene crack-effecten + voordelen. Koop MET CANNABIS GE\u00cfNFUSEERDE PEPERMUNTBROWNIE<\/p>\n<p>Zodra GC het systeem bereikt, versnelt een golf van verkwikkende energie de mentale processen. Je denken wordt sneller, helderder en vol complexe plannen. Abstract denken wordt een tweede natuur, gevolgd door een sterk gevoel van focus. De meeste gebruikers merken op dat de soort het beste overdag kan worden gebruikt. De 5 Beste Cannabis Kledingmerken<\/p>\n<p>Gr\u00fcner Riss Obwohl Green Crack am Morgen gro\u00dfartig ist, sollte man es auch in der Nacht verwenden. Stell dir das vor. Sweet Tea Cookies kaufen<\/p>\n<p>Je bladert door je studiegids en vergeet steeds waar je bent. Elke pagina is wazig en je zenuwen staan \u200b\u200bop scherp. Je voelt dat het tijd is voor een dubbele espresso of Redbull. Banaan Runtz kopen<\/p>\n<p>Gr\u00fcner Riss Auch die medizinischen Vorteile sind vielf\u00e4ltig. Gr\u00fcner Riss GC baut Stress ab und reduziert Depressionen und Angstzust\u00e4nde in leichten F\u00e4llen. Au\u00dferdem ist diese Sorte optimal f\u00fcr den Gebrauch w\u00e4hrend des Tages, um die Symptome chronischer Schmerzen zu lindern. Pfirsich kaufen<\/p>\n<p>Legen Sie den Energydrink weg und greifen Sie zu Green Crack. Du wirst uns sp\u00e4ter danken. Super <a href=\"https:\/\/runtzcartsdisposables.com\/nl\/product\/paris-og\/\">Og<\/a> Cookie kaufen<\/p>","protected":false},"excerpt":{"rendered":"<h2 style=\"text-align: center;\">Gr\u00fcner Riss<\/h2>\n<hr \/>\n<p>Laat je niet misleiden door de naam: dit is pure cannabis. Er zijn maar weinig soorten die vergelijkbaar zijn met Green Crack, omdat ze een opbeurende, mentale high opwekt die je de hele dag bijblijft.<\/p>","protected":false},"featured_media":262,"comment_status":"open","ping_status":"closed","template":"","meta":{"_monsterinsights_skip_tracking":false,"_monsterinsights_sitenote_active":false,"_monsterinsights_sitenote_note":"","_monsterinsights_sitenote_category":0},"product_cat":[126,127],"product_tag":[],"_links":{"self":[{"href":"https:\/\/runtzcartsdisposables.com\/nl\/wp-json\/wp\/v2\/product\/261"}],"collection":[{"href":"https:\/\/runtzcartsdisposables.com\/nl\/wp-json\/wp\/v2\/product"}],"about":[{"href":"https:\/\/runtzcartsdisposables.com\/nl\/wp-json\/wp\/v2\/types\/product"}],"replies":[{"embeddable":true,"href":"https:\/\/runtzcartsdisposables.com\/nl\/wp-json\/wp\/v2\/comments?post=261"}],"wp:featuredmedia":[{"embeddable":true,"href":"https:\/\/runtzcartsdisposables.com\/nl\/wp-json\/wp\/v2\/media\/262"}],"wp:attachment":[{"href":"https:\/\/runtzcartsdisposables.com\/nl\/wp-json\/wp\/v2\/media?parent=261"}],"wp:term":[{"taxonomy":"product_cat","embeddable":true,"href":"https:\/\/runtzcartsdisposables.com\/nl\/wp-json\/wp\/v2\/product_cat?post=261"},{"taxonomy":"product_tag","embeddable":true,"href":"https:\/\/runtzcartsdisposables.com\/nl\/wp-json\/wp\/v2\/product_tag?post=261"}],"curies":[{"name":"wp","href":"https:\/\/api.w.org\/{rel}","templated":true}]}}