{"id":267,"date":"2023-01-12T15:26:07","date_gmt":"2023-01-12T15:26:07","guid":{"rendered":"https:\/\/runtzcartsdisposables.com\/?post_type=product&#038;p=267"},"modified":"2024-11-25T20:12:53","modified_gmt":"2024-11-25T20:12:53","slug":"hawaiianischer-dunst","status":"publish","type":"product","link":"https:\/\/runtzcartsdisposables.com\/nl\/product\/hawaiianischer-dunst\/","title":{"rendered":"Hawaiianischer Dunst"},"content":{"rendered":"<h1>Koop Hawaiian Haze Strain online in Denemarken<\/h1>\n<p>Koop Hawaiian Haze-soort online in Denemarken. Hawaiian Haze is een voornamelijk sativa-soort die een aantal hoogwaardige sativa-effecten produceert. Een mengeling van <a href=\"https:\/\/www.leafly.com\/strains\/hawaiian-haze\" target=\"_blank\" rel=\"noopener\">Hawaiian und Haze Genetik<\/a>, deze lichte, luchtige toppen zullen je hoofd in de wolken hebben. Veel gebruikers melden ook dat het hen sociaal en spraakzaam maakt, dus het kan een goede roker voor overdag zijn. Hawaiiaanse waas. Koop wiet online Europa<\/p>\n<p>De bloemige geur en smaak van tropisch fruit doen je misschien dromen van een eilandvakantie. Deze planten zijn lang en bloeien langzaam, ze doen er tussen de 12 en 14 weken over en zijn dus waarschijnlijk beter geschikt voor een kweker met enige ervaring en geduld.<\/p>\n<p>Hawaiianischer Dunst Eine Mischung aus Hawaiian und Haze Genetik, ein ausgewogener 50\/50 Hybrid, diese leichten, luftigen Knospen werden Ihren Kopf in den Wolken haben.diamond <a href=\"https:\/\/runtzcartsdisposables.com\/nl\/product\/moonrocks\/\">OG<\/a> Hash kaufen<\/p>\n<p>Big Mex Magic Mushroom Online VS<\/p>\n<h2>Koop Hawaiian Haze Strain online in Denemarken<\/h2>\n<p>Verwacht erg sociaal en spraakzaam te zijn, dus geniet er overdag het beste van in een groep. Koop Lemon Skittle<\/p>\n<p>Hawaiian Haze's bloemengeur en tropische fruitsmaak doen je dromen van een eilandvakantie. Diazepam 10 mg tabletten online kopen.<\/p>\n<p>Ze verschijnt voornamelijk als een sativa-soort en levert een duizelingwekkend THC-gehalte van 26%.koopParallax Shop<\/p>\n<p>Hawaiian Haze levert een voortreffelijke mix van houtachtige, tropische en dennensmaken waar je zeker naar uitkijkt.koopCHOCOLATE FUDGE BROWNIE<\/p>\n<p>Na het roken van deze soort voel je je tegelijkertijd energiek en euforisch. Als je een slechte dag hebt, is Hawaiian Haze precies wat je nodig hebt om je weer op het goede spoor te krijgen. witte kersengelato kopen<\/p>\n<p>KWALITEIT GEGARANDEERD<\/p>\n<p>Hawaiianischer Dunst Unser Ziel ist es, Ihnen die hochwertigsten Hanfbl\u00fcten von sorgf\u00e4ltigen, geschickten Z\u00fcchtern zu liefern, die sich um die Pflanzen k\u00fcmmern, von dem Zeitpunkt an, an dem der Samen in die organische Erde eingegraben wird, bis er seinen Weg zu Ihnen findet. Alle unsere erstklassigen CBD-Hanfbl\u00fcten werden unabh\u00e4ngig im Labor getestet, um ihre Legalit\u00e4t sicherzustellen. Ein QR-Code, der direkt zu unserer Seite mit den Laborergebnissen f\u00fchrt, befindet sich wie bei allen unseren Produkten auf dem Etikett jeder Produktverpackung. traube CBD Vape Pen kaufen<\/p>\n<p>Koop Mushee Magic Mushroom chocoladerepen<\/p>","protected":false},"excerpt":{"rendered":"<h2 style=\"text-align: center;\">Hawaiianischer Dunst<\/h2>\n<hr \/>\n<p>Hawaiianischer Dunst &#8211; Der blumige Geruch und der Geschmack von tropischen Fr\u00fcchten der Hawaiian Haze lassen Sie vielleicht von einem Inselurlaub tr\u00e4umen.<\/p>\n<p>Ze verschijnt voornamelijk als een sativa-soort en levert een duizelingwekkend THC-gehalte van 26%.<\/p>","protected":false},"featured_media":268,"comment_status":"open","ping_status":"closed","template":"","meta":{"_monsterinsights_skip_tracking":false,"_monsterinsights_sitenote_active":false,"_monsterinsights_sitenote_note":"","_monsterinsights_sitenote_category":0},"product_cat":[126,127],"product_tag":[],"_links":{"self":[{"href":"https:\/\/runtzcartsdisposables.com\/nl\/wp-json\/wp\/v2\/product\/267"}],"collection":[{"href":"https:\/\/runtzcartsdisposables.com\/nl\/wp-json\/wp\/v2\/product"}],"about":[{"href":"https:\/\/runtzcartsdisposables.com\/nl\/wp-json\/wp\/v2\/types\/product"}],"replies":[{"embeddable":true,"href":"https:\/\/runtzcartsdisposables.com\/nl\/wp-json\/wp\/v2\/comments?post=267"}],"wp:featuredmedia":[{"embeddable":true,"href":"https:\/\/runtzcartsdisposables.com\/nl\/wp-json\/wp\/v2\/media\/268"}],"wp:attachment":[{"href":"https:\/\/runtzcartsdisposables.com\/nl\/wp-json\/wp\/v2\/media?parent=267"}],"wp:term":[{"taxonomy":"product_cat","embeddable":true,"href":"https:\/\/runtzcartsdisposables.com\/nl\/wp-json\/wp\/v2\/product_cat?post=267"},{"taxonomy":"product_tag","embeddable":true,"href":"https:\/\/runtzcartsdisposables.com\/nl\/wp-json\/wp\/v2\/product_tag?post=267"}],"curies":[{"name":"wp","href":"https:\/\/api.w.org\/{rel}","templated":true}]}}