{"id":287,"date":"2023-01-12T15:55:04","date_gmt":"2023-01-12T15:55:04","guid":{"rendered":"https:\/\/runtzcartsdisposables.com\/?post_type=product&#038;p=287"},"modified":"2024-11-25T20:12:49","modified_gmt":"2024-11-25T20:12:49","slug":"jack-herer","status":"publish","type":"product","link":"https:\/\/runtzcartsdisposables.com\/nl\/product\/jack-herer\/","title":{"rendered":"Jack Herer"},"content":{"rendered":"<h1>Koop Jack Herer online in Europa<\/h1>\n<p>Koop Jack Herer online in Europa. Jack Herer is een sativa-dominante cannabissoort die net zo bekend is geworden als zijn naamgenoot, de marihuana-activist en auteur van The <a href=\"https:\/\/en.wikipedia.org\/wiki\/The_Emperor_Wears_No_Clothes\" target=\"_blank\" rel=\"noopener\">Emperor Wears No Clothes<\/a>. Door er een te combineren <a href=\"https:\/\/www.leafly.com\/strains\/haze\" target=\"_blank\" rel=\"noopener\">Haze-Hybriden<\/a> mit einer <a href=\"https:\/\/www.ilovegrowingmarijuana.com\/strains\/northern-lights-no-5\/\" target=\"_blank\" rel=\"noopener\">Northern Lights #5<\/a> und einer <a href=\"https:\/\/www.wikileaf.com\/strain\/shiva-skunk\/\" target=\"_blank\" rel=\"noopener\">Shiva Skunk<\/a>-Kreuzung schuf Sensi Seeds Jack Herer in der Hoffnung, sowohl ein zerebrales Hochgef\u00fchl als auch eine starke Harzproduktion zu erreichen. Ihr reicher genetischer Hintergrund f\u00fchrt zu verschiedenen Variationen von Jack-Herer, wobei jeder Ph\u00e4notyp seine eigenen einzigartigen Eigenschaften und Wirkungen hat. Die Konsumenten beschreiben diesen 55%igen Sativa-Hybriden jedoch in der Regel als gl\u00fcckselig, klar im Kopf und kreativ. Hochwertiges Weed online in Europa kaufen<\/p>\n<p>Jack Herer wurde Mitte der 1990er Jahre in den Niederlanden entwickelt, wo sie sp\u00e4ter von niederl\u00e4ndischen Apotheken als anerkannte medizinische Sorte vertrieben wurde. Seitdem hat diese w\u00fcrzige, nach Kiefer duftende Sorte zahlreiche Auszeichnungen f\u00fcr ihre Qualit\u00e4t und Potenz erhalten. Viele Z\u00fcchter haben versucht, diese Hauptsorte in sonnigen oder mediterranen Klimazonen selbst zu z\u00fcchten. Indoor-Z\u00fcchter sollten 50 bis 70 Tage warten, bis Jack-Herer bl\u00fcht. Candy Jack kaufen<\/p>\n<p>&nbsp;<\/p>\n<p>De Jack Herer-soort is een van de meest bekende in Noord-Amerika. De <a href=\"https:\/\/www.wikileaf.com\/strain\/shiva-skunk\/\" target=\"_blank\" rel=\"noopener\">Sativa<\/a> erhielt ihren Namen von Jack-Herer, dem Autor von &#8222;Der Kaiser tr\u00e4gt keine Kleider&#8220;. Sein Engagement f\u00fcr die Verbreitung von Pro-Cannabis-Informationen ist weithin bekannt. Er gilt als einer der Vorv\u00e4ter der Legalisierung. Mango Haze kaufen<\/p>\n<p>Dankzij Sensi Seeds leeft de legende van Jack Herer voort in de huizen van miljoenen mensen. Jack kopen<\/p>\n<p>Frosties Cookies nakomeling van Northern Lights #5 en Shiva Skunk. Noorderlicht kopen<\/p>\n<p>&nbsp;<\/p>\n<p>Esthetiek<\/p>\n<p>De meesten kennen Jack Herer vanwege haar impact, maar haar uiterlijk is niet anders. Haar dichte toppen zitten boordevol trichomen, waardoor ze een plakkerige plant is. We raden aan om handschoenen te gebruiken bij het breken of trimmen. Koop Chapo-koekjes<\/p>\n<p>Als je een bekroonde soort aan je repertoire wilt toevoegen, hoef je niet verder te zoeken. De prijzenlijst van Jack Herer is indrukwekkend. Ze bezit momenteel 9 Cannabis Cup-kampioenschappen en talloze andere lokale onderscheidingen van over de hele wereld. Fruitige kiezels kopen<\/p>\n<p>Met zijn hemelse verscheidenheid aan citrusgeuren en -smaken, hoe kan het dan niet dit soort prijzen binnenhalen? Als klap op de vuurpijl produceert het roken van Jack Herer een dennenachtige nasmaak die me doet denken aan de weelderige bossen van de Pacific Northwest. Nieuwkomers zullen genieten van de zachte rook die gemakkelijk in de keel ligt. Koop Garrison Lane<\/p>\n<h2>Koop Jack Herer online in Europa<\/h2>\n<p>Jack Here-effecten + voordelen<\/p>\n<p>Eenmaal geconsumeerd, begint het effect onmiddellijk. Een lichte roes begint in het hoofd, stimuleert de zintuigen en maakt tonnen endorfine vrij. Naarmate de high vordert, trekt de high het lichaam binnen. Niet zozeer om de gebruiker te onthoofden, maar genoeg om hem ontspannen en licht te laten voelen. Zure diesel kopen<\/p>\n<p>De creatieve effecten van Jack zijn onge\u00ebvenaard. Vanaf het moment dat de rook de tong raakt tot het moment dat het cannabino\u00efdeprofiel de bloedbaan raakt, vindt er een artistiek ontwaken plaats. Het invoeren van een staat van focus op kunst, muziek, schrijven en andere ambachten is naadloos. De cerebrale activiteit omvat een werelds gevoel van verwondering dat de gebruiker ertoe brengt het bestaan \u200b\u200bervan in twijfel te trekken. Koop een kersencake<\/p>\n<p>Warnung: Wenn Ihre Freunde nichts von Ihren tiefgr\u00fcndigen Gedanken \u00fcber Jack-Herer h\u00f6ren wollen, ist es an der Zeit, sich neue Freunde zu suchen! Big Mex Magic Mushroom Online USA<\/p>\n<p>Grapje, maar je wordt er erg spraakzaam en sociaal van. Dit maakt deze soort een uitstekende metgezel voor sociale interacties. Een gesprek voeren wordt een fluitje van een cent en jezelf voorstellen aan nieuwe mensen is leuk. Super Og-koekje kopen<\/p>\n<p>Niet alleen de creatieve en sociale eigenschappen maken deze soort heel bijzonder, maar de euforie die ze opwekt helpt mensen die aan een depressie lijden. Ze verandert somberheid in bloei, verdriet in vreugde. Koop Citroen Skittle<\/p>\n<p>Es ist unn\u00f6tig zu erw\u00e4hnen, dass <a href=\"https:\/\/runtzcartsdisposables.com\/nl\/product\/jack\/\">Jack Herer<\/a> eine gro\u00dfartige Wahl f\u00fcr die Medikation w\u00e4hrend des Tages ist. Ein paar Z\u00fcge und es ist ein Hintergrundrauschen, aber selbst in gr\u00f6\u00dferen Mengen erlaubt die energetisierende Wirkung den Nutzern, mit ihrem Leben weiterzumachen. Kaufen Sie Jack-Herer Online In Europa Kaufen Sie Member Berry.<\/p>","protected":false},"excerpt":{"rendered":"<h2 style=\"text-align: center;\">Jack Herer<\/h2>\n<hr \/>\n<p>Jack Herer is een sativa-dominante cannabissoort die net zo bekend is geworden als zijn naamgenoot, de marihuana-activist en auteur van The Emperor Wears No Clothes.<\/p>\n<p>&nbsp;<\/p>","protected":false},"featured_media":288,"comment_status":"open","ping_status":"closed","template":"","meta":{"_monsterinsights_skip_tracking":false,"_monsterinsights_sitenote_active":false,"_monsterinsights_sitenote_note":"","_monsterinsights_sitenote_category":0},"product_cat":[126,127],"product_tag":[155,156,157,158,159],"_links":{"self":[{"href":"https:\/\/runtzcartsdisposables.com\/nl\/wp-json\/wp\/v2\/product\/287"}],"collection":[{"href":"https:\/\/runtzcartsdisposables.com\/nl\/wp-json\/wp\/v2\/product"}],"about":[{"href":"https:\/\/runtzcartsdisposables.com\/nl\/wp-json\/wp\/v2\/types\/product"}],"replies":[{"embeddable":true,"href":"https:\/\/runtzcartsdisposables.com\/nl\/wp-json\/wp\/v2\/comments?post=287"}],"wp:featuredmedia":[{"embeddable":true,"href":"https:\/\/runtzcartsdisposables.com\/nl\/wp-json\/wp\/v2\/media\/288"}],"wp:attachment":[{"href":"https:\/\/runtzcartsdisposables.com\/nl\/wp-json\/wp\/v2\/media?parent=287"}],"wp:term":[{"taxonomy":"product_cat","embeddable":true,"href":"https:\/\/runtzcartsdisposables.com\/nl\/wp-json\/wp\/v2\/product_cat?post=287"},{"taxonomy":"product_tag","embeddable":true,"href":"https:\/\/runtzcartsdisposables.com\/nl\/wp-json\/wp\/v2\/product_tag?post=287"}],"curies":[{"name":"wp","href":"https:\/\/api.w.org\/{rel}","templated":true}]}}