{"id":323,"date":"2023-01-12T18:39:19","date_gmt":"2023-01-12T18:39:19","guid":{"rendered":"https:\/\/runtzcartsdisposables.com\/?post_type=product&#038;p=323"},"modified":"2024-11-25T20:12:40","modified_gmt":"2024-11-25T20:12:40","slug":"strawberry-cough","status":"publish","type":"product","link":"https:\/\/runtzcartsdisposables.com\/nl\/product\/strawberry-cough\/","title":{"rendered":"Strawberry Cough"},"content":{"rendered":"<h1>Erdbeerhusten Online kaufen<\/h1>\n<p>Koop Aardbeienhoest online. Strawberry Cough staat bekend om zijn zoete geur van verse aardbeien en een zich verspreidend gevoel dat zelfs de meest doorgewinterde roker kan doen hoesten. Het is een krachtige soort met een mysterieuze genetische oorsprong. De skunky, besachtige smaken zullen je zintuigen veroveren<\/p>\n<p>het cerebrale, opbeurende effect cre\u00ebert een aura van euforie die zeker een glimlach op je gezicht zal toveren. Strawberry Cough is een geweldige oplossing in tijden van verhoogde stress.<\/p>\n<p>De Strawberry Cough-soort is een sativa voor alle leeftijden. Het biedt alles wat je zou willen in een ochtendspanning en meer. Online wiet kopen in Europa<\/p>\n<p>Deze sensationele sativa heeft een bijzonder goed gedocumenteerde geschiedenis. Ze was van <a href=\"https:\/\/www.facebook.com\/KushmanVeganics\/\" target=\"_blank\" rel=\"noopener\">Kyle Kushman<\/a> ontwikkeld uit de kruising van Strawberry Fields en Haze. Nadat hij ze had geperfectioneerd, reed hij van New York naar LA en deelde klonen uit wanneer hij maar kon in de hoop de soort te verspreiden. Eenmaal in Californi\u00eb probeerde hij de populariteit van de soort te vergroten. Chapo-koekjes<\/p>\n<p>Dankzij zijn werk heeft Strawberry Cough de longen en harten van talloze mensen over de hele wereld verwarmd.<\/p>\n<p><a href=\"https:\/\/runtzcartsdisposables.com\/nl\/\">Weed online kaufen in Europa<\/a><\/p>\n<h2>Aardbeienhoest online kopen<\/h2>\n<p>Esthetiek<\/p>\n<p>De legendarische status van Strawberry Cough begint met het aroma. Een aangenaam boeket aardbeien irriteert de neusgaten en herinnert eraan waarom het die naam draagt. Terwijl de aardbei rondspoelt, vult een vleugje kruidenpeper de gaten. Lemon Zkittle De smaak is grotendeels hetzelfde, met een beetje kruidigheid en zoetigheid die doorbreken. Hoewel je zou verwachten dat een wiet die zoveel te bieden heeft op het gebied van smaak en geur, een zachte rook is, zou je het helaas mis hebben. Het hoestgedeelte van de naam is net zo geldig als de aardbei. Citroen Zkittle<\/p>\n<p>Zelfs doorgewinterde marihuanagebruikers zullen hoesten van de rook van de soort. aardbei kush<\/p>\n<p>&nbsp;<\/p>\n<p>Aardbeienhoesteffecten + voordelen<\/p>\n<p>Elke soort met dit opmerkelijke smaakprofiel is een onderwerp van gesprek. Maar ook al wedijvert de smaak met de beste, de buzz is een betere weergave van de soort. boer. Naarmate de hoestbui afneemt en de roes toeneemt, breekt er een roes van euforie door. Velen beschrijven de gebeurtenis als verhelderend of wijsheidverhogend. Strawberry Cough is een soort die diepe en zinvolle gesprekken aanmoedigt. Als Plato of Socrates cannabis zouden roken, zouden ze zeker van deze soort houden. Super Og-koekje<\/p>\n<p>In combinatie met de inzichtelijke gedachtegang is een focus en energie als geen ander. Binnen enkele ogenblikken brengt ze je in een staat die je drijft om doelen na te streven, taken te voltooien en de wereld te veroveren. GROEI KOOP (per gram)<\/p>\n<p>Strawberry Cough is een sleutel tot creativiteit en opent de deur naar een wereld van verbeelding. Het helpt barri\u00e8res te doorbreken die ervoor hebben gezorgd dat je idee\u00ebn najaagt. In plaats daarvan stromen de idee\u00ebn door je heen. Het enige probleem is beslissen welke je omarmt en welke je weggooit. Het wordt ook beschreven als een milde psychedelica die door sommigen wordt ervaren. Appelbeignets<\/p>\n<p>Veel van de eigenschappen die van Strawberry Cough een uitzonderlijke recreatieve soort maken, zijn ook gunstig voor medicinaal gebruik. Stress en depressie kunnen worden behandeld dankzij de herstellende eigenschappen. Zelfs de ergste neerwaartse trends keren in een oogwenk om. Cake Mix\/Minntz kopen<\/p>\n<p>Aandachtstekortstoornis, of ADD, verbetert bij gebruik van deze bloem. Raadpleeg uw arts voordat u met medicatie stopt. snoep jack<\/p>\n<p>De Strawberry Cough-soort is een unieke soort. Het is perfect om de dag te beginnen en je te helpen uitblinken, waar het leven je ook brengt. Kersentaart kopen<\/p>\n<p>Bis zu 21-23% THC<\/p>","protected":false},"excerpt":{"rendered":"<h2 style=\"text-align: center;\"><strong>Strawberry Cough<\/strong><\/h2>\n<hr \/>\n<p style=\"text-align: center;\">\n<p>Strawberry Cough staat bekend om haar zoete geur van verse aardbeien en een zich verspreidend gevoel dat zelfs de meest doorgewinterde roker kan doen hoesten. Het is een krachtige soort met een mysterieuze genetische oorsprong.<\/p>","protected":false},"featured_media":324,"comment_status":"open","ping_status":"closed","template":"","meta":{"_monsterinsights_skip_tracking":false,"_monsterinsights_sitenote_active":false,"_monsterinsights_sitenote_note":"","_monsterinsights_sitenote_category":0},"product_cat":[126,127],"product_tag":[],"_links":{"self":[{"href":"https:\/\/runtzcartsdisposables.com\/nl\/wp-json\/wp\/v2\/product\/323"}],"collection":[{"href":"https:\/\/runtzcartsdisposables.com\/nl\/wp-json\/wp\/v2\/product"}],"about":[{"href":"https:\/\/runtzcartsdisposables.com\/nl\/wp-json\/wp\/v2\/types\/product"}],"replies":[{"embeddable":true,"href":"https:\/\/runtzcartsdisposables.com\/nl\/wp-json\/wp\/v2\/comments?post=323"}],"wp:featuredmedia":[{"embeddable":true,"href":"https:\/\/runtzcartsdisposables.com\/nl\/wp-json\/wp\/v2\/media\/324"}],"wp:attachment":[{"href":"https:\/\/runtzcartsdisposables.com\/nl\/wp-json\/wp\/v2\/media?parent=323"}],"wp:term":[{"taxonomy":"product_cat","embeddable":true,"href":"https:\/\/runtzcartsdisposables.com\/nl\/wp-json\/wp\/v2\/product_cat?post=323"},{"taxonomy":"product_tag","embeddable":true,"href":"https:\/\/runtzcartsdisposables.com\/nl\/wp-json\/wp\/v2\/product_tag?post=323"}],"curies":[{"name":"wp","href":"https:\/\/api.w.org\/{rel}","templated":true}]}}