{"id":359,"date":"2023-01-13T05:23:20","date_gmt":"2023-01-13T05:23:20","guid":{"rendered":"https:\/\/runtzcartsdisposables.com\/?post_type=product&#038;p=359"},"modified":"2024-11-25T20:12:30","modified_gmt":"2024-11-25T20:12:30","slug":"black-domina","status":"publish","type":"product","link":"https:\/\/runtzcartsdisposables.com\/nl\/product\/black-domina\/","title":{"rendered":"Black Domina"},"content":{"rendered":"<h1>Koop zwarte femdom online<\/h1>\n<p>Black Domina online kaufen. black-domina online bestellen, Die Arbeit mit vier erstklassigen Exemplaren von Cannabis Afghanica veranlasste Sensi Seeds dazu, die weltbeste <a href=\"https:\/\/runtzcartsdisposables.com\/index.php\/product-category\/blumen\/indica-sorten\/\">Indica-Genetik<\/a> zu einem schnell bl\u00fchenden, kristallbeschichteten Hybriden zu mischen: Black-Domina. Durch die Kombination w\u00fcnschenswerter Eigenschaften der <a href=\"https:\/\/www.space.com\/15139-northern-lights-auroras-earth-facts-sdcmp.html\" target=\"_blank\" rel=\"noopener\">Northern Lights<\/a>, <a href=\"https:\/\/www.leafly.com\/strains\/ortega\" target=\"_blank\" rel=\"noopener\">Ortega<\/a>, <a href=\"https:\/\/www.wikileaf.com\/strain\/hash-plant\/\" target=\"_blank\" rel=\"noopener\">Hash Plant<\/a> und Afghani SA ist diese Sorte gleicherma\u00dfen f\u00fcr die Bed\u00fcrfnisse kommerzieller Z\u00fcchter, Kenner und Erstanbauer geeignet. Black-Domina liefert ein w\u00fcrziges Paprika-Aroma neben \u00fcberw\u00e4ltigender Entspannung und Schl\u00e4frigkeit, was diese Sorte ideal f\u00fcr den n\u00e4chtlichen Gebrauch macht. Cake Mix\/Mintz kaufen<\/p>\n<p>Deze soort is geweldig! Het is als het roken van een antidepressivum. Zeer euforische head-high in het begin, en de burn-out laat je nog steeds erg vredig achter - niet suf en boos dat je niet meer high bent.<\/p>\n<h3>Koop zwarte femdom online<\/h3>\n<p>Black Domina online kaufen. Black-Domina online bestellen. Die Knospen sind gro\u00df, dicht und super dunkel. Fast alle tief lila macht diese Sorte die eine f\u00fcr eine verr\u00fcckte seltene Sorte zu kaufen. Ich hatte noch nie von ihr geh\u00f6rt, bis ich sie in die Finger bekam. Ein Blick, ein Geruch und ein Zug brachten diese Sorte in unsere Liste.buy Strawnana<\/p>\n<p>&nbsp;<\/p>\n<p>Een geweldige nachtelijke soort voor degenen die wat slaap nodig hebben. Vergeet schaapjes tellen, rook en val in slaap.<\/p>","protected":false},"excerpt":{"rendered":"<h3 style=\"text-align: center;\">Black Domina<\/h3>\n<hr \/>\n<p>Sensi Seeds werkte met vier eersteklas exemplaren van Cannabis Afghanica en mengde 's werelds beste indica-genetica tot een snelbloeiende, met kristallen omhulde hybride.<\/p>\n<p>&nbsp;<\/p>","protected":false},"featured_media":360,"comment_status":"open","ping_status":"closed","template":"","meta":{"_monsterinsights_skip_tracking":false,"_monsterinsights_sitenote_active":false,"_monsterinsights_sitenote_note":"","_monsterinsights_sitenote_category":0},"product_cat":[126,195],"product_tag":[],"_links":{"self":[{"href":"https:\/\/runtzcartsdisposables.com\/nl\/wp-json\/wp\/v2\/product\/359"}],"collection":[{"href":"https:\/\/runtzcartsdisposables.com\/nl\/wp-json\/wp\/v2\/product"}],"about":[{"href":"https:\/\/runtzcartsdisposables.com\/nl\/wp-json\/wp\/v2\/types\/product"}],"replies":[{"embeddable":true,"href":"https:\/\/runtzcartsdisposables.com\/nl\/wp-json\/wp\/v2\/comments?post=359"}],"wp:featuredmedia":[{"embeddable":true,"href":"https:\/\/runtzcartsdisposables.com\/nl\/wp-json\/wp\/v2\/media\/360"}],"wp:attachment":[{"href":"https:\/\/runtzcartsdisposables.com\/nl\/wp-json\/wp\/v2\/media?parent=359"}],"wp:term":[{"taxonomy":"product_cat","embeddable":true,"href":"https:\/\/runtzcartsdisposables.com\/nl\/wp-json\/wp\/v2\/product_cat?post=359"},{"taxonomy":"product_tag","embeddable":true,"href":"https:\/\/runtzcartsdisposables.com\/nl\/wp-json\/wp\/v2\/product_tag?post=359"}],"curies":[{"name":"wp","href":"https:\/\/api.w.org\/{rel}","templated":true}]}}