{"id":401,"date":"2023-01-13T06:05:21","date_gmt":"2023-01-13T06:05:21","guid":{"rendered":"https:\/\/runtzcartsdisposables.com\/?post_type=product&#038;p=401"},"modified":"2024-11-25T20:12:20","modified_gmt":"2024-11-25T20:12:20","slug":"gods-gift","status":"publish","type":"product","link":"https:\/\/runtzcartsdisposables.com\/nl\/product\/gods-gift\/","title":{"rendered":"Gods gift"},"content":{"rendered":"<h1>Koop Gods geschenk online<\/h1>\n<p>Gods Gift online kaufen. God&#8217;s Gift online bestellen. God&#8217;s Gift ist eine Sorte, die 2005 in kalifornischen Apotheken popul\u00e4r wurde und Aromen von Trauben, Zitrusfr\u00fcchten und Haschisch enth\u00e4lt. Ihre Eltern sind <a href=\"https:\/\/www.wikileaf.com\/strain\/grand-daddy-purple\/\" target=\"_blank\" rel=\"noopener\">Granddaddy Purple<\/a> und <a href=\"https:\/\/www.leafly.com\/strains\/og-kush\" target=\"_blank\" rel=\"noopener\">OG Kush<\/a>. Ongeacht je geloofssysteem, deze soort is een \"geschenk\" met haar dromerige, gelukzalige effecten. Haar bloeitijd duurt meestal zo'n 8-9 weken.<\/p>\n<p>Ten eerste, deze soort die populair is geworden in apotheken over de hele wereld vanwege zijn zeer ontspannende effecten, God's Gift bevat smaken van druif, citrus en hasj. Koop roze dosidos<\/p>\n<p>Haar ouders zijn ook Granddaddy Purple en OG Kush. Deze soort is ook een \"geschenk\", ongeacht het geloofssysteem waarin je gelooft, met hoge THC-niveaus van 18-22%.<\/p>\n<p>Je vindt het niet erg om weg te zakken in je bed, bank of een lekker stukje warm gras. Ananas Express kopen<\/p>\n<h2>Koop Gods geschenk online<\/h2>\n<p>God&#8217;s Gift online kaufen. God&#8217;s Gift online bestellen. Ebenso ist God&#8217;s Gift hier, um Sie zu entspannen, um Sie gl\u00fccklich zu machen und um diesen l\u00e4stigen Stress, die Schmerzen und die Schlaflosigkeit zu heilen. Paris <a href=\"https:\/\/runtzcartsdisposables.com\/nl\/product\/xxx-og\/\">OG<\/a><\/p>\n<p>Bovendien heeft deze prachtige soort ook het vermogen om je angsten weg te smelten. Nogmaals, dit is een speciale soort die een vaste plek in je selectie verdient als je worstelt met angst of stress. voorhoofd ondersteboven Gods geschenk<\/p>\n<p>Wirkungen: Entspannt, Gl\u00fccklich, Schl\u00e4frig<\/p>\n<p>Medizinische Wirkungen: Stress, Schmerz, Depression, Schlaflosigkeit<\/p>\n<p>THC: 24%<\/p>\n<h4>Koop de beste goedkope wiet online, eetwaren, cannabisolie, cannabiszaden, vapen, pre-roll joints, concentraten, hasj en topicals online bij leveranciers van cannabisexperts met korting en gegarandeerde verzending. Koop God's Gift-marihuanasoort online<\/h4>\n<p>Koop marihuana online, koop marihuana online in het VK, koop medische marihuana online in Australi\u00eb, koop marihuana<\/p>\n<p>online Australi\u00eb, marihuana online bestellen VS, medische marihuana online bestellen | marihuana online kopen met<\/p>\n<p>Marihuana online bestellen, marihuana online bestellen, waar marihuana online kopen, marihuana online kopen VS, marihuana online kopen VK, marihuana online kopen Australi\u00eb, God's Gift-marihuanasoort online kopen. Koop marihuana online Europa<\/p>","protected":false},"excerpt":{"rendered":"<h3 style=\"text-align: center;\">Gods Gift<\/h3>\n<hr \/>\n<p>Gods Gift ist eine Sorte, die 2005 in kalifornischen Apotheken popul\u00e4r wurde und Aromen von Trauben, Zitrusfr\u00fcchten und Haschisch enth\u00e4lt. Ihre Eltern sind Granddaddy Purple und OG Kush. Unabh\u00e4ngig von Ihrem Glaubenssystem ist diese Sorte mit ihrer traumhaften, gl\u00fcckseligen Wirkung ein &#8222;Geschenk&#8220;.<\/p>\n<p>&nbsp;<\/p>","protected":false},"featured_media":407,"comment_status":"open","ping_status":"closed","template":"","meta":{"_monsterinsights_skip_tracking":false,"_monsterinsights_sitenote_active":false,"_monsterinsights_sitenote_note":"","_monsterinsights_sitenote_category":0},"product_cat":[126,195],"product_tag":[215,216,217,218],"_links":{"self":[{"href":"https:\/\/runtzcartsdisposables.com\/nl\/wp-json\/wp\/v2\/product\/401"}],"collection":[{"href":"https:\/\/runtzcartsdisposables.com\/nl\/wp-json\/wp\/v2\/product"}],"about":[{"href":"https:\/\/runtzcartsdisposables.com\/nl\/wp-json\/wp\/v2\/types\/product"}],"replies":[{"embeddable":true,"href":"https:\/\/runtzcartsdisposables.com\/nl\/wp-json\/wp\/v2\/comments?post=401"}],"wp:featuredmedia":[{"embeddable":true,"href":"https:\/\/runtzcartsdisposables.com\/nl\/wp-json\/wp\/v2\/media\/407"}],"wp:attachment":[{"href":"https:\/\/runtzcartsdisposables.com\/nl\/wp-json\/wp\/v2\/media?parent=401"}],"wp:term":[{"taxonomy":"product_cat","embeddable":true,"href":"https:\/\/runtzcartsdisposables.com\/nl\/wp-json\/wp\/v2\/product_cat?post=401"},{"taxonomy":"product_tag","embeddable":true,"href":"https:\/\/runtzcartsdisposables.com\/nl\/wp-json\/wp\/v2\/product_tag?post=401"}],"curies":[{"name":"wp","href":"https:\/\/api.w.org\/{rel}","templated":true}]}}