{"id":408,"date":"2023-01-13T06:09:49","date_gmt":"2023-01-13T06:09:49","guid":{"rendered":"https:\/\/runtzcartsdisposables.com\/?post_type=product&#038;p=408"},"modified":"2024-11-25T20:12:18","modified_gmt":"2024-11-25T20:12:18","slug":"godfather-og","status":"publish","type":"product","link":"https:\/\/runtzcartsdisposables.com\/nl\/product\/godfather-og\/","title":{"rendered":"Godfather Og"},"content":{"rendered":"<h1>Koop Godfather OG online<\/h1>\n<p>Godfather OG online kaufen. Godfather-OG online bestellen. Orange Kush wurde von Green Devil Genetics gez\u00fcchtet und ist das Kind von Orange Bud und OG Kush. Sie entspannt den K\u00f6rper und hebt die Stimmung mit einem s\u00fc\u00dfen und spritzigen Zitrusaroma. Diese Sorte ist resistent gegen die meisten Sch\u00e4dlinge und Schimmel und hat lange, dichte Knospen mit vielen orangefarbenen Haaren und Trichomkristallen. kaufen Obama kush<\/p>\n<p>Godfather-OG ist eine Indica-dominante Sorte, die aus OG Kush und Granddaddy Purple gekreuzt wurde und daf\u00fcr bekannt ist, dass sie den Schlaf f\u00f6rdert. Godfather-OG Unkraut. Diese Bl\u00fcten riechen erdig nach Kiefer und Zitrusfr\u00fcchten mit subtilen Untert\u00f6nen von Trauben. Diese Sorte ist daf\u00fcr bekannt, dass sie Schmerzen und Verspannungen lindert, w\u00e4hrend sie den Benutzer mit einem Gef\u00fchl extremer Entspannung und einer gehobenen Stimmung zur\u00fcckl\u00e4sst.buy Peach<br \/>\nGodfather-OG wird als der Don unter den Kush-Sorten bezeichnet. purple punch kaufen<\/p>\n<p>Zusammen mit unserem Gorilla Glue, Bruce Banner und Acapulco Gold ist unsere <a href=\"https:\/\/hhcgraskaufen.com\" target=\"_blank\" rel=\"noopener\">Godfather OG<\/a>-Sorte eine der st\u00e4rksten derzeit erh\u00e4ltlichen Sorten. Peanut Butter Breath kaufen<\/p>\n<h2>Koop Godfather OG online<\/h2>\n<p>Godfather OG online kaufen. Godfather-OG online bestellen. Der Ursprung dieser einzigartigen Sorte liegt in Kalifornien, wo Godfather OG vom California Herbal Remedies Team entwickelt wurde, das zwei Legenden kreuzte, um diese Sorte zu erschaffen: die OG Kush und die Alpha OG. Das Ergebnis? Godfather-<a href=\"https:\/\/runtzcartsdisposables.com\/nl\/product\/platinum-og\/\">OG<\/a>. Ein Biest von einem Hybriden mit einem THC-Gehalt, der in extremen F\u00e4llen 34% erreichen kann.buy Raspberry Cheesecake Brownie<\/p>\n<p>M\u00f6chten Sie diese THC-Bombe selbst anbauen? Kaufen Sie unsere feminisierten Godfather-OG-Samen oder lesen Sie weiter und erfahren Sie mehr \u00fcber diese wunderbare Dame.<\/p>\n<p>Diese Sorte wird als &#8222;The Don of all OGs&#8220; bezeichnet und hat einen Namen, dem sie gerecht werden muss. Godfather-OG ist eine beliebte medizinische Sorte in S\u00fcdkalifornien und wird, wie viele andere OG-Sorten, aufgrund ihrer sedierenden Indica-Eigenschaften oft bei Schlaflosigkeit und Schmerzen empfohlen. Die Don ist das Ergebnis der Kreuzung von XXX OG und Alpha OG, und es gibt eine Kushy W\u00fcrzigkeit in seinem Duft mit einigen subtilen Trauben Noten gekoppelt. Godfather-OG ist stark; mit einem THC-Gehalt, der bis zu 28% gemessen wurde, ist diese Sorte ein Angebot, das man nicht ablehnen kann. Godfather-OG gewann den 1. Platz f\u00fcr die beste Indica beim High Times Cannabis Cup 2013 in Los Angeles.buy Zombie kush<\/p>\n<p>Koop vandaag nog Godfather OG online bij Terra Cannabis en we bezorgen je wiet snel en discreet bij je. Waar je ook bent in Canada, Terra Cannabis is jouw bron voor kwaliteitsvolle wiet- en marihuanaproducten. Als je hulp nodig hebt bij het vinden van de juiste soort voor jou, neem dan contact met ons op en we helpen je graag verder. <a href=\"https:\/\/runtzcartsdisposables.com\/nl\/\">weed online kaufen Europa<\/a><\/p>","protected":false},"excerpt":{"rendered":"<h3 style=\"text-align: center;\">Godfather Og<\/h3>\n<hr \/>\n<p>Orange Kush, gekweekt door Green Devil Genetics, is het nageslacht van Orange Bud en OG Kush. Ze ontspant het lichaam en verbetert de stemming met een zoet en pittig citrusaroma.<\/p>","protected":false},"featured_media":409,"comment_status":"open","ping_status":"closed","template":"","meta":{"_monsterinsights_skip_tracking":false,"_monsterinsights_sitenote_active":false,"_monsterinsights_sitenote_note":"","_monsterinsights_sitenote_category":0},"product_cat":[126,195],"product_tag":[199,220,219],"_links":{"self":[{"href":"https:\/\/runtzcartsdisposables.com\/nl\/wp-json\/wp\/v2\/product\/408"}],"collection":[{"href":"https:\/\/runtzcartsdisposables.com\/nl\/wp-json\/wp\/v2\/product"}],"about":[{"href":"https:\/\/runtzcartsdisposables.com\/nl\/wp-json\/wp\/v2\/types\/product"}],"replies":[{"embeddable":true,"href":"https:\/\/runtzcartsdisposables.com\/nl\/wp-json\/wp\/v2\/comments?post=408"}],"wp:featuredmedia":[{"embeddable":true,"href":"https:\/\/runtzcartsdisposables.com\/nl\/wp-json\/wp\/v2\/media\/409"}],"wp:attachment":[{"href":"https:\/\/runtzcartsdisposables.com\/nl\/wp-json\/wp\/v2\/media?parent=408"}],"wp:term":[{"taxonomy":"product_cat","embeddable":true,"href":"https:\/\/runtzcartsdisposables.com\/nl\/wp-json\/wp\/v2\/product_cat?post=408"},{"taxonomy":"product_tag","embeddable":true,"href":"https:\/\/runtzcartsdisposables.com\/nl\/wp-json\/wp\/v2\/product_tag?post=408"}],"curies":[{"name":"wp","href":"https:\/\/api.w.org\/{rel}","templated":true}]}}