{"id":458,"date":"2023-01-13T06:53:40","date_gmt":"2023-01-13T06:53:40","guid":{"rendered":"https:\/\/runtzcartsdisposables.com\/?post_type=product&#038;p=458"},"modified":"2024-11-25T20:12:06","modified_gmt":"2024-11-25T20:12:06","slug":"og-kush","status":"publish","type":"product","link":"https:\/\/runtzcartsdisposables.com\/nl\/product\/og-kush\/","title":{"rendered":"OG kush"},"content":{"rendered":"<h1>Koop OG Kush bij Coulee Dam<\/h1>\n<p>Kaufen Sie OG Kush in Coulee Dam. Bestellen Sie OG-Kush in Coulee Dam. OG Kush wurde erstmals in den fr\u00fchen 90er Jahren in Florida gez\u00fcchtet, als eine Sorte aus Nordkalifornien mit einer <a href=\"https:\/\/runtzcartsdisposables.com\/index.php\/product\/hindu-kush\/\">Hindu Kush<\/a> Plant uit Amsterdam werd gekruist. Het resultaat was een hybride met een uniek terpenenprofiel dat een complex aroma vertoont met tonen van brandstof, skunk en kruiden. Koop Banana Runtz<\/p>\n<p>OG Kush, de genetische ruggengraat van West Coast-cannabissoorten, arriveerde in 1996 in Los Angeles<\/p>\n<p>als Matt &#8222;Bubba&#8220; Berger sie (zusammen mit &#8222;The Bubba&#8220;, aus der sp\u00e4ter die ber\u00fchmte Bubba Kush entstand) aus Florida zum legend\u00e4ren Z\u00fcchter Josh D. brachte. Seitdem ist OG-Kush zu einem weltweiten Grundnahrungsmittel geworden, aus dem zahlreiche ber\u00fchmte Sorten wie GSC und Headband entstanden sind. Es gibt viele verschiedene Ph\u00e4notypen von OG Kush, darunter Tahoe OG, SFV OG und Ghost OG.buy Blissfully Baked Brownie<\/p>\n<p>OG-Kush ist eine legend\u00e4re Sorte mit tiefen Wurzeln in der Cannabis-Kultur. Sie wurde in den fr\u00fchen 90er Jahren in Florida als Kreuzung zwischen einer unbekannten nordkalifornischen Sorte und der Hindu Kush gez\u00fcchtet. Die OG-Kush, mit der wir heute vertraut sind, wurde von dem gesch\u00e4tzten Z\u00fcchter Matt &#8222;Bubba&#8220; Berger entwickelt, als er den Forum Cut von OG-Kush mit seiner The Bubba kreuzte. Die THC-Konzentration von OG-Kush liegt zwischen 20% und 25%, was sie f\u00fcr eine Hybridsorte ziemlich potent macht. Das ausgepr\u00e4gte Terpenprofil von OG Kush zeichnet sich durch seine erdigen T\u00f6ne von Gas oder Treibstoff, Skunk und Gew\u00fcrzen aus.buy Berry Pie<\/p>\n<h2>Koop OG Kush bij Coulee Dam<\/h2>\n<p>Kaufen Sie OG Kush in Coulee Dam. bestellen Sie OG-Kush in Coulee Dam. OG-Kush ist eine der beliebtesten Cannabis-Sorten \u00fcberhaupt. OG-Kush. Diese Sensation aus den 1990er Jahren ist auch die Basis f\u00fcr viele moderne Hybride. Mit einem THC-Gehalt von bis zu 24% ist es kein Wunder, dass diese Sorte so ber\u00fchmt geworden ist.buy Banana Pound Cake<br \/>\nDeze soort geeft je een euforisch en energiek gevoel. Het is uitstekend geschikt voor de behandeling van depressie, stress en chronische pijnaandoeningen. Koop Ball Family Farms<\/p>\n<h4>Laboratorium geteste resultaten:<\/h4>\n<p>THC: 24%<\/p>\n<p>CBD: 0,1%<\/p>\n<h3>OG Kush-ervaring<\/h3>\n<p>OG Kush is een van de meest populaire soorten die er zijn. Hun genetica is echter nogal een mysterie. Men denkt dat het afkomstig is uit een zak zaden in Florida en later in Californi\u00eb is gekweekt door de mensen achter Imperial Genetics. Men denkt dat het een mix is \u200b\u200bvan Chemdawg en Hindu Kush. Banaan Lato kopen<\/p>\n<p>Diese Sorte ist ein indicadominierter Hybrid mit einem Kush-\u00e4hnlichen Aroma und einer Knospenstruktur. Obwohl es einige Debatten gibt, wird angenommen, dass &#8222;<a href=\"https:\/\/runtzcartsdisposables.com\/nl\/product\/kurupt-moon-rock\/\">OG<\/a>&#8220; f\u00fcr Ocean Grown steht, eine Hommage an das kalifornische Erbe dieser Sorte. Trotz ihrer mysteri\u00f6sen Urspr\u00fcnge und des Leichentuchs der Cannabis-\u00dcberlieferungen hat OG-Kush nur an Popularit\u00e4t gewonnen. Sowohl Z\u00fcchter als auch Konsumenten k\u00f6nnen die Finger nicht von dieser Sorte lassen.buy Blueberry<\/p>\n<p>OG Kush staat bekend om haar aangename, euforische effecten. Veel mensen die last hebben van stemmingswisselingen of chronische stress houden van deze soort vanwege de gelukzaligheid die ze veroorzaakt. Dit opwindende, stonede effect gaat gepaard met een duidelijke indica high. Hoewel je humeur misschien licht en luchtig is, zal je lichaam waarschijnlijk aan de bank gekluisterd zijn. Koop Blue Skittlez<\/p>\n<p>Auch Freizeitkonsumenten haben Grund, OG-Kush zu lieben. Seine beruhigende Wirkung ist genau das, was man braucht, wenn man nach Hause kommt und sein Lieblingsvideospiel dominieren oder ein entspanntes Abendessen mit Freunden und Familie genie\u00dfen m\u00f6chte. Neue Konsumenten k\u00f6nnten diese Hybride allerdings als etwas zu sedierend empfinden. Ihr THC-Gehalt kann bis zu 24% betragen, was diese Blume ziemlich potent macht.<\/p>\n<p>Wenn sie richtig ausgeh\u00e4rtet ist, hat diese Sorte einen muffigen Geruch, der den Fans anderer Kush-Sorten bekannt vorkommen wird. Dieser Geruch wird noch intensiver, wenn die Knospen aufgebrochen werden, wobei sich Noten von Zitrusfr\u00fcchten und Kiefer dazugesellen. Der w\u00fcrzige Rauch hat die Tendenz, Marihuana-Konsumenten zum Husten zu bringen, w\u00e4hrend das Aroma wahrscheinlich noch lange in der Luft verweilt, nachdem das <a href=\"https:\/\/hhcgraskaufen.com\" target=\"_blank\" rel=\"noopener\">Gras<\/a> weg ist.<\/p>\n<p>De trichomen op de toppen zijn zo dik dat deze soort er bijna uitziet als sneeuw. Houd een grinder in de buurt als je deze soort wilt vermalen - dit is een kleverige wiet. Bubblegum Kush kopen<\/p>\n<h3>Medicinale voordelen van OG Kush<\/h3>\n<p>Diese Sorte bietet die entspannende Wirkung einer Indica mit hohem THC-Gehalt. Diese erfolgreiche Kombination macht OG-Kush zu einer beliebten medizinischen Sorte.<\/p>\n<p>Pati\u00ebnten met medicinale marihuana die lijden aan pijn, misselijkheid en migraine zullen verlichting vinden bij deze soort.<\/p>\n<p>Bovendien houden mensen met ADD\/ADHD vaak van deze soort.<\/p>\n<p>Sommigen beweren zelfs dat deze soort kan helpen bij de ziekte van Alzheimer. <a href=\"https:\/\/runtzcartsdisposables.com\/nl\/\">weed online kaufen Europa<\/a><\/p>","protected":false},"excerpt":{"rendered":"<p>Entdecken Sie die Welt von OG Kush auf unserer Website. Hochwertige Produkte, umfassende Informationen und alles, was Sie \u00fcber OG Kush wissen m\u00fcssen.<\/p>","protected":false},"featured_media":459,"comment_status":"open","ping_status":"closed","template":"","meta":{"_monsterinsights_skip_tracking":false,"_monsterinsights_sitenote_active":false,"_monsterinsights_sitenote_note":"","_monsterinsights_sitenote_category":0},"product_cat":[195,126],"product_tag":[],"_links":{"self":[{"href":"https:\/\/runtzcartsdisposables.com\/nl\/wp-json\/wp\/v2\/product\/458"}],"collection":[{"href":"https:\/\/runtzcartsdisposables.com\/nl\/wp-json\/wp\/v2\/product"}],"about":[{"href":"https:\/\/runtzcartsdisposables.com\/nl\/wp-json\/wp\/v2\/types\/product"}],"replies":[{"embeddable":true,"href":"https:\/\/runtzcartsdisposables.com\/nl\/wp-json\/wp\/v2\/comments?post=458"}],"wp:featuredmedia":[{"embeddable":true,"href":"https:\/\/runtzcartsdisposables.com\/nl\/wp-json\/wp\/v2\/media\/459"}],"wp:attachment":[{"href":"https:\/\/runtzcartsdisposables.com\/nl\/wp-json\/wp\/v2\/media?parent=458"}],"wp:term":[{"taxonomy":"product_cat","embeddable":true,"href":"https:\/\/runtzcartsdisposables.com\/nl\/wp-json\/wp\/v2\/product_cat?post=458"},{"taxonomy":"product_tag","embeddable":true,"href":"https:\/\/runtzcartsdisposables.com\/nl\/wp-json\/wp\/v2\/product_tag?post=458"}],"curies":[{"name":"wp","href":"https:\/\/api.w.org\/{rel}","templated":true}]}}