{"id":500,"date":"2023-01-14T12:22:22","date_gmt":"2023-01-14T12:22:22","guid":{"rendered":"https:\/\/runtzcartsdisposables.com\/?post_type=product&#038;p=500"},"modified":"2024-11-25T20:11:55","modified_gmt":"2024-11-25T20:11:55","slug":"purple-punch","status":"publish","type":"product","link":"https:\/\/runtzcartsdisposables.com\/nl\/product\/purple-punch\/","title":{"rendered":"Purple Punch"},"content":{"rendered":"<h1>Koop Purple Punch online<\/h1>\n<p>Koop Purple Punch online. Bestel Purple Punch online. Purple Punch is de zoete en rustgevende combinatie van twee <a href=\"https:\/\/runtzcartsdisposables.com\/index.php\/product-category\/blumen\/indica-sorten\/\">Indica<\/a>-dominante klassiekers. Door over te steken <a href=\"https:\/\/www.leafly.com\/strains\/larry-og\" target=\"_blank\" rel=\"noopener\">Larry OG<\/a> mit <a href=\"https:\/\/weedseedsexpress.com\/de\/samen\/granddaddy-purple-feminisiert\" target=\"_blank\" rel=\"noopener\">Granddaddy Purple<\/a> wurde die erstaunlich trichomenreiche Purple-Punch geboren, die nach Traubenbonbons, Blaubeermuffins und herber Kool-Aid riecht. Die Potenz dieser Sorte gibt dem Konsumenten einen doppelten Schlag auf den Kopf und den K\u00f6rper, der zun\u00e4chst zwischen den Augen landet und sich dann in den Gliedern festsetzt. Purple-Punch ist eine k\u00f6stliche Dessertsorte, die sich am besten f\u00fcr das Abendessen eignet. Ihre Wirkung kann bei der Bew\u00e4ltigung von \u00dcbelkeit, Stress, leichten K\u00f6rperschmerzen und Schlaflosigkeit helfen.<\/p>\n<h2>Koop Purple Punch online<\/h2>\n<p>Purple Punch online kaufen. Purple Punch online bestellen. Purple-Punch ist die s\u00fc\u00dfe und beruhigende Vereinigung von zwei Indica-dominanten Klassikern. Durch die Kreuzung von Larry OG mit Granddaddy Purple entstand die erstaunlich trichomenreiche Purple-Punch, die nach Traubenbonbons, Blaubeermuffins und herber Kool-Aid riecht. Die Potenz dieser Sorte gibt dem Konsumenten einen doppelten Schlag auf Kopf und K\u00f6rper, der zun\u00e4chst zwischen den Augen landet und sich dann in den Gliedma\u00dfen festsetzt. Purple-Punch ist eine k\u00f6stliche Dessertsorte, die sich am besten f\u00fcr das Abendessen eignet. Ihre Wirkung kann bei der Bew\u00e4ltigung von \u00dcbelkeit, Stress, leichten K\u00f6rperschmerzen und Schlaflosigkeit helfen. 80% Indica \/ 20% Sativa<br \/>\nTHC: 18% &#8211; 20%, CBD: 1%<br \/>\nPurple Punch ist ein seltener Indica-dominanter Hybrid (80% Indica\/20% Sativa), der durch Kreuzung der klassischen Larry OG mit der k\u00f6stlich potenten Grand Daddy Purps entstanden ist. Mit einem Doppelschlag an euphorischen Effekten und einem super hohen durchschnittlichen THC-Gehalt von 18-20% wirst Du den Knockout-Rausch von Purple-Punch fast sofort sp\u00fcren. Du wirst einen Schlag der Euphorie sp\u00fcren, gefolgt von einem berauschenden Auftrieb, der Dich in einen Zustand reinen Gl\u00fccks versetzt. W\u00e4hrend Dein Geist immer h\u00f6her und h\u00f6her klettert, beginnt Dein K\u00f6rper in einen entspannenden Zustand abzudriften, der sehr beruhigend und berauschend ist und oft zu einem langen und friedlichen Schlaf f\u00fchrt. In Kombination mit dem hohen THC-Gehalt machen diese Effekte Purple-Punch perfekt, um die Auswirkungen von Schlaflosigkeit, chronischem Stress, \u00dcbelkeit, chronischen Schmerzen und Depressionen zu bek\u00e4mpfen. GRN CBD Vanilla Custard CBD Vape Cartridge kaufenDiese Knospe hat flauschige, \u00fcbergro\u00dfe, leuchtend neongr\u00fcne Nuggets mit sp\u00e4rlichen rot-orangen Haaren und einer Beschichtung aus frostigen, winzigen bernsteinfarbenen Kristalltrichomen. Wenn man jedes kleine Nugget aufbricht, werden Aromen von erdigen Blaubeeren und Trauben freigesetzt, die von einem s\u00fc\u00dfen Kr\u00e4uterton untermalt werden. Der Geschmack ist sehr s\u00fc\u00df mit einem Vanille-Blaubeer-Geschmack, der einen Hauch von leicht sauren Traubenbonbons hat.<a href=\"https:\/\/runtzcartsdisposables.com\/nl\/\">buy weed online Europe<\/a><\/p>","protected":false},"excerpt":{"rendered":"<p>Purple Punch is de zoete en rustgevende fusie van twee indica-dominante klassiekers. Door Larry OG te kruisen met Granddaddy Purple ontstond de verbazingwekkende met trichomen beladen Purple Punch, die ruikt naar druivensnoepjes, bosbessenmuffins en scherpe Kool-Aid.<\/p>","protected":false},"featured_media":501,"comment_status":"open","ping_status":"closed","template":"","meta":{"_monsterinsights_skip_tracking":false,"_monsterinsights_sitenote_active":false,"_monsterinsights_sitenote_note":"","_monsterinsights_sitenote_category":0},"product_cat":[126,195],"product_tag":[205,241,242],"_links":{"self":[{"href":"https:\/\/runtzcartsdisposables.com\/nl\/wp-json\/wp\/v2\/product\/500"}],"collection":[{"href":"https:\/\/runtzcartsdisposables.com\/nl\/wp-json\/wp\/v2\/product"}],"about":[{"href":"https:\/\/runtzcartsdisposables.com\/nl\/wp-json\/wp\/v2\/types\/product"}],"replies":[{"embeddable":true,"href":"https:\/\/runtzcartsdisposables.com\/nl\/wp-json\/wp\/v2\/comments?post=500"}],"wp:featuredmedia":[{"embeddable":true,"href":"https:\/\/runtzcartsdisposables.com\/nl\/wp-json\/wp\/v2\/media\/501"}],"wp:attachment":[{"href":"https:\/\/runtzcartsdisposables.com\/nl\/wp-json\/wp\/v2\/media?parent=500"}],"wp:term":[{"taxonomy":"product_cat","embeddable":true,"href":"https:\/\/runtzcartsdisposables.com\/nl\/wp-json\/wp\/v2\/product_cat?post=500"},{"taxonomy":"product_tag","embeddable":true,"href":"https:\/\/runtzcartsdisposables.com\/nl\/wp-json\/wp\/v2\/product_tag?post=500"}],"curies":[{"name":"wp","href":"https:\/\/api.w.org\/{rel}","templated":true}]}}