{"id":518,"date":"2023-01-14T12:37:55","date_gmt":"2023-01-14T12:37:55","guid":{"rendered":"https:\/\/runtzcartsdisposables.com\/?post_type=product&#038;p=518"},"modified":"2024-11-25T20:11:51","modified_gmt":"2024-11-25T20:11:51","slug":"white-rhino","status":"publish","type":"product","link":"https:\/\/runtzcartsdisposables.com\/nl\/product\/white-rhino\/","title":{"rendered":"White Rhino"},"content":{"rendered":"<h1>Witte neushoorn online kopen.<\/h1>\n<p>Witte neushoorn online kopen. Witte neushoorn online bestellen. <a href=\"https:\/\/runtzcartsdisposables.com\/index.php\/product\/granddaddy-purple\/\">Granddaddy Purple<\/a> (of GDP) werd in 2003 ge\u00efntroduceerd door Ken Estes en is een beroemde indica-hybride van Purple Urkle en Big Bud. Dit Californische hoofdbestanddeel erft een complex druiven- en bessenaroma van zijn Purple Urkle-ouder, terwijl Big Bud zijn oversized, compacte topstructuur doorgeeft. De GDP-bloemen bloeien in diepe paarse tinten en vormen een contrasterende achtergrond voor de sneeuwwitte, kristallijne harslaag. Koop Raspberry Cheesecake Brownie<\/p>\n<p>Ihre potente Wirkung ist sowohl im Geist als auch im K\u00f6rper deutlich sp\u00fcrbar und sorgt f\u00fcr eine Verschmelzung von zerebraler Euphorie und k\u00f6rperlicher Entspannung. W\u00e4hrend Ihre Gedanken in einem tr\u00e4umerischen Rausch schweben k\u00f6nnen, ist Ihr K\u00f6rper f\u00fcr die Dauer der GDP-Wirkung eher an einer Stelle fixiert. Granddaddy Purple wird in der Regel f\u00fcr Konsumenten aus dem Regal gezogen, die Schmerzen, Stress, Schlaflosigkeit, Appetitlosigkeit und Muskelkr\u00e4mpfe bek\u00e4mpfen wollen. GDP segnet Z\u00fcchter mit massiven Ertr\u00e4gen, die nach einer 60-t\u00e4gigen Bl\u00fctezeit im Innenbereich erntereif sind.buy <a href=\"https:\/\/hhcgraskaufen.com\" target=\"_blank\" rel=\"noopener\">Paris OG<\/a><\/p>\n<p>White Rhino is een kruising tussen White Widow en een onbekende Noord-Amerikaanse indicasoort, wat resulteert in een bossige en krachtige plant. De toppen geven een sterke en bedwelmende high. De voorouders van de plant komen uit Afghanistan, Brazili\u00eb en India. White Rhino is een van de beste marihuanasoorten voor medicinaal gebruik vanwege het hoge THC-gehalte.koop Purple Og kush<\/p>\n<p>White Rhino is een krachtige indicasoort en is gemakkelijk te herkennen aan de korte tot bossige, licht- tot donkergroene bladeren. De toppen hebben een tint die het best kan worden omschreven als zilverwit en ze staat bekend om haar kracht, die gepaard gaat met een harde en snelle high, voornamelijk vanwege het hoge THC-gehalte, dat tussen de 14-20% ligt. Met een achtergrond van White Widow en een Noord-Amerikaanse sativaplant, staat ze ook bekend om haar sterke aroma, dat een mix is \u200b\u200bvan een aardse, bittere en kruidige geur.<\/p>\n<h2>Witte neushoorn online kopen.<\/h2>\n<p>Witte neushoorn online kopen. Witte neushoorn online bestellen. Het is vrij gewoon om gevoelens van luiheid, geluk en euforie te ervaren na het roken van deze soort. Daarom wordt ze voornamelijk gebruikt in de medische wereld om stress, pijn en slapeloosheid te behandelen. Het primaire negatieve effect van deze soort is een droge mond, hoewel droge ogen ook een mogelijkheid zijn. Deze soort staat ook bekend als bijzonder veerkrachtig en kan worden gekweekt in extreme klimaten.<a href=\"https:\/\/runtzcartsdisposables.com\/nl\/\">buy weed online Europe<\/a><\/p>","protected":false},"excerpt":{"rendered":"<h4 style=\"text-align: center;\">White Rhino<\/h4>\n<hr \/>\n<p>Granddaddy Purple (of GDP) werd in 2003 ge\u00efntroduceerd door Ken Estes en is een beroemde indica-hybride van Purple Urkle en Big Bud. Dit Californische hoofdbestanddeel erft een complex druiven- en bessenaroma van zijn Purple Urkle-ouder, terwijl Big Bud zijn oversized, compacte topstructuur doorgeeft.<\/p>","protected":false},"featured_media":519,"comment_status":"open","ping_status":"closed","template":"","meta":{"_monsterinsights_skip_tracking":false,"_monsterinsights_sitenote_active":false,"_monsterinsights_sitenote_note":"","_monsterinsights_sitenote_category":0},"product_cat":[126,195],"product_tag":[],"_links":{"self":[{"href":"https:\/\/runtzcartsdisposables.com\/nl\/wp-json\/wp\/v2\/product\/518"}],"collection":[{"href":"https:\/\/runtzcartsdisposables.com\/nl\/wp-json\/wp\/v2\/product"}],"about":[{"href":"https:\/\/runtzcartsdisposables.com\/nl\/wp-json\/wp\/v2\/types\/product"}],"replies":[{"embeddable":true,"href":"https:\/\/runtzcartsdisposables.com\/nl\/wp-json\/wp\/v2\/comments?post=518"}],"wp:featuredmedia":[{"embeddable":true,"href":"https:\/\/runtzcartsdisposables.com\/nl\/wp-json\/wp\/v2\/media\/519"}],"wp:attachment":[{"href":"https:\/\/runtzcartsdisposables.com\/nl\/wp-json\/wp\/v2\/media?parent=518"}],"wp:term":[{"taxonomy":"product_cat","embeddable":true,"href":"https:\/\/runtzcartsdisposables.com\/nl\/wp-json\/wp\/v2\/product_cat?post=518"},{"taxonomy":"product_tag","embeddable":true,"href":"https:\/\/runtzcartsdisposables.com\/nl\/wp-json\/wp\/v2\/product_tag?post=518"}],"curies":[{"name":"wp","href":"https:\/\/api.w.org\/{rel}","templated":true}]}}