{"id":543,"date":"2023-01-14T13:24:50","date_gmt":"2023-01-14T13:24:50","guid":{"rendered":"https:\/\/runtzcartsdisposables.com\/?post_type=product&#038;p=543"},"modified":"2024-11-25T20:11:45","modified_gmt":"2024-11-25T20:11:45","slug":"banana-kush","status":"publish","type":"product","link":"https:\/\/runtzcartsdisposables.com\/nl\/product\/banana-kush\/","title":{"rendered":"Banana kush"},"content":{"rendered":"<h1>Koop Banana Kush online<\/h1>\n<p>Koop Banana Kush online. Deze legendarische kruising van de West Coast-soort <a href=\"https:\/\/www.leafly.com\/strains\/ghost-og\" target=\"_blank\" rel=\"noopener\">Ghost OG<\/a> und <a href=\"https:\/\/www.wikileaf.com\/strain\/skunk-haze\/\" target=\"_blank\" rel=\"noopener\">Skunk Haze<\/a>om een \u200b\u200bindica-dominante hybride te cre\u00ebren die ruikt en smaakt als een schepel verse bananen. Banana Kush heeft de neiging om een \u200b\u200bzachte high te produceren naast een ontspannen gevoel van euforie.<\/p>\n<p>Banana Kush is een geweldige keuze als je worstelt met stress of depressie. Het stimuleert ook de creativiteit en kan je helpen spraakzaam te blijven in sociale omgevingen.<\/p>\n<p>Banana Kush is een soort met een solide reputatie. Banaan Kush. Deze West Coast-soort staat bekend om zijn bananensmaak en een geweldige mix van euforie en slaperigheid. Matig moeilijk te kweken, lage opbrengst, ze is het kind van Ghost OG en Skunk Haze.<\/p>\n<h5>Resultaten laboratoriumtest:<\/h5>\n<p>THC: 25%.<\/p>\n<p>CBD: 0,7%<\/p>\n<h2>Koop Banana Kush online<\/h2>\n<h4>Banana-Kush Erfahrung<\/h4>\n<p>Hoewel ze in wezen indica is, heeft Banana Kush ook enkele effecten van een sativa. Ze produceert een zeer sterke fysieke high en is ideaal voor mensen met slapeloosheid omdat ze erg slaperig is. Haar slaapverwekkende effecten zijn zo krachtig dat de meeste marihuanagebruikers deze soort voor het slapengaan bewaren - zelfs doorgewinterde cannabisliefhebbers zullen moeite hebben om hun ogen open te houden voor deze soort. Online wiet kopen in Europa<\/p>\n<p>Voordat ze in slaap vallen, ervaren marihuanagebruikers een aangename euforische high en een echte stemmingsverbetering die de stress van de dag wegsmelt. Sommige gebruikers merken droge ogen, een droge mond en een beetje paranoia bij het consumeren van grotere hoeveelheden. Dit is vooral belangrijk om in gedachten te houden als je nieuw bent met marihuana. <a href=\"https:\/\/runtzcartsdisposables.com\/index.php\/product\/paris-og\/\">Paris OG<\/a><\/p>\n<p>Banana-Kush hat ein etwas legend\u00e4res Geschmacksprofil. Sie ist eine Kreuzung zwischen Skunk Haze und Ghost OG und hat einen unverwechselbaren Bananengeschmack. Begleitet von fruchtigen und tropischen Aromen, werden einige Marihuana-Enthusiasten auch einen holzigen Geschmack feststellen. Das unverwechselbare Bananenaroma ist unverkennbar, sobald diese Sorte verbrannt wird und den Raum mit s\u00fc\u00dfem, fruchtigem Rauch erf\u00fcllt. Obama Kush<\/p>\n<p>In overeenstemming met de verleidelijke geuren en smaken, heeft deze soort een mooie aantrekkingskracht op het schap. Met felgekleurde bladeren en perzikkleurige stampers bedekt met een gezonde dosis witte trichomen, is Lemon Zkittle een mooie wiet die ervoor zorgt dat cannabisliefhebbers terug blijven komen voor meer. Super Og-koekje<\/p>\n<h3>Medizinische Vorteile von Banana-Kush<\/h3>\n<p>Van de hele OG Kush-familie is deze soort een van de soepelste, waardoor ze populair is bij medicinale marihuanapati\u00ebnten die nieuw zijn in het gebruik van cannabis of misschien niet zo vaak roken. Bananenpondcake<\/p>\n<p>Zoals eerder vermeld, is deze soort uitstekend geschikt voor mensen die lijden aan slapeloosheid dankzij de sterke kalmerende effecten.<\/p>\n<p>Marihuana-pati\u00ebnten die worstelen met symptomen van depressie zullen genieten van het opbeurende, euforische gevoel dat deze soort biedt<\/p>\n<p>Het sterke indica-effect maakt haar een geweldige soort voor de behandeling van chronische pijn.<\/p>","protected":false},"excerpt":{"rendered":"<h3 style=\"text-align: center;\">Banana kush<\/h3>\n<hr \/>\n<h3 style=\"text-align: center;\"><\/h3>\n<p>Het sterke indica-effect maakt haar een geweldige soort voor de behandeling van chronische pijn.<\/p>","protected":false},"featured_media":544,"comment_status":"open","ping_status":"closed","template":"","meta":{"_monsterinsights_skip_tracking":false,"_monsterinsights_sitenote_active":false,"_monsterinsights_sitenote_note":"","_monsterinsights_sitenote_category":0},"product_cat":[126,245],"product_tag":[],"_links":{"self":[{"href":"https:\/\/runtzcartsdisposables.com\/nl\/wp-json\/wp\/v2\/product\/543"}],"collection":[{"href":"https:\/\/runtzcartsdisposables.com\/nl\/wp-json\/wp\/v2\/product"}],"about":[{"href":"https:\/\/runtzcartsdisposables.com\/nl\/wp-json\/wp\/v2\/types\/product"}],"replies":[{"embeddable":true,"href":"https:\/\/runtzcartsdisposables.com\/nl\/wp-json\/wp\/v2\/comments?post=543"}],"wp:featuredmedia":[{"embeddable":true,"href":"https:\/\/runtzcartsdisposables.com\/nl\/wp-json\/wp\/v2\/media\/544"}],"wp:attachment":[{"href":"https:\/\/runtzcartsdisposables.com\/nl\/wp-json\/wp\/v2\/media?parent=543"}],"wp:term":[{"taxonomy":"product_cat","embeddable":true,"href":"https:\/\/runtzcartsdisposables.com\/nl\/wp-json\/wp\/v2\/product_cat?post=543"},{"taxonomy":"product_tag","embeddable":true,"href":"https:\/\/runtzcartsdisposables.com\/nl\/wp-json\/wp\/v2\/product_tag?post=543"}],"curies":[{"name":"wp","href":"https:\/\/api.w.org\/{rel}","templated":true}]}}