{"id":549,"date":"2023-01-14T13:33:35","date_gmt":"2023-01-14T13:33:35","guid":{"rendered":"https:\/\/runtzcartsdisposables.com\/?post_type=product&#038;p=549"},"modified":"2024-11-25T20:11:44","modified_gmt":"2024-11-25T20:11:44","slug":"banana-runtz","status":"publish","type":"product","link":"https:\/\/runtzcartsdisposables.com\/nl\/product\/banana-runtz\/","title":{"rendered":"Banana runtz"},"content":{"rendered":"<h1>Koop Banana Runtz-soort online in Zweden<\/h1>\n<p>Koop Banana Runtz-soort online in Zweden. De White Runtz-soort is eigenlijk een THC-gecoate runtz met dezelfde zoete smaak. De toppen zijn dicht en volledig bedekt met trichomen. De White Runtz is een paarse wiet bedekt met witte trichomen. De naam van deze soort beschrijft het heel goed. Banaan Runtz online kopen. Koop Sharklato Runtz in Buenos Aires<\/p>\n<p>Runtz ist eine aufstrebende Marihuana-Marke mit Sitz in LOS ANGELES, KALIFORNIEN, die von dem Hip-<a href=\"https:\/\/hhcgraskaufen.com\" target=\"_blank\" rel=\"noopener\">Hop-Rapper<\/a> &#8222;Yunglb_litt&#8220; entdeckt wurde, der die Marihuana-Industrie des 21. Jahrhunderts auf eine ganz andere Ebene bringt.Die Marke ist seit 2017 auf dem Vormarsch, hatte aber Anfang 2019 einen Boom, als die Marke mit der Strategie kam, die verschiedenen Geschmacksrichtungen der Marke zu ver\u00f6ffentlichen, Sie taten dies, indem der Mitbegr\u00fcnder verschiedene Kollaborationen mit verschiedenen Rappern wie Moneybagg Yo, Playboi Carti, Young thugs YSL Gang, Nav, etc. einging, wo der Ruhm des Rappers als eine wichtige Gesch\u00e4ftswaffe zur Steigerung nicht nur der Popularit\u00e4t der Marke, sondern auch des Umsatzes dient. Buy Banana Runtz Online ist eine Cannabis-Hybridsorte aus Kalifornien, die viele als S\u00fc\u00dfigkeit beschreiben w\u00fcrden, mit einem Terpenprofil und einer extrem vielf\u00e4ltigen Anzahl von Genotypen, die eine dramatische Wirkung auf Sie haben k\u00f6nnen. Daher ist es sehr schwierig zu sagen, ob Banana Runtz ein Indica-Hybrid oder eine Sativa ist, da verschiedene Genotypen in unterschiedliche Richtungen tendieren. Dies bezieht sich auch auf die THC- und CBD-Werte, die auf einer Wachstumsbasis gemessen werden. Kubanische Magic Mushrooms online kaufen.<\/p>\n<h2>Koop Banana Runtz Strain online in Zweden<\/h2>\n<p>Runtz is een wijdverbreide soort die groot is in cultuur en reclame achter de verpakking van cannabisproducten onder cannabisrokers. Naast het uiterlijk van de toppen, hebben de producenten van deze soort de soort Banana Runtz genoemd vanwege zijn zoete, zoete, aromatische en smaakvolle profiel . Eenmaal volledig gedroogd en behandeld, zouden consumenten kleuren buiten groen moeten kunnen zien. De sterke, compacte toppen van Runtz vertonen ook een levendig scala aan kleuren, van blauw en paars tot donkergroen en fel oranje. Hoewel de Banana Runtz-soort extreem moeilijk te vinden is, maken we het proces gemakkelijk voor je. Wij verkopen de beste Banana Runtz-vari\u00ebteit die op de markt verkrijgbaar is.waar online wiet kopen <a href=\"https:\/\/runtzcartsdisposables.com\/nl\/\">wo man Gras online kaufen kann<\/a><\/p>\n<p>Koop Banana Runtz-soort online in Zweden. De meeste commentaren op Runtz beschrijven de soort als euforisch en kalmerend, wat kenmerkend is voor de meeste hybrides, ongeacht of ze indica- of sativa-dominant zijn. Velen merken op dat deze soort nuttig is voor stressbeheersing, angst en chronische pijn. Je kunt verwachten dat je zorgen en problemen wegsmelten onder de overweldigende deken van ontspanning die Banana Runtz is nadat je het hebt aangestoken en die eerste hijs hebt genomen. Je zult je niet alleen geweldig voelen, maar je krijgt ook de heerlijke nasmaak van snoep van de rook in je mond. U zult zich waarschijnlijk tevreden en euforisch voelen, maar niet genoeg om het gebouw te verlaten. Zoek na een bananenruntz-sessie een comfortabele plek om je benen te strekken en te ontspannen terwijl je fysieke stress wegsmelt en je geest zich uitbreidt. Voor anderen betekent dat de tv aanzetten en een programma kijken. Meestal word je high na het roken van wiet, dus het is tijd om high te worden. Koop Banana Runtz Strain online in Zweden.<\/p>","protected":false},"excerpt":{"rendered":"<h4 style=\"text-align: center;\">Banana runtz<\/h4>\n<hr \/>\n<p>De White Runtz-soort is eigenlijk Runtz met THC en dezelfde zoete smaak. De toppen zijn dicht en volledig bedekt met trichomen<\/p>\n<p>&nbsp;<\/p>","protected":false},"featured_media":550,"comment_status":"open","ping_status":"closed","template":"","meta":{"_monsterinsights_skip_tracking":false,"_monsterinsights_sitenote_active":false,"_monsterinsights_sitenote_note":"","_monsterinsights_sitenote_category":0},"product_cat":[245,126,351],"product_tag":[202,253,254,248,249,250,255,257,256,251,252,235],"_links":{"self":[{"href":"https:\/\/runtzcartsdisposables.com\/nl\/wp-json\/wp\/v2\/product\/549"}],"collection":[{"href":"https:\/\/runtzcartsdisposables.com\/nl\/wp-json\/wp\/v2\/product"}],"about":[{"href":"https:\/\/runtzcartsdisposables.com\/nl\/wp-json\/wp\/v2\/types\/product"}],"replies":[{"embeddable":true,"href":"https:\/\/runtzcartsdisposables.com\/nl\/wp-json\/wp\/v2\/comments?post=549"}],"wp:featuredmedia":[{"embeddable":true,"href":"https:\/\/runtzcartsdisposables.com\/nl\/wp-json\/wp\/v2\/media\/550"}],"wp:attachment":[{"href":"https:\/\/runtzcartsdisposables.com\/nl\/wp-json\/wp\/v2\/media?parent=549"}],"wp:term":[{"taxonomy":"product_cat","embeddable":true,"href":"https:\/\/runtzcartsdisposables.com\/nl\/wp-json\/wp\/v2\/product_cat?post=549"},{"taxonomy":"product_tag","embeddable":true,"href":"https:\/\/runtzcartsdisposables.com\/nl\/wp-json\/wp\/v2\/product_tag?post=549"}],"curies":[{"name":"wp","href":"https:\/\/api.w.org\/{rel}","templated":true}]}}