{"id":567,"date":"2023-01-14T16:37:17","date_gmt":"2023-01-14T16:37:17","guid":{"rendered":"https:\/\/runtzcartsdisposables.com\/?post_type=product&#038;p=567"},"modified":"2024-11-25T20:11:40","modified_gmt":"2024-11-25T20:11:40","slug":"blueberry","status":"publish","type":"product","link":"https:\/\/runtzcartsdisposables.com\/nl\/product\/blueberry\/","title":{"rendered":"Blueberry"},"content":{"rendered":"<h1>Koop Blueberry Marijuana-soort online in Duitsland<\/h1>\n<p>Koop Blueberry Marijuana-soort online in Duitsland. Blueberry is een populaire, smaakvolle indica<a href=\"https:\/\/runtzcartsdisposables.com\/index.php\/product-category\/blumen\/hybrid-sorten\/\">Hybrid<\/a> mit einem starken genetischen R\u00fcckgrat. Sie ist eine Drei-Wege-Kreuzung zwischen einem Indica Afghani Elternteil und Sativa Thai und Purple Thai Variante Eltern. Blue-berry wurde urspr\u00fcnglich in den 1970er oder 80er Jahren von DJ Short entwickelt, einem geheimnisvollen, aber produktiven Z\u00fcchter, der als der &#8222;Willy Wonka des Pots&#8220; bezeichnet wurde. Blue-berry zeichnet sich durch einen unverwechselbaren Geruch und Geschmack nach frischen Blaubeeren aus, die sie zu einem dauerhaften Favoriten gemacht haben. Blue-berry ist landesweit beliebt. Beim High Times Cannabis Cup 2000 erhielt sie Bestnoten f\u00fcr die beste Indica und die beste Sorte insgesamt. Blue-berry hat einen THC-Gehalt zwischen 15% und 24%. Blue-berry ist eine Sorte aus den 1970er Jahren, die immer noch sehr beliebt ist. Diese liebliche Indica hat eine ruhige, entspannende und euphorische Wirkung. Es ist eine preisgekr\u00f6nte Sorte, die zuerst von dem legend\u00e4ren DJ Short gez\u00fcchtet wurde. Blueberry.<br \/>\nBlue-berry ist eine klassische Indica-Marihuana-Sorte, die vom legend\u00e4ren <a href=\"https:\/\/twitter.com\/djshort?ref_src=twsrc%5Egoogle%7Ctwcamp%5Eserp%7Ctwgr%5Eauthor\" target=\"_blank\" rel=\"noopener\">DJ Short<\/a> gez\u00fcchtet wurde. Kaufen Blue-berry Marihuana Strain Online In Deutschland.<\/p>","protected":false},"excerpt":{"rendered":"<h3 style=\"text-align: center;\">Blueberry<\/h3>\n<hr \/>\n<p>Bosbessen kunnen zowel binnen als buiten worden gekweekt, maar buiten kweken vereist beperkende omstandigheden zoals matige luchtvochtigheid en constante dagtemperaturen tussen 72 en 80 graden Fahrenheit.<\/p>\n<p>&nbsp;<\/p>","protected":false},"featured_media":568,"comment_status":"open","ping_status":"closed","template":"","meta":{"_monsterinsights_skip_tracking":false,"_monsterinsights_sitenote_active":false,"_monsterinsights_sitenote_note":"","_monsterinsights_sitenote_category":0},"product_cat":[126,245,351],"product_tag":[],"_links":{"self":[{"href":"https:\/\/runtzcartsdisposables.com\/nl\/wp-json\/wp\/v2\/product\/567"}],"collection":[{"href":"https:\/\/runtzcartsdisposables.com\/nl\/wp-json\/wp\/v2\/product"}],"about":[{"href":"https:\/\/runtzcartsdisposables.com\/nl\/wp-json\/wp\/v2\/types\/product"}],"replies":[{"embeddable":true,"href":"https:\/\/runtzcartsdisposables.com\/nl\/wp-json\/wp\/v2\/comments?post=567"}],"wp:featuredmedia":[{"embeddable":true,"href":"https:\/\/runtzcartsdisposables.com\/nl\/wp-json\/wp\/v2\/media\/568"}],"wp:attachment":[{"href":"https:\/\/runtzcartsdisposables.com\/nl\/wp-json\/wp\/v2\/media?parent=567"}],"wp:term":[{"taxonomy":"product_cat","embeddable":true,"href":"https:\/\/runtzcartsdisposables.com\/nl\/wp-json\/wp\/v2\/product_cat?post=567"},{"taxonomy":"product_tag","embeddable":true,"href":"https:\/\/runtzcartsdisposables.com\/nl\/wp-json\/wp\/v2\/product_tag?post=567"}],"curies":[{"name":"wp","href":"https:\/\/api.w.org\/{rel}","templated":true}]}}