{"id":573,"date":"2023-01-14T16:42:40","date_gmt":"2023-01-14T16:42:40","guid":{"rendered":"https:\/\/runtzcartsdisposables.com\/?post_type=product&#038;p=573"},"modified":"2024-11-25T20:11:39","modified_gmt":"2024-11-25T20:11:39","slug":"cherry","status":"publish","type":"product","link":"https:\/\/runtzcartsdisposables.com\/nl\/product\/cherry\/","title":{"rendered":"Cherry"},"content":{"rendered":"<h1>Koop Cherry Meringue Strain online in IJsland<\/h1>\n<p>Kaufen Sie Cherry Meringue Strain Online in Island. Ch-erry OG ist ein Landrassen-Hybrid mit ausgewogener Wirkung und einem erdigen, fruchtigen Geschmack. Diese Sorte kommt zu uns von Emerald Triangle Seeds, den Produzenten, die auch f\u00fcr Emerald Jack verantwortlich sind. Sie ist eine Kreuzung zwischen einer Thai Sativa und einer Afghani Indica, die mit ihrer urspr\u00fcnglichen Thai-Mutter r\u00fcckgekreuzt wurde und dann noch einmal mit dem zitronigen Hybriden Lost Coast OG gekreuzt wurde. Cherry OG ist eine gro\u00dfartige Wahl f\u00fcr ganzt\u00e4gige Produktivit\u00e4t oder sanfte Introspektion und hat eine Potenz, die zwischen 10% und 23% THC gemessen wurde. Cherry OG verf\u00fcgt \u00fcber beeindruckend gro\u00dfe Knospen, die in einer dichten, Indica-typischen Struktur aneinander haften. Diese \u00fcbergro\u00dfen Bl\u00fcten haben eine fast konische Form, sind breit an der Basis und laufen am Ende deutlich spitz zu. Die dicht gepackten Bl\u00e4tter haben einen erdigen, olivgr\u00fcnen Farbton und sind von haarigen, rostfarbenen Stempeln durchzogen. Schlie\u00dflich bedecken durchscheinende wei\u00dfe Trichome die Nugs, was sie sehr klebrig und schwer zu zerkleinern macht, wenn man keinen hochwertigen Grinder benutzt. Pink Runtz in Saudi-Arabien kaufen<\/p>\n<p>Cherry Meringue Strain online in Island kaufen. Wenn sie richtig ausgeh\u00e4rtet sind, verstr\u00f6men die Bl\u00fcten von Ch-erry OG tats\u00e4chlich leicht blumige Kirschnoten. Bei n\u00e4herer Betrachtung ist auch ein adstringierendes Aroma zu erkennen, das an Benzin erinnert und von der Chemdawg in der Genetik der Elternsorte Lost Coast OG vererbt wurde. Au\u00dferdem lauert darunter ein leicht zitrischer, saurer Geschmack. Das Zerkleinern dieser harzigen Bl\u00fcten spricht f\u00fcr das afghanische Erbe von Cherry OG, mit haschigen, weihrauchartigen Ger\u00fcchen, die die Spuren von Beeren fast \u00fcberw\u00e4ltigen. Wenn sie verbrannt wird, verbrennt diese Knospe mit einem glatten und einfachen Rauch, der nach subtiler Kirsche und Blaubeere schmeckt, mit einigen zus\u00e4tzlichen Diesel-D\u00e4mpfen beim Ausatmen.<\/p>\n<h2>Koop Cherry Meringue Strain online in IJsland<\/h2>\n<p>Cherry OG bietet das, was man als einen kriechenden Rausch beschreiben kann, der sich stetig steigert, bis der Raucher nicht anders kann, als seiner Wirkung zu erliegen. Zusammen mit einem Druck auf der Vorderseite des<a href=\"https:\/\/hhcvapekaufen.com\/\" target=\"_blank\" rel=\"noopener\"> Kopfes<\/a>, k\u00f6nnen die Nutzer den Beginn einer schnellen Gedankenassoziation feststellen. Dieses Kopfkribbeln ist gut, um sich auf so komplizierte Aufgaben wie das Sortieren des Posteingangs oder so banale wie den Fr\u00fchjahrsputz zu konzentrieren. In der richtigen Umgebung kann die mentale Energie auch sehr gesellig sein und zu kameradschaftlichen und anregenden Gespr\u00e4chen anregen. Im Gegensatz zu einigen Hybriden, bei denen die Indica-Seite der Sorte in einer zweiten, ausgepr\u00e4gten Phase hervortritt, scheint Ch-erry OG ein durchg\u00e4ngig ausgewogenes High zu bieten, mit einem allgegenw\u00e4rtigen Gef\u00fchl der Entspannung. Couch-Lock wird nicht h\u00e4ufig berichtet, und die Klarheit ist lang anhaltend. Wenn Sie sich aktiv und im Freien f\u00fchlen, kann die Sorte die B\u00fchne f\u00fcr einen langen Spaziergang in der Natur bereiten; unter entspannteren Umst\u00e4nden k\u00f6nnen Sie einfach abschalten und ein gutes Album oder einen Film genie\u00dfen. Aufgrund ihrer Vielseitigkeit eignet sich Ch-erry OG f\u00fcr den Konsum tags\u00fcber oder abends &#8211; allerdings sollten Raucher davon absehen, diese Sorte kurz vor dem Schlafengehen zu genie\u00dfen, da ihre durchdachte Wirkung sie wach und aufgedreht halten kann.<\/p>\n<p>Die weitreichenden Wirkungen von Ch-erry OG k\u00f6nnen auch f\u00fcr medizinische Cannabispatienten von Nutzen sein. Sie kann eine wirksame schmerzlindernde Wirkung bei leichten und vor\u00fcbergehenden oder chronischen Schmerzen haben, die durch Erkrankungen wie Arthritis oder Fibromyalgie verursacht werden. Ihre anhaltende positive Energie kann auch die Symptome von leichtem bis mittelschwerem Stress und Depressionen bek\u00e4mpfen und den Nutzern helfen, ihre Zeit mit mehr Achtsamkeit zu verbringen. In einigen F\u00e4llen kann der klare Kopf der Sorte f\u00fcr Patienten mit Aufmerksamkeitsst\u00f6rungen von Nutzen sein. Schlie\u00dflich ist Ch-erry OG daf\u00fcr bekannt, dass sie Hungergef\u00fchle ausl\u00f6st, was sie zu einer guten Erg\u00e4nzung f\u00fcr diejenigen macht, die ihren Appetit durch schwere Krankheiten oder Medikamente verloren haben. Obwohl sie sehr ausgewogen ist, kann die zerebrale Wirkung von <a href=\"https:\/\/runtzcartsdisposables.com\/nl\/product\/lemon-cherry\/\">Cherry OG<\/a> f\u00fcr manche Menschen verwirrend sein, und sie wird nicht f\u00fcr Konsumenten empfohlen, die zu Panik neigen oder eine geringe Toleranz gegen\u00fcber THC haben. Gl\u00fccklicherweise hat Emerald Triangle Samen von Cherry OG f\u00fcr den Heimanbau online zum Verkauf bereitgestellt. Sie kann drinnen oder drau\u00dfen in gleichbleibend warmen, halbfeuchten Klimazonen angebaut werden; das hei\u00dft, die robusten Landrassen-Gene der Sorte machen sie einigerma\u00dfen resistent gegen widrige Bedingungen wie Temperatur- und Feuchtigkeitsschwankungen. Die Pflanzen von Ch-erry OG sind Sativa-Pflanzen und k\u00f6nnen gro\u00dfe H\u00f6hen erreichen &#8211; wer drinnen anbaut, sollte darauf achten, seine Pflanzen fr\u00fchzeitig durch Beschneiden und Trimmen zu trainieren. Florida Cake Jungleboys kaufen. Charakteristisch f\u00fcr eine Sativa ist auch die lange Bl\u00fctezeit von Cherry&#8217;s OG: Sie bl\u00fcht innerhalb von 9 bis 10 Wochen, wenn sie im Innenbereich angebaut wird, und ist Anfang Oktober erntereif, wenn sie im Freien angebaut wird. Cherry Meringue Strain online in Island kaufen.<\/p>","protected":false},"excerpt":{"rendered":"<p>Cherry OG is een landrashybride met een uitgebalanceerd effect en een aardse, fruitige smaak. Deze soort is afkomstig van Emerald Triangle Seeds, de producenten zijn ook verantwoordelijk voor Emerald<\/p>\n<p>&nbsp;<\/p>","protected":false},"featured_media":574,"comment_status":"open","ping_status":"closed","template":"","meta":{"_monsterinsights_skip_tracking":false,"_monsterinsights_sitenote_active":false,"_monsterinsights_sitenote_note":"","_monsterinsights_sitenote_category":0},"product_cat":[245,126,351],"product_tag":[203,233,266,258,259,260,261,262,263,264,265],"_links":{"self":[{"href":"https:\/\/runtzcartsdisposables.com\/nl\/wp-json\/wp\/v2\/product\/573"}],"collection":[{"href":"https:\/\/runtzcartsdisposables.com\/nl\/wp-json\/wp\/v2\/product"}],"about":[{"href":"https:\/\/runtzcartsdisposables.com\/nl\/wp-json\/wp\/v2\/types\/product"}],"replies":[{"embeddable":true,"href":"https:\/\/runtzcartsdisposables.com\/nl\/wp-json\/wp\/v2\/comments?post=573"}],"wp:featuredmedia":[{"embeddable":true,"href":"https:\/\/runtzcartsdisposables.com\/nl\/wp-json\/wp\/v2\/media\/574"}],"wp:attachment":[{"href":"https:\/\/runtzcartsdisposables.com\/nl\/wp-json\/wp\/v2\/media?parent=573"}],"wp:term":[{"taxonomy":"product_cat","embeddable":true,"href":"https:\/\/runtzcartsdisposables.com\/nl\/wp-json\/wp\/v2\/product_cat?post=573"},{"taxonomy":"product_tag","embeddable":true,"href":"https:\/\/runtzcartsdisposables.com\/nl\/wp-json\/wp\/v2\/product_tag?post=573"}],"curies":[{"name":"wp","href":"https:\/\/api.w.org\/{rel}","templated":true}]}}