{"id":591,"date":"2023-01-14T17:01:33","date_gmt":"2023-01-14T17:01:33","guid":{"rendered":"https:\/\/runtzcartsdisposables.com\/?post_type=product&#038;p=591"},"modified":"2024-11-25T20:11:34","modified_gmt":"2024-11-25T20:11:34","slug":"gelato","status":"publish","type":"product","link":"https:\/\/runtzcartsdisposables.com\/nl\/product\/gelato\/","title":{"rendered":"Gelato"},"content":{"rendered":"<h1>Gelato online kopen<\/h1>\n<p>Gelato online kaufen. Gel-ato (auch als &#8222;<a href=\"https:\/\/en.wikipedia.org\/wiki\/Larry_Bird\" target=\"_blank\" rel=\"noopener\">Larry Bird<\/a>\") is een aanlokkelijke <a href=\"https:\/\/runtzcartsdisposables.com\/index.php\/product-category\/blumen\/hybrid-sorten\/\">Cannabis-Hybridsorte<\/a> door Cookie Fam en Sherbinski, in de voetsporen van haar ouders Sunset Sherbet en Thin Mint GSC. Inheems in de Bay Area van Californi\u00eb, dankt deze soort haar naam aan het fruitige, dessertachtige aroma dat als een rode draad door de Cookie-familie loopt. Haar toppen hebben de neiging om te bloeien in dieppaarse tinten, verlicht door vurig oranje haartjes en een glanzende witte laag kristalhars. Nieuweling<\/p>\n<p>sollten sich diesem THC-Kraftpaket mit Vorsicht n\u00e4hern, aber diejenigen, die \u00fcber eine hohe Toleranz verf\u00fcgen, werden sich an Gel-atos schwerf\u00e4lliger Euphorie erfreuen. Die k\u00f6rperliche Entspannung setzt stark ein, aber viele finden sich geistig noch agil genug, um produktiv und kreativ zu bleiben, wenn sie Gelato tags\u00fcber genie\u00dfen.<\/p>\n<h2>Gelato online kopen<\/h2>\n<p><strong>INDICA %SATIVA %ZUIVERHEID \/ POTENTI\u00cbLE ONTSPANNINGSLAAPENERGIE EUFORIE PIJNVERLICHTING<\/strong><\/p>\n<p>Stamnaam: Gelato Cannabis Stam<\/p>\n<p>Dominante soort: Indica dominant met 55% Indica \/ 45% Sativa.<\/p>\n<p>Kurze Geschichte: Gel-ato stammt aus der Bay Area, Kalifornien, und wurde von Cookie Fam Genetics entwickelt. Diese k\u00f6stliche Sorte wurde durch Kreuzung von Sunset Sherbet mit Thin Mint Girl Scout Cookies erzeugt. Die Elternsorten sind beide f\u00fcr ihre vollmundige Wirkung bekannt.<\/p>\n<p>Laat je echter niet voor de gek houden door de schattige naam. Gelato is een zeer krachtige soort. Deze heerlijke soort heeft tenslotte alle beste eigenschappen van haar oudersoorten.<\/p>\n<p>Onderscheidende kenmerken: Gelato's toppen zijn iets kleiner in vergelijking met andere soorten. Ze zijn echter dik en dicht op elkaar gepakt. De toppen hebben een donkere bosgroene kleur afgewisseld met levendige paarse en oranje haren. De bladeren zijn ook bosgroen van kleur met een lichte paarse tint.<\/p>\n<p>Unterscheidende Merkmale: Die Knospen von Gelato sind im Vergleich zu anderen Sorten etwas kleiner. Sie sind jedoch dick und dicht aneinander gepackt. Die Knospen haben eine dunkle, waldgr\u00fcne Farbe, die mit lebhaften lila und orangefarbenen Haaren durchsetzt ist. Die Bl\u00e4tter haben ebenfalls eine waldgr\u00fcne Farbe mit einem leichten violetten Schimmer.<\/p>\n<p>Cannabinoid- und Terpenprofil: Der THC-Gehalt von Gel-ato ist mit etwa 20% hoch, obwohl einige Tests ergeben haben, dass er bis zu 25% betragen kann. Der CBD-Gehalt liegt bei etwa 0,1%, wobei einige Tests einen CBD-Gehalt von bis zu 1,59% ergaben. Der CBN-Gehalt ist mit 0,07 % gering.<br \/>\nDas Terpenprofil von Gela to enth\u00e4lt Myrcen, Caryophyllen und Pinen.<\/p>\n<p>Geschmacksrichtungen\/Aroma: Gela to macht seinem s\u00fc\u00dfen Namen alle Ehre. Es hat ein s\u00fc\u00dfes, erdiges Aroma mit k\u00f6stlichen Ankl\u00e4ngen von Blaubeeren und Orangen. Es riecht auch s\u00fc\u00df und holzig, mit kr\u00e4ftigen Noten von Fr\u00fcchten wie Beeren, Kirschen und Zitrusfr\u00fcchten wie Zitrone und Limette. Du wirst auch einige Untert\u00f6ne von Lavendel wahrnehmen.<\/p>\n<p>Wirkungen: Gela to ist eine indicadominierte Sorte, deren zerebrale und k\u00f6rperliche Wirkung Sie schnell und stark treffen kann. Vielleicht sp\u00fcrst Du die starke Wirkung sogar schon, bevor Du tats\u00e4chlich ausatmest.<br \/>\nEerst voel je een sterke head high, die al snel gevolgd wordt door een even sterke body high. Door deze effecten voel je je volledig ontspannen, kalm, gelukkig, euforisch en opgewekt. Het ontspannende effect zorgt er echter niet voor dat je in een couch-lock terechtkomt.<\/p>","protected":false},"excerpt":{"rendered":"<h4 style=\"text-align: center;\">Gelato<\/h4>\n<hr \/>\n<p>Gelato online kopen. Gelato online kopen. Gelato online kopen. Cannabissoort is een 55\/45 indica dominante hybride gekweekt door Cookie Fam Genetics. Ze staat bekend om haar\u2026<\/p>\n<p>&nbsp;<\/p>","protected":false},"featured_media":592,"comment_status":"open","ping_status":"closed","template":"","meta":{"_monsterinsights_skip_tracking":false,"_monsterinsights_sitenote_active":false,"_monsterinsights_sitenote_note":"","_monsterinsights_sitenote_category":0},"product_cat":[126,245],"product_tag":[],"_links":{"self":[{"href":"https:\/\/runtzcartsdisposables.com\/nl\/wp-json\/wp\/v2\/product\/591"}],"collection":[{"href":"https:\/\/runtzcartsdisposables.com\/nl\/wp-json\/wp\/v2\/product"}],"about":[{"href":"https:\/\/runtzcartsdisposables.com\/nl\/wp-json\/wp\/v2\/types\/product"}],"replies":[{"embeddable":true,"href":"https:\/\/runtzcartsdisposables.com\/nl\/wp-json\/wp\/v2\/comments?post=591"}],"wp:featuredmedia":[{"embeddable":true,"href":"https:\/\/runtzcartsdisposables.com\/nl\/wp-json\/wp\/v2\/media\/592"}],"wp:attachment":[{"href":"https:\/\/runtzcartsdisposables.com\/nl\/wp-json\/wp\/v2\/media?parent=591"}],"wp:term":[{"taxonomy":"product_cat","embeddable":true,"href":"https:\/\/runtzcartsdisposables.com\/nl\/wp-json\/wp\/v2\/product_cat?post=591"},{"taxonomy":"product_tag","embeddable":true,"href":"https:\/\/runtzcartsdisposables.com\/nl\/wp-json\/wp\/v2\/product_tag?post=591"}],"curies":[{"name":"wp","href":"https:\/\/api.w.org\/{rel}","templated":true}]}}