{"id":597,"date":"2023-01-14T17:07:21","date_gmt":"2023-01-14T17:07:21","guid":{"rendered":"https:\/\/runtzcartsdisposables.com\/?post_type=product&#038;p=597"},"modified":"2024-11-25T20:11:33","modified_gmt":"2024-11-25T20:11:33","slug":"girl-scout-cookies","status":"publish","type":"product","link":"https:\/\/runtzcartsdisposables.com\/nl\/product\/girl-scout-cookies\/","title":{"rendered":"Girl Scout Cookies"},"content":{"rendered":"<h1>Koop Girl Scout-koekjes online<\/h1>\n<p>Koop Girls Scout Cookies online. GSC, voorheen bekend als Girl Scout Cookies, is een kruising van <a href=\"https:\/\/runtzcartsdisposables.com\/index.php\/product\/og-kush\/\">OG Kush<\/a> und <a href=\"https:\/\/www.leafly.com\/strains\/durban-poison\" target=\"_blank\" rel=\"noopener\">Durban Poison<\/a>, wiens reputatie te groot werd om binnen de grenzen van hun huis in Californi\u00eb te blijven. koop wiet online Europa Met een zoet en aards aroma neemt GSC je mee naar de bovenste verdieping van euforie, waar volledige lichaamsontspanning een tijdrovende cerebrale ruimte ontmoet. Deze hybride, waarvan het hoge THC-gehalte GSC talloze Cannabis Cup-onderscheidingen heeft opgeleverd, komt ver met weinig. Pati\u00ebnten die echter een zware dosis verlichting nodig hebben, kunnen het GSC raadplegen voor ernstige pijn, misselijkheid en verlies van eetlust.<\/p>\n<p>Er zijn verschillende fenotypes van de GSC-soort, waaronder Thin Mint en Platinum GSC, die enigszins verschillen qua uiterlijk en effect. Typisch drukt GSC haar schoonheid echter uit in kronkelende groene kelken omhuld door paarse bladeren en vurig oranje haren. Pati\u00ebnten en gebruikers die deze cannabissoort thuis willen kweken, moeten 9 tot 10 weken wachten voordat hun kamerplanten uitgebloeid zijn.<\/p>\n<h2>Koop Girls Scout Cookies online<\/h2>\n<p>Girl Scout Cookies, ook wel bekend als GSC, is een prijswinnende soort uit Californi\u00eb. Deze hybride biedt een cerebrale high als geen andere soort op de markt, waardoor haar populariteit zich over de hele wereld heeft verspreid. Girl Scout Cookies biedt grote verlichting van misselijkheid en pijn, terwijl het ook eetluststimulerende effecten heeft, waardoor ze geweldig zijn voor mensen die een chemotherapiebehandeling voor kanker ondergaan. Omdat GSC het resultaat is van het kruisen van Durban Poison en OG Kush genetica, biedt ze een zeer uitgebalanceerde lichamelijke high die gepaard gaat met een overweldigende euforie in het hoofd. De populariteit van deze soort en de ongelooflijke effecten ervan hebben ertoe geleid dat er de afgelopen jaren veel verschillende GSC-fenotypes in de cannabisscene zijn verschenen.<\/p>\n<p>Eltern: Durban Poison, OG Kush<br \/>\n\u00c4hnlich zu: Red Dragon, Space Queen, Premium Jack<br \/>\nGeschm\u00e4cker: S\u00fc\u00df, stechend, erdig<br \/>\nWirkungen: Gl\u00fccklich, Entspannt, Kreativ, Euphorisch<br \/>\nMedizinisch: Appetitlosigkeit, Schmerzen, Schlaflosigkeit, Depression, Stress, Angstzust\u00e4nde<br \/>\nPotenz: 17-28% THC<\/p>","protected":false},"excerpt":{"rendered":"<h3 style=\"text-align: center;\">Girl Scout Cookies<\/h3>\n<hr \/>\n<p>Koop Girl Scout Cookies Weed online. Koop GSC Online, de beste medicinale wietsoort. Bestel nu veilig en laat het 's nachts bij je bezorgen. Onopvallend.<\/p>\n<p>&nbsp;<\/p>","protected":false},"featured_media":598,"comment_status":"open","ping_status":"closed","template":"","meta":{"_monsterinsights_skip_tracking":false,"_monsterinsights_sitenote_active":false,"_monsterinsights_sitenote_note":"","_monsterinsights_sitenote_category":0},"product_cat":[126,245],"product_tag":[280,277,278,279,222],"_links":{"self":[{"href":"https:\/\/runtzcartsdisposables.com\/nl\/wp-json\/wp\/v2\/product\/597"}],"collection":[{"href":"https:\/\/runtzcartsdisposables.com\/nl\/wp-json\/wp\/v2\/product"}],"about":[{"href":"https:\/\/runtzcartsdisposables.com\/nl\/wp-json\/wp\/v2\/types\/product"}],"replies":[{"embeddable":true,"href":"https:\/\/runtzcartsdisposables.com\/nl\/wp-json\/wp\/v2\/comments?post=597"}],"wp:featuredmedia":[{"embeddable":true,"href":"https:\/\/runtzcartsdisposables.com\/nl\/wp-json\/wp\/v2\/media\/598"}],"wp:attachment":[{"href":"https:\/\/runtzcartsdisposables.com\/nl\/wp-json\/wp\/v2\/media?parent=597"}],"wp:term":[{"taxonomy":"product_cat","embeddable":true,"href":"https:\/\/runtzcartsdisposables.com\/nl\/wp-json\/wp\/v2\/product_cat?post=597"},{"taxonomy":"product_tag","embeddable":true,"href":"https:\/\/runtzcartsdisposables.com\/nl\/wp-json\/wp\/v2\/product_tag?post=597"}],"curies":[{"name":"wp","href":"https:\/\/api.w.org\/{rel}","templated":true}]}}