{"id":616,"date":"2023-01-14T17:23:20","date_gmt":"2023-01-14T17:23:20","guid":{"rendered":"https:\/\/runtzcartsdisposables.com\/?post_type=product&#038;p=616"},"modified":"2024-11-25T20:11:28","modified_gmt":"2024-11-25T20:11:28","slug":"hawaiian-skunk","status":"publish","type":"product","link":"https:\/\/runtzcartsdisposables.com\/nl\/product\/hawaiian-skunk\/","title":{"rendered":"Hawaiian Skunk"},"content":{"rendered":"<h1>Koop Hawaiian Skunk online in Noorwegen<\/h1>\n<p>Koop Hawaiian Skunk online in Noorwegen. Hawaiian Skunk is een indica-dominante hybride (sommige planten worden geoogst als indica-dominant) die oogstrijpe toppen produceert met een scala aan donkere en lichtgroene tinten en een geur uitstraalt die doet denken aan fruit met ondertonen van skunk en aarde . Sommigen merken een vleugje salie op.<\/p>\n<p>Het THC-gehalte ligt gemiddeld tussen de 11-17%, dus de potentie moet worden gecontroleerd voor aankoop\/consumptie. De high staat bekend om het opwekken van een opbeurend effect bij gebruikers dat de stemming verbetert en fysieke spanning verlicht. Ondanks dat ze sativa-dominant is, veroorzaakt deze soort een mistige geest in plaats van de focus te verbeteren en verdoving op te wekken, dus consumptie thuis een paar uur voor het slapengaan wordt aanbevolen. Focus en concentratie nemen af, maar de consument zweeft lekker in zijn eigen hoofd. Koop wiet online<\/p>\n<p>Zu den negativen Nebeneffekten geh\u00f6ren neben Mund- und Augentrockenheit auch Paranoia und Schwindelgef\u00fchl, wenn der Konsum die Toleranzgrenze \u00fcberschreitet. Hawaiian-Skunk online in Norwegen kaufen<\/p>\n<p>Het duurt ongeveer 11 weken voordat Hawaiian Skunk volledig bloeit, dus ongeduldige kwekers zouden een andere soort moeten kiezen om te kweken.<\/p>\n<p>Hawaiian-Skunk ist ein Indica-dominanter Hybrid (einige Ernten werden als Indica-dominant eingestuft), der erntereife Knospen produziert, die eine Reihe von dunklen und hellen Gr\u00fcnt\u00f6nen aufweisen und einen Duft verstr\u00f6men, der an Fr\u00fcchte mit Untert\u00f6nen von Skunk und Erde erinnert. Super <a href=\"https:\/\/runtzcartsdisposables.com\/nl\/product\/florida-cake-jungleboys-kaufen\/\">Og Cookie<\/a>.<\/p>\n<p>Hawaiian-Skunk ist ein 65%iger Indica-Hybrid, der dicke \u00c4ste mit schweren Knospen in dunkelgr\u00fcner Farbe hervorbringt. Diese Sorte f\u00f6rdert die totale Entspannung und wird als medizinische Sorte von denjenigen bevorzugt, die mit chronischer Schlaflosigkeit zu k\u00e4mpfen haben. Unkraut online kaufen<\/p>\n<p>Die Eltern dieser Sorte sind Hawaiian Indica und Skunk #1, die beide potente Eigenschaften haben, die ihrem Ph\u00e4notyp entsprechen. Hawaiian Skunk erh\u00e4lt ihren moschusartigen, skunkigen Geruch und den starken Rausch von ihren Skunk #1-Wurzeln, und ihre beruhigenden Eigenschaften stammen von der Indica-Abstammung. Hawaiian-Skunk online kaufen in Norwegen<\/p>\n<p>Smaak:<\/p>\n<p>Hawaiian-Skunk ist sehr geschmackvoll und angenehm. Der s\u00fc\u00dfe und erdige Geschmack ist am offensichtlichsten beim Einatmen und kann in einen skunkigen und chemischen Nachgeschmack \u00fcbergehen. Der Rauch dieser Sorte schmeckt wie s\u00fc\u00dfer Salbei, gemischt mit holzigen und pflanzlichen Untert\u00f6nen, die an der Innenseite des Mundes haften bleiben.<\/p>\n<h2>Koop Hawaiian Skunk online in Noorwegen<\/h2>\n<p>Medicinale voordelen van Hawaiian Skunk<\/p>\n<p>Wenn Sie unter Schlaflosigkeit leiden, ist dieses Gras die Linderung, nach der Sie gesucht haben. Aufgrund ihrer stark sedierenden Eigenschaften brauchen die Nutzer nur wenige Z\u00fcge, um in einen tiefen Schlaf zu fallen. Der Rausch scheint zun\u00e4chst zu t\u00e4uschen, da er einen anf\u00e4nglichen Rausch ausl\u00f6st, der den Konsumenten f\u00fcr kurze Zeit geselliger macht, der jedoch nach kurzer Zeit durch einen extrem schweren K\u00f6rper und einen nebligen Geist ersetzt wird, der perfekt f\u00fcr die Schlafenszeit ist. Diese Sorte kann f\u00fcr Nutzer, die unter \u00dcbelkeit und Kopfschmerzen sowie einigen anderen psychischen Problemen wie Depressionen und Stress leiden, von Vorteil sein, wird aber nicht zur prim\u00e4ren Behandlung empfohlen. Diese Sorte kann auch denjenigen helfen, die unter leichten Anf\u00e4llen von chronischer Depression leiden, da sie das Gef\u00fchl vermittelt, sich erhobener und frei von st\u00e4ndigen Sorgen zu f\u00fchlen. Hawaiian-Skunk online in Norwegen kaufen. Kubanische Magic Mushrooms <a href=\"https:\/\/hhcvapekaufen.com\/\" target=\"_blank\" rel=\"noopener\">online kaufen<\/a>.<\/p>\n<p>Wirkungen von Hawaiian-Skunk<\/p>\n<p>Positive Wirkungen:<\/p>\n<p>Hawaiian-Skunk hat viele positive Wirkungen, die die Nutzer dazu bringen, immer wieder zu kommen. Diese Sorte macht nicht nur unglaublich schl\u00e4frig, sondern wirkt auch erhebend, entspannend und euphorisierend. Es ist ein gl\u00fcckliches High, das oft zu einem Kicheranfall f\u00fchrt &#8211; wenn der Schlaf nicht zuerst kommt. Sowohl der K\u00f6rper als auch der Geist werden beeinflusst: W\u00e4hrend die Gezeiten des Schlummers den K\u00f6rper verlangsamen, schwirrt der Geist vor dem Absturz in fr\u00f6hlicher Stimmung. Kaufen Sie Hawaiian Skunk Online in Norwegen. Diazepam 10mg Tabletten online kaufen<\/p>\n<p>Negatieve effecten<\/p>\n<p>W\u00e4hrend Hawaiian-Skunk \u00fcberwiegend positive Wirkungen hat, hat der Konsum eine klare negative Konsequenz: Schwindelgef\u00fchl. Benutzer sollten sich dessen bewusst sein und entsprechend planen. Man sollte sich bequem und an einem sicheren Ort hinlegen oder schlafen gehen. Andere Nebenwirkungen, wie trockener Mund und trockene Augen, sind ebenfalls m\u00f6glich. Hawaiian-Skunk online in Norwegen kaufen.<\/p>","protected":false},"excerpt":{"rendered":"<p>Hawaiian Skunk is super aromatisch en plezierig. De zoete en aardse smaak is het duidelijkst bij inademing en kan overgaan in een skunky en chemische nasmaak. De rook van deze soort smaakt naar zoete salie vermengd met houtachtige en kruidige ondertonen die aan de binnenkant van de mond blijven hangen.<\/p>\n<p>&nbsp;<\/p>","protected":false},"featured_media":617,"comment_status":"open","ping_status":"closed","template":"","meta":{"_monsterinsights_skip_tracking":false,"_monsterinsights_sitenote_active":false,"_monsterinsights_sitenote_note":"","_monsterinsights_sitenote_category":0},"product_cat":[126,245,351],"product_tag":[291,292,294,293,295,296,297,298],"_links":{"self":[{"href":"https:\/\/runtzcartsdisposables.com\/nl\/wp-json\/wp\/v2\/product\/616"}],"collection":[{"href":"https:\/\/runtzcartsdisposables.com\/nl\/wp-json\/wp\/v2\/product"}],"about":[{"href":"https:\/\/runtzcartsdisposables.com\/nl\/wp-json\/wp\/v2\/types\/product"}],"replies":[{"embeddable":true,"href":"https:\/\/runtzcartsdisposables.com\/nl\/wp-json\/wp\/v2\/comments?post=616"}],"wp:featuredmedia":[{"embeddable":true,"href":"https:\/\/runtzcartsdisposables.com\/nl\/wp-json\/wp\/v2\/media\/617"}],"wp:attachment":[{"href":"https:\/\/runtzcartsdisposables.com\/nl\/wp-json\/wp\/v2\/media?parent=616"}],"wp:term":[{"taxonomy":"product_cat","embeddable":true,"href":"https:\/\/runtzcartsdisposables.com\/nl\/wp-json\/wp\/v2\/product_cat?post=616"},{"taxonomy":"product_tag","embeddable":true,"href":"https:\/\/runtzcartsdisposables.com\/nl\/wp-json\/wp\/v2\/product_tag?post=616"}],"curies":[{"name":"wp","href":"https:\/\/api.w.org\/{rel}","templated":true}]}}