{"id":628,"date":"2023-01-14T17:32:09","date_gmt":"2023-01-14T17:32:09","guid":{"rendered":"https:\/\/runtzcartsdisposables.com\/?post_type=product&#038;p=628"},"modified":"2024-11-25T20:11:25","modified_gmt":"2024-11-25T20:11:25","slug":"jealousy","status":"publish","type":"product","link":"https:\/\/runtzcartsdisposables.com\/nl\/product\/jealousy\/","title":{"rendered":"Jealousy"},"content":{"rendered":"<h1>Koop Jaloezie-marihuanasoort online in Polen<\/h1>\n<p>Kaufen Jealousy Marihuana <a href=\"https:\/\/runtzcartsdisposables.com\/nl\/product\/skittles-moonrocks\/\">Strain<\/a> Online In Polen. Sch\u00f6ne lila Blume, sehr klebrig und dicht, leuchtend orange Haare und smaragdgr\u00fcne Bl\u00e4tter sprie\u00dfen in der ganzen Blume mit Tonnen von #Trichomen BUY WAX (Pro Gramm)<\/p>\n<p>Sterke en intense fysieke en cerebrale high, snelwerkend en zal je geest onmiddellijk naar een wolk tillen en je lichaam alle zwaartekracht laten voelen. Diazepam 10 mg tabletten online kopen.<\/p>\n<p>Mooie paarse bloem, zeer plakkerig en dicht, feloranje haren en smaragdgroene bladeren ontspruiten door de bloem met tonnen #trichomesBuy Cake Mix\/Mintz<\/p>\n<p>Sterke en intense fysieke en cerebrale high, snelwerkend en zal je geest onmiddellijk naar een wolk tillen en je lichaam alle zwaartekracht laten voelen. Jaloezie (Gelato41 x Sherb bx1) van Cookies en Mintz gefokt door Seed Junky Genetics. Jaloezieknoppen hebben een donkerpaarse tint en een ijzige glans. de smaken gelato en sorbet zijn een perfect huwelijk van gasachtig, funky en zoet. Je kunt delen of je vrienden jaloers maken.Koop Kurupt Moon Skirt<\/p>\n<p>Prachtige paarse bloem, zeer plakkerig en dicht, feloranje haren en smaragdgroene bladeren die door de hele bloem ontkiemen met tonnen #trichomes koop Strawnana<\/p>\n<h2>Koop Jaloezie-marihuanasoort online in Polen<\/h2>\n<p>Sterke en intense fysieke en cerebrale high die snel toeslaat en je geest onmiddellijk op een wolk laat zweven en je lichaam alle zwaartekracht laat voelen. Koop Lemon Skittle<\/p>\n<p>Wundersch\u00f6ne lila Bl\u00fcte, sehr klebrig und dicht, leuchtend orangefarbene Haare und smaragdgr\u00fcne Bl\u00e4tter, die durch die ganze Bl\u00fcte mit Tonnen von #Trichomen sprie\u00dfen<a href=\"https:\/\/ketaminkaufenn.com\/\" target=\"_blank\" rel=\"noopener\">.<\/a> Kaufen Jealousy Marihuana Strain Online In Polen<\/p>\n<p>Sterke en intense fysieke en cerebrale high die snel toeslaat en je geest onmiddellijk op een wolk laat zweven en je lichaam alle zwaartekracht laat voelen. Koop HASH<\/p>\n<p>Prachtige paarse bloem, zeer plakkerig en dicht, feloranje haren en smaragdgroene bladeren die door de hele bloem ontkiemen met tonnen #trichomes. Koop Cubaanse Paddo's online.<\/p>\n<p>Sterke en intense fysieke en cerebrale high, snelwerkend en zal je geest onmiddellijk naar een wolk tillen en je lichaam alle zwaartekracht laten voelen. Jaloezie (Gelato41 x Sherb bx1) van Cookies en Mintz gefokt door Seed Junky Genetics. Jaloerse toppen hebben een donkerpaarse tint en een ijzige glans. De smaken gelato en sorbet zijn een perfect huwelijk van gasachtig, funky en zoet. Je kunt delen of je kunt je vrienden jaloers maken. Koop jaloezie in Arizona, koop CHOCOLATE FUDGE BROWNIE<\/p>\n<p>Prachtige paarse bloem, zeer plakkerig en dicht, feloranje haren en smaragdgroene bladeren die door de hele bloem ontkiemen, met tonnen #trichomes. Koop Jaloezie-marihuanasoort online in Polen<\/p>\n<p>Sterke en intense fysieke en cerebrale high, snelwerkend en zal je geest onmiddellijk naar een wolk tillen en je lichaam alle zwaartekracht laten voelen.<\/p>","protected":false},"excerpt":{"rendered":"<h2 style=\"text-align: center;\"><strong>Jealousy<\/strong><\/h2>\n<hr \/>\n<p>Prachtige paarse knop, zeer plakkerig en dicht, feloranje haren en smaragdgroene bladeren die door de hele knop ontkiemen, met tonnen trichomen.<\/p>\n<p>&nbsp;<\/p>","protected":false},"featured_media":629,"comment_status":"open","ping_status":"closed","template":"","meta":{"_monsterinsights_skip_tracking":false,"_monsterinsights_sitenote_active":false,"_monsterinsights_sitenote_note":"","_monsterinsights_sitenote_category":0},"product_cat":[126,245,351],"product_tag":[299,233,301,302,303,304,305,306,307,308,309,300],"_links":{"self":[{"href":"https:\/\/runtzcartsdisposables.com\/nl\/wp-json\/wp\/v2\/product\/628"}],"collection":[{"href":"https:\/\/runtzcartsdisposables.com\/nl\/wp-json\/wp\/v2\/product"}],"about":[{"href":"https:\/\/runtzcartsdisposables.com\/nl\/wp-json\/wp\/v2\/types\/product"}],"replies":[{"embeddable":true,"href":"https:\/\/runtzcartsdisposables.com\/nl\/wp-json\/wp\/v2\/comments?post=628"}],"wp:featuredmedia":[{"embeddable":true,"href":"https:\/\/runtzcartsdisposables.com\/nl\/wp-json\/wp\/v2\/media\/629"}],"wp:attachment":[{"href":"https:\/\/runtzcartsdisposables.com\/nl\/wp-json\/wp\/v2\/media?parent=628"}],"wp:term":[{"taxonomy":"product_cat","embeddable":true,"href":"https:\/\/runtzcartsdisposables.com\/nl\/wp-json\/wp\/v2\/product_cat?post=628"},{"taxonomy":"product_tag","embeddable":true,"href":"https:\/\/runtzcartsdisposables.com\/nl\/wp-json\/wp\/v2\/product_tag?post=628"}],"curies":[{"name":"wp","href":"https:\/\/api.w.org\/{rel}","templated":true}]}}