{"id":646,"date":"2023-01-14T17:44:24","date_gmt":"2023-01-14T17:44:24","guid":{"rendered":"https:\/\/runtzcartsdisposables.com\/?post_type=product&#038;p=646"},"modified":"2024-11-25T20:11:22","modified_gmt":"2024-11-25T20:11:22","slug":"lemon-cherry","status":"publish","type":"product","link":"https:\/\/runtzcartsdisposables.com\/nl\/product\/lemon-cherry\/","title":{"rendered":"Lemon cherry"},"content":{"rendered":"<h1>Koop citroenkers online in Zwitserland<\/h1>\n<p>Koop citroenkers online in Zwitserland. is een voornamelijk Indica vari\u00ebteit van Secret Santa Genetics en kan zowel binnen (waar de planten een bloeitijd van \u00b156 dagen nodig hebben), buiten als in de kas gekweekt worden. Lemon Cherry ZmartieZ van Secret Santa Genetics is een THC-dominante soort en is\/was nooit beschikbaar als gefeminiseerde zaden. Bestel Motor Breath Jungleboys in Chicago<\/p>\n<p>Lees meer over de unieke factoren die de Lemon Cherry-soort zo krachtig maken. Big Mex Magic Mushroom Online VS.<\/p>\n<p>In het Amerikaanse noordwesten is de wisseling van de seizoenen meer dan alleen een simpele blik op de kalender. In onze prachtige hoek van de VS ervaren we de echte wisseling van seizoenen: herfstbladeren, zomerzon en wintersneeuw. Daarom kunnen de nieuwe seizoenen ons inspireren tot nieuwe ervaringen. Het weer buiten be\u00efnvloedt onze dagelijkse routine, ons favoriete eten en drinken, en voor sommigen van ons ook onze favoriete cannabissoorten. Een van onze favoriete soorten is ongetwijfeld de Lemon Cherry van Gasworks Garden. In het voorjaar betekent het wispelturige weer in de Pacific Northwest dat je de ene dag heerlijke zonneschijn kunt verwachten en de volgende dag een sombere overhang van dikke, grijze wolken. Gezien deze vari\u00ebteit doet u er goed aan een hybride vari\u00ebteit van hoge kwaliteit aan te schaffen,<\/p>\n<h2>Citroenkers online kopen in Zwitserland<\/h2>\n<p>Es gibt nur wenige Sorten, die f\u00fcr diesen Zweck besser geeignet sind als Lemon Cherry, eine sorgf\u00e4ltig gez\u00fcchtete Sorte von Gasworks Garden. Sie haben viel Zeit damit verbracht, diese beeindruckend vielf\u00e4ltige Sorte zu produzieren, indem sie ihre Lieblingsmerkmale aus Lemon OG, Cherry Pie und einem Hauch von <a href=\"https:\/\/runtzcartsdisposables.com\/nl\/product\/platinum-og\/\">OG<\/a> Kush ausgew\u00e4hlt haben. Das Ergebnis ist eine Sorte, die in m\u00fchevoller Kleinarbeit entstanden ist, eine Sorte, die Gasworks gerne als &#8222;Desert Island&#8220;-Sorte bezeichnet, die perfekte Blume, die man ohne zu z\u00f6gern Sch\u00fcssel f\u00fcr Sch\u00fcssel f\u00fcr den Rest seiner Tage rauchen w\u00fcrde. Die Sorte weist sativadominierte Eigenschaften auf, die denen von Lemon OG \u00e4hneln, aber ihre 10-w\u00f6chige Bl\u00fctezeit &#8211; weitaus k\u00fcrzer als die einer typischen Sativa &#8211; verleiht ihr einige wirklich wunderbare Indica-Qualit\u00e4ten sowie ein dekadentes, reichhaltiges Terpenprofil, das stark von Myrcen und Limonen gepr\u00e4gt ist. Diese zweifache Terpenkombination verleiht Cherry Pie eine nasenfl\u00fcgelerweiternde Sch\u00e4rfe mit erdigen, aromatischen T\u00f6nen, die von scharfen, pikanten Kirsch- und Zitrusnoten erhellt werden. Mit ihrem ausgewogenen High und ihrer Terpen-Belastung ist Lemon Cherry eine Sorte, die geradezu darum bittet, f\u00fcr Konzentrate verwendet zu werden, und Gasworks hat sie genau aus diesem Grund gez\u00fcchtet.<\/p>\n<p>Nachdem sie eine ihrer Meinung nach perfekt ausbalancierte Sorte geschaffen hatten, verschwendete Gasworks keine Zeit damit, sie zur Herstellung einer Reihe von erstklassigen Konzentratprodukten zu verwenden, darunter Terpen-Teig, Kristallit-Konzentrate und BHO- (oder PHO-) Kartuschen. Diese ph\u00e4nomenalen Konzentratprodukte verst\u00e4rken den abgerundeten Charakter von Lemon Cherry und machen sie gleicherma\u00dfen geeignet f\u00fcr einen entspannten Tag zu Hause oder einen aufregenden Tag unterwegs. Lemon Cherry online in der Schweiz<a href=\"https:\/\/kokaindrogekaufen.com\/\" target=\"_blank\" rel=\"noopener\"> kaufen<\/a>.<\/p>","protected":false},"excerpt":{"rendered":"<p>Lemon Cherry ZmartieZ is een Indica variant van Secret Santa Genetics en kan zowel binnen (waar de planten een bloeitijd van \u00b156 dagen nodig hebben), buiten als in de kas gekweekt worden.<\/p>\n<p>&nbsp;<\/p>","protected":false},"featured_media":647,"comment_status":"open","ping_status":"closed","template":"","meta":{"_monsterinsights_skip_tracking":false,"_monsterinsights_sitenote_active":false,"_monsterinsights_sitenote_note":"","_monsterinsights_sitenote_category":0},"product_cat":[126,245,351],"product_tag":[311,313,312,310,201,314],"_links":{"self":[{"href":"https:\/\/runtzcartsdisposables.com\/nl\/wp-json\/wp\/v2\/product\/646"}],"collection":[{"href":"https:\/\/runtzcartsdisposables.com\/nl\/wp-json\/wp\/v2\/product"}],"about":[{"href":"https:\/\/runtzcartsdisposables.com\/nl\/wp-json\/wp\/v2\/types\/product"}],"replies":[{"embeddable":true,"href":"https:\/\/runtzcartsdisposables.com\/nl\/wp-json\/wp\/v2\/comments?post=646"}],"wp:featuredmedia":[{"embeddable":true,"href":"https:\/\/runtzcartsdisposables.com\/nl\/wp-json\/wp\/v2\/media\/647"}],"wp:attachment":[{"href":"https:\/\/runtzcartsdisposables.com\/nl\/wp-json\/wp\/v2\/media?parent=646"}],"wp:term":[{"taxonomy":"product_cat","embeddable":true,"href":"https:\/\/runtzcartsdisposables.com\/nl\/wp-json\/wp\/v2\/product_cat?post=646"},{"taxonomy":"product_tag","embeddable":true,"href":"https:\/\/runtzcartsdisposables.com\/nl\/wp-json\/wp\/v2\/product_tag?post=646"}],"curies":[{"name":"wp","href":"https:\/\/api.w.org\/{rel}","templated":true}]}}