{"id":652,"date":"2023-01-14T17:49:08","date_gmt":"2023-01-14T17:49:08","guid":{"rendered":"https:\/\/runtzcartsdisposables.com\/?post_type=product&#038;p=652"},"modified":"2024-11-25T20:11:21","modified_gmt":"2024-11-25T20:11:21","slug":"lemon-cherry-gelato","status":"publish","type":"product","link":"https:\/\/runtzcartsdisposables.com\/nl\/product\/lemon-cherry-gelato\/","title":{"rendered":"Lemon cherry gelato"},"content":{"rendered":"<h1>Koop Lemon Cherry Gelato online in Griekenland<\/h1>\n<p>Koop Lemon Cherry Gelato online in Griekenland. Antique, een in Oakland gevestigde operatie, werkt er hard aan om te laten zien dat de East Bay nog steeds voorop loopt.<\/p>\n<p>Haar nieuwste druppel Lemon Cherry Gelato? ? is het volgende niveau. Big Mex Magic Mushroom Online VS.<\/p>\n<p>Het eerste dat opvalt, is hoe goed hij is gegroeid, gespoeld, genezen en verzorgd. Het brandt ongelooflijk soepel en doet denken aan schone groene gecertificeerde bloemen. Koop Cookies Pre-Rolls<\/p>\n<p>Het smaakprofiel voelt alsof het is gemaakt door een beroemde chef-kok. De balans tussen kers, citroen en gelato is onberispelijk. De gelato is niet te overweldigend, terwijl de citroen- en kersentonen de gelato zo goed complimenteren.<\/p>\n<p>Lemon Gelato ist eine indicadominierte Hybridsorte, die Liebhabern von Geruch und Geschmack gefallen wird. Wie der Name schon sagt, bietet Lemon Gelato einen s\u00fc\u00dfen, Sorbet-\u00e4hnlichen Geschmack, der an Zitronen und Blaubeeren erinnert, aber mit einem holzartigen Geschmack beim Ausatmen. Der Duft ist \u00e4hnlich und wird nur noch intensiver, wenn man die Knospen dieser Sorte aufbricht. Mit ihrer Abstammung von Sunset Sherbet, Thin Mint Girl Scout Cookies und Lemon Haze ist es kein Wunder, dass sowohl ihr Duft als auch ihr Geschmack so abwechslungsreich und lecker sind. Kubanische <a href=\"https:\/\/bobdispensary.com\/\" target=\"_blank\" rel=\"noopener\">Magic Mushrooms<\/a> online kaufen<\/p>\n<h2>Koop Lemon Cherry Gelato online in Griekenland<\/h2>\n<p>Een goed gekweekte partij Lemon Gelato produceert toppen met diepgroene toppen die lichter worden naar de stengel toe, samen met goudbruine stampers en een lichte bestuiving van trichomen. Koop MoneyBagg Runtz in Dammam<\/p>\n<p>Der<a href=\"https:\/\/runtzcartsdisposables.com\/nl\/product\/la-kush-cake-jungleboy-bestellen\/\"> THC-Gehalt<\/a> von Lemon Gelato kann variieren, daher sollte man den Prozentsatz \u00fcberpr\u00fcfen, bevor man sie probiert. Rezensenten dieser Sorte haben oft angegeben, dass ihr Fokus zusammen mit der Energie zunimmt, und ein zerebraler Kopf Rausch wird von einem K\u00f6rper Summen, das von Kopf bis Fu\u00df schwingt begleitetFans dieser Sorte schwelgen oft in Entspannung, Ruhe und Frieden, wenn sie es versuchen, und haben auch festgestellt, dass es helfen kann, Schmerzen zu lindern, Kopfschmerzen, und m\u00f6glicherweise von M\u00fcdigkeit zu befreien.<\/p>","protected":false},"excerpt":{"rendered":"<h4 style=\"text-align: center;\">Lemon cherry gelato<\/h4>\n<hr \/>\n<p>Deze soort stamt af van de soort Sunset Sherbet. Wij zijn de nummer \u00e9\u00e9n leverancier van gelato.<br \/>\nLemon Gelato is een indica-dominante hybride soort die liefhebbers van geur en geur zal aanspreken. Zoals de naam al doet vermoeden, biedt Lemon Gelato een zoete, sorbetachtige smaak die doet denken aan citroenen en bosbessen.<\/p>","protected":false},"featured_media":653,"comment_status":"open","ping_status":"closed","template":"","meta":{"_monsterinsights_skip_tracking":false,"_monsterinsights_sitenote_active":false,"_monsterinsights_sitenote_note":"","_monsterinsights_sitenote_category":0},"product_cat":[126,245,351],"product_tag":[],"_links":{"self":[{"href":"https:\/\/runtzcartsdisposables.com\/nl\/wp-json\/wp\/v2\/product\/652"}],"collection":[{"href":"https:\/\/runtzcartsdisposables.com\/nl\/wp-json\/wp\/v2\/product"}],"about":[{"href":"https:\/\/runtzcartsdisposables.com\/nl\/wp-json\/wp\/v2\/types\/product"}],"replies":[{"embeddable":true,"href":"https:\/\/runtzcartsdisposables.com\/nl\/wp-json\/wp\/v2\/comments?post=652"}],"wp:featuredmedia":[{"embeddable":true,"href":"https:\/\/runtzcartsdisposables.com\/nl\/wp-json\/wp\/v2\/media\/653"}],"wp:attachment":[{"href":"https:\/\/runtzcartsdisposables.com\/nl\/wp-json\/wp\/v2\/media?parent=652"}],"wp:term":[{"taxonomy":"product_cat","embeddable":true,"href":"https:\/\/runtzcartsdisposables.com\/nl\/wp-json\/wp\/v2\/product_cat?post=652"},{"taxonomy":"product_tag","embeddable":true,"href":"https:\/\/runtzcartsdisposables.com\/nl\/wp-json\/wp\/v2\/product_tag?post=652"}],"curies":[{"name":"wp","href":"https:\/\/api.w.org\/{rel}","templated":true}]}}