{"id":658,"date":"2023-01-14T18:02:05","date_gmt":"2023-01-14T18:02:05","guid":{"rendered":"https:\/\/runtzcartsdisposables.com\/?post_type=product&#038;p=658"},"modified":"2024-11-25T20:11:19","modified_gmt":"2024-11-25T20:11:19","slug":"mimosa","status":"publish","type":"product","link":"https:\/\/runtzcartsdisposables.com\/nl\/product\/mimosa\/","title":{"rendered":"Mimosa"},"content":{"rendered":"<h1>Koop mimosa in Virginia, VS<\/h1>\n<p><span class=\"css-1uwmyp9-text css-1en5rd2 css-13sga99 css-6n7j50\">Mimosa strain <\/span>Koop Mimosa in Virginia VS. Bestel Mimosa in Virginia, VS. Mimosa is een sativa-dominante soort <a href=\"https:\/\/runtzcartsdisposables.com\/index.php\/product-category\/blumen\/hybrid-sorten\/\">Hybridsorte<\/a> (70% Sativa\/30% Indica) verkregen door het kruisen van de klassieke P<a href=\"https:\/\/www.alchimiaweb.com\/en\/purple-punch-x-do-si-dos-product-12372.php#:~:text=Purple%20Punch%20x%20Do%2DSi%2Ddos%20by%20Philosopher%20Seeds%20is,production%2C%20appearance%20and%20psychedelic%20effect.\" target=\"_blank\" rel=\"noopener\">urple Punch X<\/a> Clementine-vari\u00ebteiten kwamen op. Als je op zoek bent naar een oppepper in de vroege ochtend (alcoholvrij), dan is deze soort iets voor jou. Mimosa heeft een helder en vrolijk effect overdag dat perfect is om de slaap af te weren en je dag een kickstart te geven met een positieve vibe. Aan het begin van de high voel je een energiek, helder hoofd dat je hersenen vult met euforische motivatie en haarscherpe focus. Dit effect gaat gepaard met een licht tintelend gevoel, voornamelijk in het lichaam en niet in het hoofd. Met deze effecten en een hoog gemiddeld THC-gehalte van 19-27% is Mimosa een perfecte keuze voor de behandeling van mensen die lijden aan strawnana.<\/p>\n<h4>THC<\/h4>\n<p>Tetrahydrocannabinol<br \/>\nHoe hoger het percentage THC, hoe hoger de potentie (high). Koop Mimosa Cannabis Europa<\/p>\n<h4>CBD<\/h4>\n<p><strong>Cannabidiol<\/strong><br \/>\nCBD, of cannabidiol, is het tweede meest voorkomende ingredi\u00ebnt in de meeste marihuanasoorten. Sommige soorten zijn gekweekt om meer CBD dan THC te bevatten. CBD heeft een hoog medicinaal effect, maar je wordt er niet high van omdat het geen psychoactieve eigenschappen heeft. CBD wordt gebruikt om veel aandoeningen te behandelen: pijn, ontsteking, angst en vele andere aandoeningen. cbd brownies<\/p>\n<p>Mimosa ist eine dominante Indica-Sorte, die ein starkes Hybrid-High hat. Sie hat eine unglaublich hohe <a href=\"https:\/\/runtzcartsdisposables.com\/nl\/product\/orangenkekse-jungleboys-kaufen\/\">THC<\/a>-Konzentration, die bei 20 Prozent beginnt. Sie hat ein sehr einzigartiges und stechendes Aroma, das manchmal s\u00fc\u00df erscheint.<\/p>\n<p>Het aroma heeft ook hints van citrus en aardse smaken. De vari\u00ebteit heeft een bemoste uitstraling die groenachtig en roestig van kleur is. Mimosa heeft een goede smaak die een mix is \u200b\u200bvan aardse en citrusaroma's. De positieve effecten van deze soort zijn verbluffend. Het heeft een sterk kalmerend effect op de zenuwen en maakt je blij en euforisch tegelijk.<\/p>\n<p><span class=\"css-1uwmyp9-text css-1en5rd2 css-13sga99 css-6n7j50\">Mimosa strain <\/span>Nach dem Rauchen von Mimosa f\u00fchlt man sich entspannt. Es kann auch dazu f\u00fchren, dass man sich kreativ f\u00fchlt. Mimose eignet sich hervorragend zur Behandlung von Angstzust\u00e4nden und Depressionen verschiedener Art. Sie k\u00f6nnen es auch f\u00fcr die Heilung von Hyperaktivit\u00e4t verwenden<a href=\"http:\/\/gblkaufenn.com\" target=\"_blank\" rel=\"noopener\">.<\/a> High THC Weed kaufen. All American Brownie kaufen<\/p>\n<p>Een hybride is een mix van twee genetisch verschillende wietsoorten. Hybriden worden gevormd wanneer het stuifmeel van de ene cultivar (mannelijk) wordt overgebracht (door een insect of met de hand) op een bloem (vrouwelijk) van een andere cultivar. De plant produceert dan zaden die de genetica van beide ouders bevatten. Hybriden vertonen soms een hogere potentie en winterhardheid dan hun ouders. De Chemdawg-soort is bijvoorbeeld een kruising tussen OG Kush en Sour Diesel.<\/p>","protected":false},"excerpt":{"rendered":"<h2 class=\"css-1uwmyp9-text css-1en5rd2 css-13sga99 css-13o7eu2 css-542wex\" style=\"text-align: center;\"><span class=\"css-1uwmyp9-text css-1en5rd2 css-13sga99 css-6n7j50\"><span class=\"css-1uwmyp9-text css-1en5rd2 css-13sga99 css-6n7j50\">Mimosa strain<\/span><\/span><\/h2>\n<hr \/>\n<p>Mimosa is een sativa-dominante hybride soort (70% sativa\/30% indica) die is ontstaan \u200b\u200bdoor het kruisen van klassieke Purple Punch X Clementine soorten.<\/p>\n<p>&nbsp;<\/p>","protected":false},"featured_media":659,"comment_status":"open","ping_status":"closed","template":"","meta":{"_monsterinsights_skip_tracking":false,"_monsterinsights_sitenote_active":false,"_monsterinsights_sitenote_note":"","_monsterinsights_sitenote_category":0},"product_cat":[126,245,351],"product_tag":[],"_links":{"self":[{"href":"https:\/\/runtzcartsdisposables.com\/nl\/wp-json\/wp\/v2\/product\/658"}],"collection":[{"href":"https:\/\/runtzcartsdisposables.com\/nl\/wp-json\/wp\/v2\/product"}],"about":[{"href":"https:\/\/runtzcartsdisposables.com\/nl\/wp-json\/wp\/v2\/types\/product"}],"replies":[{"embeddable":true,"href":"https:\/\/runtzcartsdisposables.com\/nl\/wp-json\/wp\/v2\/comments?post=658"}],"wp:featuredmedia":[{"embeddable":true,"href":"https:\/\/runtzcartsdisposables.com\/nl\/wp-json\/wp\/v2\/media\/659"}],"wp:attachment":[{"href":"https:\/\/runtzcartsdisposables.com\/nl\/wp-json\/wp\/v2\/media?parent=658"}],"wp:term":[{"taxonomy":"product_cat","embeddable":true,"href":"https:\/\/runtzcartsdisposables.com\/nl\/wp-json\/wp\/v2\/product_cat?post=658"},{"taxonomy":"product_tag","embeddable":true,"href":"https:\/\/runtzcartsdisposables.com\/nl\/wp-json\/wp\/v2\/product_tag?post=658"}],"curies":[{"name":"wp","href":"https:\/\/api.w.org\/{rel}","templated":true}]}}