{"id":682,"date":"2023-01-14T18:26:38","date_gmt":"2023-01-14T18:26:38","guid":{"rendered":"https:\/\/runtzcartsdisposables.com\/?post_type=product&#038;p=682"},"modified":"2024-11-25T20:11:14","modified_gmt":"2024-11-25T20:11:14","slug":"purple-haze-2","status":"publish","type":"product","link":"https:\/\/runtzcartsdisposables.com\/nl\/product\/purple-haze-2\/","title":{"rendered":"Purple haze"},"content":{"rendered":"<h1>Koop Purple Haze online in Duitsland<\/h1>\n<p>Purple Haze online kaufen in Deutschland. Bekannt geworden durch Jimi Hendrix&#8216; Klassiker von 1967, liefert Purple Haze einen tr\u00e4umerischen Ausbruch von Euphorie, der altgediente Konsumenten zur\u00fcck in ihre psychedelische Glanzzeit bringt. Dieses nostalgische Sativa-Grundnahrungsmittel wird nach wie vor f\u00fcr seine hochenergetische zerebrale Stimulation gesch\u00e4tzt, die den ganzen Tag \u00fcber Kreativit\u00e4t und gl\u00fcckselige Zufriedenheit weckt. Es wird angenommen, dass Purple Haze von den Elternsorten Purple Thai und Haze abstammt, die eine Mischung aus s\u00fc\u00dfen und erdigen Aromen weitergeben, die durch Noten von Beeren und scharfen Gew\u00fcrzen unterstrichen werden. Die Knospen von Purple-Haze haben typischerweise einen leuchtenden Lavendelton, der die Namensgebung dieser Sorte weiter rechtfertigt.<\/p>\n<p>Dank Jimi Hendrix&#8216; Hit &#8222;Purple-Haze&#8220; k\u00f6nnte dies eine der bekanntesten Sorten der Welt sein. Nachdem Sie diese Sorte geraucht haben, werden Sie wissen, warum sie nach dem ber\u00fchmten Rocksong benannt wurde. WACHSEN KAUFEN (pro Gramm) Die Sativa-dominante Genetik von Purple-Haze wird Ihnen ein erstaunliches Kopf-High bescheren, das sogar in den Bereich der psychedelischen Trippigkeit \u00fcberschwappen kann. Purple-Haze online kaufen in Deutschland<\/p>\n<p><strong>stroom<\/strong><\/p>\n<p>Die meisten Sativa-Sorten haben einen THC-Gehalt von etwa 13,5%. OG Kush Purple Haze liegt irgendwo zwischen 13% und 20% THC. Die Potenz der spezifischen Knospen, die Du in die H\u00e4nde bekommst, wird eine Schl\u00fcsselrolle dabei spielen, wie intensiv Dein Rausch am Ende sein wird.<\/p>\n<h2>Koop Purple Haze online in Duitsland<\/h2>\n<p><strong>Effecten<\/strong><\/p>\n<p>Bei dieser Sorte dreht sich alles um das Gehirn. Nach dem Konsum von Purple <a href=\"https:\/\/runtzcartsdisposables.com\/nl\/product\/super-lemon-haze\/\">Haze<\/a> kannst Du Dich auf einen ausgepr\u00e4gten und starken zerebralen Rausch freuen. Du wirst Dich definitiv euphorisch, energiegeladen, erhaben und kreativ f\u00fchlen. Und wenn Du eine potente Bl\u00fcte verwendest oder eine h\u00f6here Dosis nimmst, kannst Du auch einige trippige psychedelische Effekte erleben. So oder so werden Sie sich nach nur wenigen Z\u00fcgen dieser erstklassigen Cannabissorte im Himmel wiederfinden. Super Og Cookie kaufen<\/p>\n<p><strong>Geur smaak<\/strong><\/p>\n<p>Purple Haze hat einen erdigen Geruch mit s\u00fc\u00dfen Noten. Das gleiche Profil \u00fcbertr\u00e4gt sich auf den Geschmack des Rauchs, der auch einen leichten Beerengeschmack annimmt. Purple-Haze online in Deutschland kaufen.<br \/>\nPurple Haze ist ein Sativa-dominanter Hybrid (85% Sativa\/15% Indica), der eine potente Kreuzung zwischen den seltenen, aber beliebten Purple Thai X Haze-Sorten ist. Purple Haze wurde nach dem klassischen Song von Jimi Hendrix aus dem Jahr 1967 benannt und ist dank ihrer Popularit\u00e4t in den 1960er Jahren eine der bekanntesten Sorten \u00fcberhaupt. Honey Bun kaufen Benutzer beschreiben den Purple-Haze-Rausch als einen mit fast sofortiger hochenergetischer zerebraler Stimulation, begleitet von einem intensiven Gef\u00fchl der kreativen Inspiration und gl\u00fcckseliger Zufriedenheit. Weed online kaufen Europa Man kann einen leichten K\u00f6rperrausch erleben, der w\u00e4rmend ist und sich von Kopf und Nacken auf den ganzen K\u00f6rper ausbreitet. Aufgrund dieser starken Wirkungen ist Purple-Haze eine ideale Sorte f\u00fcr die Behandlung von Patienten, die unter M\u00fcdigkeit, leichten bis mittelschweren Depressionen, chronischem Stress oder Angstzust\u00e4nden leiden. Cherry Pie kaufenPurple-Haze hat lange, dichte, pfefferf\u00f6rmige Knospen, die leicht minzgr\u00fcn mit reichen lila Untert\u00f6nen sind. Diese Nuggets sind mit langen d\u00fcnnen hell- und dunkelvioletten Haaren und einer feinen Schicht aus milchig-wei\u00dfen Trichomen und s\u00fc\u00dfem, klebrigem Harz bedeckt. Es hat ein s\u00fc\u00dfes erdiges Beerenaroma und einen scharfen Beerengeschmack mit einem Hauch von Gew\u00fcrzen. Purple-Haze online<a href=\"https:\/\/lsdkaufenn.com\/\" target=\"_blank\" rel=\"noopener\"> kaufen<\/a> in Deutschland.<\/p>","protected":false},"excerpt":{"rendered":"<h3 style=\"text-align: center;\">Purple haze<\/h3>\n<hr \/>\n<p>Het THC-gehalte ligt bij de meeste sativa-soorten rond de 13,5%. Purple Haze zit ergens tussen de 13% en 20% THC. De potentie van de specifieke wiet die je in handen krijgt, speelt een sleutelrol in hoe intens je high uiteindelijk zal zijn.<\/p>\n<p>&nbsp;<\/p>","protected":false},"featured_media":683,"comment_status":"open","ping_status":"closed","template":"","meta":{"_monsterinsights_skip_tracking":false,"_monsterinsights_sitenote_active":false,"_monsterinsights_sitenote_note":"","_monsterinsights_sitenote_category":0},"product_cat":[126,245],"product_tag":[],"_links":{"self":[{"href":"https:\/\/runtzcartsdisposables.com\/nl\/wp-json\/wp\/v2\/product\/682"}],"collection":[{"href":"https:\/\/runtzcartsdisposables.com\/nl\/wp-json\/wp\/v2\/product"}],"about":[{"href":"https:\/\/runtzcartsdisposables.com\/nl\/wp-json\/wp\/v2\/types\/product"}],"replies":[{"embeddable":true,"href":"https:\/\/runtzcartsdisposables.com\/nl\/wp-json\/wp\/v2\/comments?post=682"}],"wp:featuredmedia":[{"embeddable":true,"href":"https:\/\/runtzcartsdisposables.com\/nl\/wp-json\/wp\/v2\/media\/683"}],"wp:attachment":[{"href":"https:\/\/runtzcartsdisposables.com\/nl\/wp-json\/wp\/v2\/media?parent=682"}],"wp:term":[{"taxonomy":"product_cat","embeddable":true,"href":"https:\/\/runtzcartsdisposables.com\/nl\/wp-json\/wp\/v2\/product_cat?post=682"},{"taxonomy":"product_tag","embeddable":true,"href":"https:\/\/runtzcartsdisposables.com\/nl\/wp-json\/wp\/v2\/product_tag?post=682"}],"curies":[{"name":"wp","href":"https:\/\/api.w.org\/{rel}","templated":true}]}}