{"id":718,"date":"2023-01-14T19:00:03","date_gmt":"2023-01-14T19:00:03","guid":{"rendered":"https:\/\/runtzcartsdisposables.com\/?post_type=product&#038;p=718"},"modified":"2024-11-25T20:11:05","modified_gmt":"2024-11-25T20:11:05","slug":"strawberry-kush","status":"publish","type":"product","link":"https:\/\/runtzcartsdisposables.com\/nl\/product\/strawberry-kush\/","title":{"rendered":"Strawberry Kush"},"content":{"rendered":"<h1>Koop Strawberry Kush online<\/h1>\n<p>Koop Strawberry Kush online: Strawberry Kush is een sterke en zoete soort die een goed afgeronde dame is. Met haar muskusachtige aardbeiensmaak doet deze soort haar afkomst eer aan. Typisch een kruising tussen de zoete Strawberry Cough en de scherpe OG Kush, Strawberry Kush is sterk maar niet overweldigend. Een krachtige soort voor.<\/p>\n<p>Beginners, het is een slaperige soort die een kalmerend, zwaar lichamelijk gevoel geeft, hoewel de effecten kunnen vari\u00ebren afhankelijk van de dosering en gebruikers. Voor kwekers is Strawberry Kush alleen beschikbaar als kloon en bloeit doorgaans tussen de 8 en 9 weken.<\/p>\n<h2>Koop Strawberry Kush online<\/h2>\n<p>Strawberry Kush online kaufen. ist s\u00fc\u00df, stark und wahrhaft abgerundet. Diese Sorte rechtfertigt sicherlich ihre Abstammung und enth\u00e4lt einen moschusartigen k\u00fcnstlichen Erdbeergeschmack mit einem THC-Gehalt von 16 &#8211; 18% Prozent. Sie ist im Wesentlichen als eine Kreuzung zwischen der bitteren <a href=\"https:\/\/runtzcartsdisposables.com\/nl\/product\/purple-og-kush\/\">OG Kush<\/a> und der zuckerhaltigen Strawberry Cough zu finden und ist meist stark, aber nicht \u00fcberw\u00e4ltigend. Je nach Apotheke variiert die Abstammung dieser Sorte. Manche Apotheken bieten eher Sativa-dominierte oder hybride Versionen an, die zu einer gegenteiligen, stimulierenden Wirkung f\u00fchren. Diese Sorte bl\u00fcht in der Regel in acht bis neun Wochen und ist nur durch Klonen zu erhalten. Strawberry Kush enth\u00e4lt Sativa-Genetik und wird eher wie eine Sativa als wie eine Indica geraucht. Wenn man dieses Weed anz\u00fcndet, erkennt man sofort Zitrusfr\u00fcchte, Kiefer und nat\u00fcrlich Erdbeeren. Die fruchtige Kombination sorgt f\u00fcr einen sauberen Geschmack und der Rausch dieses Weeds stimuliert eine Person geistig, macht sie wach und bereit f\u00fcr Action. buy weed online Europe Strawberry Kush ist ein guter Rauch f\u00fcr den Tagesgebrauch, da sie nicht schl\u00e4frig macht. Aus medizinischer Sicht hilft sie Patienten bei Stress und Appetitlosigkeit.<\/p>\n<h3>Informatie over de vari\u00ebteit<\/h3>\n<p>Genetisch geclassificeerd als Sativa (80% Sativa en 20% Indica). Deze soort zou een kruising zijn tussen Strawberry Fields en een mysterieuze old-school Haze-soort. Hoewel er veel wordt gespeculeerd over de feiten over hoe deze krachtige sativa tot stand is gekomen.<\/p>\n<h3>Geur, smaak en uiterlijk<\/h3>\n<p>Wie der Name schon sagt, ist das Gesamtaroma von Strawberry Kush \u00fcberwiegend gut. Strawberry; erinnert an frische Sommerbeeren, die auf einem Feld auf dem Land wachsen. Einige Untert\u00f6ne auch Spitze durch das <a href=\"https:\/\/nembutalprezzo.com\/\" target=\"_blank\" rel=\"noopener\">Duftprofil<\/a>, mit einem Hauch von Erde und Skunk, weshalb diese Marihuana-Sorte neigt sein k\u00f6nnte. Husten zu verursachen, nachdem sie inhaliert wurde. Der Duft verzehrt sofort jeden Raum, in dem er sich befindet, und verweilt f\u00fcr eine lange Zeit. Sogar nachdem die Knospen selbst fest weggeschlossen wurden.<br \/>\nDe smaak van Strawberry Banana Kush is vergelijkbaar met het aroma, afgezien van enkele subtiele verschillen. De algehele smaak is natuurlijk rijk aan fruitige aardbeien, maar er is ook een vleugje aarde te proeven, vergelijkbaar met een bes die rechtstreeks uit de aarde is geplukt.<\/p>\n<h5>Effecten<\/h5>\n<p>Strawberry Kush is een enigszins complexe sativasoort, omdat ze dezelfde energie en lift vertoont als andere soorten van dezelfde categorie, terwijl ze tegelijkertijd erg soepel en ontspannend is.<\/p>\n<p>&nbsp;<\/p>\n<p>&nbsp;<\/p>\n<p>&nbsp;<\/p>","protected":false},"excerpt":{"rendered":"<p>Strawberry Kush is een enigszins complexe sativa-soort, die dezelfde energie en lift vertoont als andere soorten van dezelfde categorie, terwijl ze tegelijkertijd erg zacht en ontspannend is.<\/p>\n<p>&nbsp;<\/p>","protected":false},"featured_media":719,"comment_status":"open","ping_status":"closed","template":"","meta":{"_monsterinsights_skip_tracking":false,"_monsterinsights_sitenote_active":false,"_monsterinsights_sitenote_note":"","_monsterinsights_sitenote_category":0},"product_cat":[126,245],"product_tag":[],"_links":{"self":[{"href":"https:\/\/runtzcartsdisposables.com\/nl\/wp-json\/wp\/v2\/product\/718"}],"collection":[{"href":"https:\/\/runtzcartsdisposables.com\/nl\/wp-json\/wp\/v2\/product"}],"about":[{"href":"https:\/\/runtzcartsdisposables.com\/nl\/wp-json\/wp\/v2\/types\/product"}],"replies":[{"embeddable":true,"href":"https:\/\/runtzcartsdisposables.com\/nl\/wp-json\/wp\/v2\/comments?post=718"}],"wp:featuredmedia":[{"embeddable":true,"href":"https:\/\/runtzcartsdisposables.com\/nl\/wp-json\/wp\/v2\/media\/719"}],"wp:attachment":[{"href":"https:\/\/runtzcartsdisposables.com\/nl\/wp-json\/wp\/v2\/media?parent=718"}],"wp:term":[{"taxonomy":"product_cat","embeddable":true,"href":"https:\/\/runtzcartsdisposables.com\/nl\/wp-json\/wp\/v2\/product_cat?post=718"},{"taxonomy":"product_tag","embeddable":true,"href":"https:\/\/runtzcartsdisposables.com\/nl\/wp-json\/wp\/v2\/product_tag?post=718"}],"curies":[{"name":"wp","href":"https:\/\/api.w.org\/{rel}","templated":true}]}}