{"id":736,"date":"2023-01-14T19:17:05","date_gmt":"2023-01-14T19:17:05","guid":{"rendered":"https:\/\/runtzcartsdisposables.com\/?post_type=product&#038;p=736"},"modified":"2024-11-25T20:11:00","modified_gmt":"2024-11-25T20:11:00","slug":"white-cherry-gelato-2","status":"publish","type":"product","link":"https:\/\/runtzcartsdisposables.com\/nl\/product\/white-cherry-gelato-2\/","title":{"rendered":"white cherry gelato"},"content":{"rendered":"<h1>Koop White Cherry Gelato in Australi\u00eb<\/h1>\n<p>Koop ijs met witte kersen in Australi\u00eb. die de laatste jaren aan populariteit heeft gewonnen. Met hun geur en smaak van pindakaas. De meeste rokers hebben de White Cherry Gelato-soort bewonderd en aanbevolen. Met zo'n smaak zul je nooit tevreden zijn met je dosering. White Cherry Gelato is ook een andere geweldige soort uit de Cherry-familie. Het is niet overdreven om te zeggen dat het een van de beste hybride\/exotische soorten is. Zoals de naam al doet vermoeden, heeft deze soort een zoete, sorbetachtige smaak die altijd doet denken aan wit en bosbessen. Het heeft ook een houtachtige smaak. Witte Kers Gelato online kopen. Koop Cubaanse Paddo's online.<\/p>\n<p>Deze soort komt uit de lijn van Sunset Sorbet, Thin Mint Girl Scout Cookies en Lemon Haze. Daarom zijn hun smaak en geur zo gevarieerd en lekker. Wat een prachtige soort met zoveel mooie eigenschappen. Koop Pluto Cookies<\/p>\n<h2>Koop White Cherry Gelato in Australi\u00eb<\/h2>\n<p>Kaufen Sie wei\u00dfe Kirsche Gelato in Australien. Wenn sie unter g\u00fcnstigen Bedingungen kultiviert wird, wird eine Charge White Cherry-Gelato Nuggets mit tiefem Gr\u00fcn produzieren. An den Spitzen werden sie zum Stiel hin heller und weisen eine leichte Trichomisierung auf. White Cherry-Gelato hat einen THC-Gehalt von etwa 23-25%. Mit diesem hohen THC-Gehalt ist diese Sorte daf\u00fcr bekannt, dass sie zur L\u00f6sung vieler gesundheitlicher Probleme eingesetzt wird. Zu diesen gesundheitlichen Problemen, die durch das Rauchen von Lemon Cherry Gelato gel\u00f6st werden, geh\u00f6ren Kopfschmerzen, K\u00f6rperschmerzen und M\u00fcdigkeit. Kaufen White Runtz in Seattle Es hilft auch, in Entspannung, Ruhe und Frieden zu fr\u00f6nen, wenn Sie es versuchen. kaufen Chapo Cookies<\/p>\n<p>Name der Sorte: White Cherry-Gelato.<\/p>\n<p>Geschm\u00e4cker: Zitrone, Zitrusfr\u00fcchte, S\u00fc\u00df.<\/p>\n<p>Wirkungen: Gl\u00fccklich, Aufgeputscht, Euphorisch, Energetisch, Entspannend. MoneyBagg Runtz in Dammam <a href=\"http:\/\/ketaminkaufenn.com\" target=\"_blank\" rel=\"noopener\">kaufen<\/a><\/p>\n<p>Medizinische Anwendungen Stress, Depression, Schmerz, M\u00fcdigkeit, Kopfschmerzen. Big Mex Magic Mushroom Online USA.<\/p>\n<p>Kaufen Sie White Cherry-Gelato, Nachdem Sie all dies \u00fcber diese wunderbare Sorte gelesen haben, warum wollen Sie sie nicht ausprobieren? Ja, nat\u00fcrlich, werfen Sie einen Blick auf die Nugs und holen Sie sich. <a href=\"https:\/\/runtzcartsdisposables.com\/nl\/\">Wo kann man in Europa Gras online kaufen<\/a>?<\/p>\n<p>&nbsp;<\/p>\n<p>&nbsp;<\/p>\n<p>&nbsp;<\/p>","protected":false},"excerpt":{"rendered":"<h3 style=\"text-align: center;\">White cherry gelato<\/h3>\n<hr \/>\n<p>Onder gunstige omstandigheden zal een partij White Cherry Gelato diepgroene toppen produceren. Aan hun uiteinden die naar de stengel toe lichter worden en een lichte bestuiving van trichomen. White Cherry Gelato heeft een THC-gehalte van rond de 23-25%. Met zulke hoge THC-gehaltes staat deze soort erom bekend dat ze wordt gebruikt om veel gezondheidsproblemen op te lossen<\/p>\n<p>&nbsp;<\/p>","protected":false},"featured_media":737,"comment_status":"open","ping_status":"closed","template":"","meta":{"_monsterinsights_skip_tracking":false,"_monsterinsights_sitenote_active":false,"_monsterinsights_sitenote_note":"","_monsterinsights_sitenote_category":0},"product_cat":[126,245,351],"product_tag":[],"_links":{"self":[{"href":"https:\/\/runtzcartsdisposables.com\/nl\/wp-json\/wp\/v2\/product\/736"}],"collection":[{"href":"https:\/\/runtzcartsdisposables.com\/nl\/wp-json\/wp\/v2\/product"}],"about":[{"href":"https:\/\/runtzcartsdisposables.com\/nl\/wp-json\/wp\/v2\/types\/product"}],"replies":[{"embeddable":true,"href":"https:\/\/runtzcartsdisposables.com\/nl\/wp-json\/wp\/v2\/comments?post=736"}],"wp:featuredmedia":[{"embeddable":true,"href":"https:\/\/runtzcartsdisposables.com\/nl\/wp-json\/wp\/v2\/media\/737"}],"wp:attachment":[{"href":"https:\/\/runtzcartsdisposables.com\/nl\/wp-json\/wp\/v2\/media?parent=736"}],"wp:term":[{"taxonomy":"product_cat","embeddable":true,"href":"https:\/\/runtzcartsdisposables.com\/nl\/wp-json\/wp\/v2\/product_cat?post=736"},{"taxonomy":"product_tag","embeddable":true,"href":"https:\/\/runtzcartsdisposables.com\/nl\/wp-json\/wp\/v2\/product_tag?post=736"}],"curies":[{"name":"wp","href":"https:\/\/api.w.org\/{rel}","templated":true}]}}