{"id":742,"date":"2023-01-14T19:21:08","date_gmt":"2023-01-14T19:21:08","guid":{"rendered":"https:\/\/runtzcartsdisposables.com\/?post_type=product&#038;p=742"},"modified":"2024-11-25T20:10:59","modified_gmt":"2024-11-25T20:10:59","slug":"white-widow","status":"publish","type":"product","link":"https:\/\/runtzcartsdisposables.com\/nl\/product\/white-widow\/","title":{"rendered":"White widow"},"content":{"rendered":"<h1>White Widow online kopen<\/h1>\n<p>White Widow online kopen. Een van de beroemdste soorten ter wereld is White Widow, een uitgebalanceerde hybride die voor het eerst in Nederland werd gekweekt door Green House Seeds. White Widow, een kruising tussen een Braziliaans sativa-landras en een harsachtige Zuid-Indiase indica, siert sinds haar geboorte in de jaren negentig de menukaarten van elke Nederlandse coffeeshop. Haar toppen zijn wit van de kristallijne hars en waarschuwen je voor het krachtige effect dat je te wachten staat. Een krachtige uitbarsting van euforie<\/p>\n<p>En energie barst onmiddellijk door, wat zowel conversatie als creativiteit stimuleert. White Widow-genetica heeft vele andere legendes voortgebracht, zoals White Russian, White Rhino en Blue Widow. Toch geven veel kwekers de voorkeur aan het kweken van de originele White Widow, die binnen ongeveer 60 dagen bloeit. koop wiet online Europa<\/p>\n<h2>White Widow online kopen<\/h2>\n<p>De White Widow-soort heeft gunstige effecten. Ten eerste cre\u00ebert het euforie.<br \/>\nDe chemische component THC in marihuana triggert de afgifte van het feel-good hormoon dopamine in het beloningssysteem van de hersenen, waardoor mensen zich goed en oncontroleerbaar gelukkig voelen.<br \/>\nZweitens sorgt die Sorte f\u00fcr Entspannung. Sie erreicht dies, indem sie die Rezeptoren im K\u00f6rper, die <a href=\"https:\/\/runtzcartsdisposables.com\/nl\/product\/biscotti\/\">Stress<\/a>, geistige und k\u00f6rperliche Erm\u00fcdung verarbeiten, hohen THC- und Cannabinoidkonzentrationen aussetzt, wodurch sich die Stimmung \u00e4ndert, der Geist frei wird und Spannungen im K\u00f6rper abgebaut werden. Drittens bietet die Sorte ein Mittel zur Energiegewinnung. Die Hybridsorte enth\u00e4lt einen hohen Anteil an Sativa, der die Energie des Nutzers wieder auff\u00fcllt und es ihm erm\u00f6glicht, an verschiedenen Aktivit\u00e4ten zu arbeiten, ohne sich ersch\u00f6pft zu f\u00fchlen. Viertens: White Window ist die perfekte Sorte, um gl\u00fccklich zu werden. Wenn ein Benutzer es verwendet, wird man gl\u00fccklich, giggly, und geschickt in sozialen Aktivit\u00e4ten mit Leichtigkeit. Au\u00dferdem erhebt sie den Nutzer, indem sie Traurigkeit, Wut und Stress abbaut und sie durch positive Gef\u00fchle ersetzt, die den Nutzer gl\u00fccklich machen.<br \/>\nDe White Widow heeft ook ongewenste effecten. Ten eerste leidt het tot een droge mond. Bij voortdurende consumptie van de soort bindt de THC zich aan de speekselproducerende receptoren in de mond en schakelt deze uit.<br \/>\nBijgevolg stoppen ze de speekselklieren om speeksel te produceren, wat leidt tot een droge mond. Ten tweede leidt het tot paranoia omdat de spanning de zintuigen van de gebruiker verandert, waardoor ze dingen kunnen voelen en zien die er niet zijn, maar een product van hun verbeelding zijn. Ten derde ontwikkelen gebruikers angst.<br \/>\nHet nemen van een hoge dosis White Widow zorgt ervoor dat gebruikers angstaanjagende neigingen en negatieve gedachten ontwikkelen die hen bang maken. Ten vierde kan het consumeren van deze soort droge ogen veroorzaken omdat het traanfilmweefsel wordt ge\u00efnactiveerd, wat resulteert in droge ogen.<br \/>\nBovendien veroorzaakt de spanning duizeligheid. Wanneer een gebruiker een hoge dosis van deze soort consumeert, daalt de bloeddruk en neemt de bloedtoevoer naar de hersenen af, wat leidt tot duizeligheid.<br \/>\nZusammenfassend l\u00e4sst sich sagen, dass die White Widow<a href=\"http:\/\/ketaminkaufenn.com\" target=\"_blank\" rel=\"noopener\"> Sorte<\/a> von Marihuana eine gro\u00dfartige Sorte ist, deren hohe Potenz sowohl medizinische als auch positive Vorteile mit sich bringt. Allerdings ruft sie auch Nebenwirkungen hervor.<\/p>","protected":false},"excerpt":{"rendered":"<h3 style=\"text-align: center;\">White widow<\/h3>\n<hr \/>\n<p>De White Widow-marihuanasoort is een geweldige soort waarvan de hoge potentie zowel medicinale als positieve voordelen biedt. Het veroorzaakt echter ook bijwerkingen.<\/p>\n<p>&nbsp;<\/p>","protected":false},"featured_media":743,"comment_status":"open","ping_status":"closed","template":"","meta":{"_monsterinsights_skip_tracking":false,"_monsterinsights_sitenote_active":false,"_monsterinsights_sitenote_note":"","_monsterinsights_sitenote_category":0},"product_cat":[126,245],"product_tag":[],"_links":{"self":[{"href":"https:\/\/runtzcartsdisposables.com\/nl\/wp-json\/wp\/v2\/product\/742"}],"collection":[{"href":"https:\/\/runtzcartsdisposables.com\/nl\/wp-json\/wp\/v2\/product"}],"about":[{"href":"https:\/\/runtzcartsdisposables.com\/nl\/wp-json\/wp\/v2\/types\/product"}],"replies":[{"embeddable":true,"href":"https:\/\/runtzcartsdisposables.com\/nl\/wp-json\/wp\/v2\/comments?post=742"}],"wp:featuredmedia":[{"embeddable":true,"href":"https:\/\/runtzcartsdisposables.com\/nl\/wp-json\/wp\/v2\/media\/743"}],"wp:attachment":[{"href":"https:\/\/runtzcartsdisposables.com\/nl\/wp-json\/wp\/v2\/media?parent=742"}],"wp:term":[{"taxonomy":"product_cat","embeddable":true,"href":"https:\/\/runtzcartsdisposables.com\/nl\/wp-json\/wp\/v2\/product_cat?post=742"},{"taxonomy":"product_tag","embeddable":true,"href":"https:\/\/runtzcartsdisposables.com\/nl\/wp-json\/wp\/v2\/product_tag?post=742"}],"curies":[{"name":"wp","href":"https:\/\/api.w.org\/{rel}","templated":true}]}}