{"id":783,"date":"2023-01-16T07:56:49","date_gmt":"2023-01-16T07:56:49","guid":{"rendered":"https:\/\/runtzcartsdisposables.com\/?post_type=product&#038;p=783"},"modified":"2024-11-25T20:10:50","modified_gmt":"2024-11-25T20:10:50","slug":"bestellung-motor-breath-jungleboys","status":"publish","type":"product","link":"https:\/\/runtzcartsdisposables.com\/nl\/product\/bestellung-motor-breath-jungleboys\/","title":{"rendered":"Bestellung Motor Breath Jungleboys"},"content":{"rendered":"<h2 style=\"text-align: center;\">Bestellung Motor Breath Jungleboys<\/h2>\n<hr \/>\n<p>Dar\u00fcber hinaus bieten wir eine Vielzahl von Optionen und Konfigurationen, um sicherzustellen, dass Sie den perfekten Motor f\u00fcr Ihre Anforderungen finden. Unser Kundenservice steht Ihnen zur Verf\u00fcgung, um Ihnen bei der Auswahl des richtigen Motors zu helfen und alle Fragen zu beantworten, die Sie haben k\u00f6nnten. <a href=\"https:\/\/runtzcartsdisposables.com\/nl\/product\/paris-og\/\">Bestellen<\/a> Sie noch heute Ihren Motor und profitieren Sie von seiner hervorragenden Leistung und Zuverl\u00e4ssigkeit<a href=\"https:\/\/hhcgraskaufen.com\" target=\"_blank\" rel=\"noopener\">.<\/a><\/p>","protected":false},"excerpt":{"rendered":"<p>Bestellung Motor Breath Jungleboys &#8212; Bestellen Sie den Motor Breath Jungleboys noch heute und genie\u00dfen Sie ein einzigartiges Raucherlebnis, das sowohl k\u00f6rperlich entspannend als auch geistig anregend ist. Perfekt f\u00fcr den abendlichen Gebrauch oder einfach nur zum Entspannen nach einem langen Tag.<\/p>","protected":false},"featured_media":784,"comment_status":"open","ping_status":"closed","template":"","meta":{"_monsterinsights_skip_tracking":false,"_monsterinsights_sitenote_active":false,"_monsterinsights_sitenote_note":"","_monsterinsights_sitenote_category":0},"product_cat":[126,352],"product_tag":[],"_links":{"self":[{"href":"https:\/\/runtzcartsdisposables.com\/nl\/wp-json\/wp\/v2\/product\/783"}],"collection":[{"href":"https:\/\/runtzcartsdisposables.com\/nl\/wp-json\/wp\/v2\/product"}],"about":[{"href":"https:\/\/runtzcartsdisposables.com\/nl\/wp-json\/wp\/v2\/types\/product"}],"replies":[{"embeddable":true,"href":"https:\/\/runtzcartsdisposables.com\/nl\/wp-json\/wp\/v2\/comments?post=783"}],"wp:featuredmedia":[{"embeddable":true,"href":"https:\/\/runtzcartsdisposables.com\/nl\/wp-json\/wp\/v2\/media\/784"}],"wp:attachment":[{"href":"https:\/\/runtzcartsdisposables.com\/nl\/wp-json\/wp\/v2\/media?parent=783"}],"wp:term":[{"taxonomy":"product_cat","embeddable":true,"href":"https:\/\/runtzcartsdisposables.com\/nl\/wp-json\/wp\/v2\/product_cat?post=783"},{"taxonomy":"product_tag","embeddable":true,"href":"https:\/\/runtzcartsdisposables.com\/nl\/wp-json\/wp\/v2\/product_tag?post=783"}],"curies":[{"name":"wp","href":"https:\/\/api.w.org\/{rel}","templated":true}]}}