{"id":794,"date":"2023-01-16T08:15:02","date_gmt":"2023-01-16T08:15:02","guid":{"rendered":"https:\/\/runtzcartsdisposables.com\/?post_type=product&#038;p=794"},"modified":"2024-11-25T20:10:45","modified_gmt":"2024-11-25T20:10:45","slug":"kurupt-moon-rock","status":"publish","type":"product","link":"https:\/\/runtzcartsdisposables.com\/nl\/product\/kurupt-moon-rock\/","title":{"rendered":"Kurupt Moon Rock"},"content":{"rendered":"<h1 style=\"text-align: center;\"><span style=\"color: #ff6600;\">Kurupt Moon Rock online kaufen Europa<\/span><\/h1>\n<p>Kurupt Moon Rock online kaufen Europa, eine Art Marihuana, stammt nicht von einer bestimmten Cannabissorte, sondern ist eine Kombination aus einer potenten Cannabissorte, die als Girl Scout Cookies bekannt ist, die in Haschisch\u00f6l getaucht und mit Kief (Harze von Cannabispflanzen) bestreut werden. Dies f\u00fchrt zu einem dramatischen Anstieg des Wirkstoffs in Cannabis, Delta-9-Tetrahydrocannabinol (THC). Moonrocks online kaufen Europa. Gruntz in Connecticut kaufen<\/p>\n<p>Volgens de Substance Abuse and Mental Health Services Administration (SAMHSA) kan de term moonrocks dat ook. Het verwijst naar een reeks synthetische cannabino\u00efden. In laboratoria vervaardigde chemicali\u00ebn die op plantaardig materiaal worden gespoten en bedoeld zijn om te roken. Als legale alternatieven voor marihuanaproducten. KOOP ONLINE JUNGLEBOYS-PAKKETTEN in Hawa\u00ef<\/p>\n<p>Koop maanstenen online in Duitsland. Koop Cannabis Wax online Verkoop marihuana in Engeland, koop wiet in Berlijn. maanstenen kopen OG Kush online kopen. Koop Pluto-koekjes online<\/p>\n<h2>Kurupt Moon Rock online kaufen Europa<\/h2>\n<p>Beide stoffen zijn potentieel gevaarlijk. Het inademen van Moon Rocks produceert een uiterst aangename, terpeenrijke kiefsmaak waarvan je zegt: \"Woooo, dat is heerlijk.\" De geproduceerde rookwolken zijn supergroot en vol, waardoor elke hijs bijna een ervaring op zich is. Kersentaart kopen<\/p>\n<p>En de dronkenschap? Oh vriend, oh vriend, laat me niet eens beginnen. De high van Moon Rocks begint in het hoofd en verspreidt zich uiteindelijk door het hele lichaam tot aan de tenen. De high van Moon Rocks is een van die trage highs die je in het begin zeker voelt, maar 30 minuten later realiseer je je dat je een bergtop hebt bereikt die je misschien nog niet had willen beklimmen. Ik rookte mijn gram Moon Rocks rond 17.00 uur en toen ik de volgende ochtend om 7.00 uur wakker werd, zat ik nog steeds op Mars te wachten op de trein terug naar de aarde. Koop maanstenen online in Duitsland. Koop Cannabis Wax Online Marihuana te koop in Engeland.<\/p>\n<h3>Hoewel Moon Rocks meestal worden gemaakt met GSC Flower en\/of GSC Concentrate, bent u vrij om uw eigen Moon Rocks te maken zoals u dat wilt. Alles wat je nodig hebt is het volgende:<\/h3>\n<p>Deine Lieblingssorte\/<a href=\"https:\/\/runtzcartsdisposables.com\/nl\/product\/hawaiian-skunk\/\">Blume<\/a><br \/>\nJe favoriete concentraat\/hasjolie<br \/>\nEen grote kom kief uit de bodem van je grinder<br \/>\nEen tang (of een ander grijp-\/trekapparaat). Koop Moonrocks online Europa<br \/>\nEen vloeibare druppelaar<br \/>\nSchritt 1: Nehmen Sie ein oder zwei Knospen Ihrer bevorzugten Knospe\/Blume. Ich schlage vor, eine der dichteren Knospen zu verwenden, da sie den endg\u00fcltigen Cannabis-Cocktail besser zusammenhalten wird. Schritt 2: Nimm dein Lieblingskonzentrat<a href=\"https:\/\/lsdkaufen.store\/\" target=\"_blank\" rel=\"noopener\">.<\/a> Wenn es sehr dickfl\u00fcssig und schwer zu handhaben ist, erhitze es, bis es ein wenig fl\u00fcssig ist, und verwende dann einen Tropfer, mit dem Du Deine Knospe vollst\u00e4ndig bedecken kannst, ohne sie in das Konzentrat tauchen zu m\u00fcssen. (Die \u00dcbers\u00e4ttigung Ihrer Knospe k\u00f6nnte zu l\u00e4ngeren Trocknungszeiten und Schwierigkeiten beim Anz\u00fcnden f\u00fchren). Moonrocks online kaufen Europa Schritt 3: Nimm die Knospe mit der Zange und w\u00e4lze sie in Kief, bis der gesamte Nug mit kristalliner G\u00fcte bedeckt ist.<\/p>","protected":false},"excerpt":{"rendered":"<h2 style=\"text-align: center;\">Kurupt Moon Rock<\/h2>\n<hr \/>\n<p>&nbsp;<\/p>\n<p>Moonrocks online kopen, Dr. Zodiak moonrock stam uit de apotheek is de sterkste knop die je ooit in je sterrenstelsel zult vinden, koop Zodiak moonrock clear. \u2026.waar te kopen moonrocks online ierland.waar te kopen moonrocks online duitsland.<\/p>\n<p>&nbsp;<\/p>","protected":false},"featured_media":795,"comment_status":"open","ping_status":"closed","template":"","meta":{"_monsterinsights_skip_tracking":false,"_monsterinsights_sitenote_active":false,"_monsterinsights_sitenote_note":"","_monsterinsights_sitenote_category":0},"product_cat":[363],"product_tag":[],"_links":{"self":[{"href":"https:\/\/runtzcartsdisposables.com\/nl\/wp-json\/wp\/v2\/product\/794"}],"collection":[{"href":"https:\/\/runtzcartsdisposables.com\/nl\/wp-json\/wp\/v2\/product"}],"about":[{"href":"https:\/\/runtzcartsdisposables.com\/nl\/wp-json\/wp\/v2\/types\/product"}],"replies":[{"embeddable":true,"href":"https:\/\/runtzcartsdisposables.com\/nl\/wp-json\/wp\/v2\/comments?post=794"}],"wp:featuredmedia":[{"embeddable":true,"href":"https:\/\/runtzcartsdisposables.com\/nl\/wp-json\/wp\/v2\/media\/795"}],"wp:attachment":[{"href":"https:\/\/runtzcartsdisposables.com\/nl\/wp-json\/wp\/v2\/media?parent=794"}],"wp:term":[{"taxonomy":"product_cat","embeddable":true,"href":"https:\/\/runtzcartsdisposables.com\/nl\/wp-json\/wp\/v2\/product_cat?post=794"},{"taxonomy":"product_tag","embeddable":true,"href":"https:\/\/runtzcartsdisposables.com\/nl\/wp-json\/wp\/v2\/product_tag?post=794"}],"curies":[{"name":"wp","href":"https:\/\/api.w.org\/{rel}","templated":true}]}}