{"id":796,"date":"2023-01-16T10:19:49","date_gmt":"2023-01-16T10:19:49","guid":{"rendered":"https:\/\/runtzcartsdisposables.com\/?post_type=product&#038;p=796"},"modified":"2024-11-25T20:10:44","modified_gmt":"2024-11-25T20:10:44","slug":"moonrocks","status":"publish","type":"product","link":"https:\/\/runtzcartsdisposables.com\/nl\/product\/moonrocks\/","title":{"rendered":"maan rotsen"},"content":{"rendered":"<h1>Koop Moonrock in Australi\u00eb<\/h1>\n<p>Moonrocks in Australien kaufen Warst du jemals so high, dass du deine Augenbrauen nicht mehr sp\u00fcren konntest, selbst wenn du sie ber\u00fchrst? Wenn nicht, versuchen Sie Moon Rocks zu rauchen und ich garantiere Ihnen, dass Sie es schaffen werden. Ich habe sie vor kurzem zum ersten Mal geraucht, und zwei Monate sp\u00e4ter bin ich immer noch nicht in der Lage, meine Gesichtsz\u00fcge zu erkennen. (Es lohnt sich \u00fcbrigens.)<\/p>\n<p>Door dit proces bereikt het product een THC-gehalte van 51,2%. In kleine doses verlicht het de pijn, stimuleert het de eetlust en vermindert het misselijkheid.<\/p>\n<h2>Koop Moonrock in Australi\u00eb<\/h2>\n<p>Voor de beste smaak en rook raden de meisjes van Kush N Wax aan om een \u200b\u200bhasjkom of -pijp te gebruiken en de toppen niet met een grinder te vermalen, omdat je daarbij het grootste deel van de kif verliest.<br \/>\nMoonrocks Der Preis f\u00fcr ein Gramm Marihuana mag hoch erscheinen, aber die Qualit\u00e4t des Produkts spricht f\u00fcr sich. Snoop Dogg selbst ist zu sehen, wie er seine Expertenmeinung \u00fcber das Cannabis seines Dog Pound-Mitglieds abgibt.<\/p>\n<p>Tag | Mondschein online kaufen, Mondschein online kaufen, Mondschein kaufen, wo man Mondschein online kaufen kann, wie man Mondschein online kaufen kann. Weed online kaufen(Moonrocks)<\/p>\n<p>Wat zijn maanstenen?<br \/>\nMoon Rocks zijn niet echt een soort marihuanasoort, maar eerder een manier om cannabis te gebruiken. Meestal zijn het klompjes van de marihuanasoort Girl Scout Cookies, gedoopt in hasjolie en vervolgens besprenkeld met kef. Maanstenen te koop<\/p>\n<p>Als je ooit ijshoorntjes in chocolade hebt gedoopt en ze met hagelslag hebt bedekt, dan weet je precies wat Moon Rocks is. Wanneer je het consumeren van maanstenen combineert met ijshoorntjes, is het zeker heerlijk.<\/p>\n<p>Maak een wandeling op de maan<br \/>\nEnkele beroemdheden hebben hun eigen maankruiden gedeponeerd, waarvan zij beweren dat het de krachtigste hennepproducten op de markt zijn. Krupp, de Amerikaanse rapper en voormalig vice-president van Death Row Records, heeft \"Kurrupts Mooncrock\", die een THC-gehalte heeft van 51,2%. In kleine doses kan zo'n super Frankenstein-cannabisproduct effectief zijn voor pijnverlichting<br \/>\n. Grote hoeveelheden kunnen gewoon naar de maan worden gestuurd. maanstenen te koop<\/p>\n<p>Betreten Sie das Raumschiff hier. <a href=\"https:\/\/runtzcartsdisposables.com\/nl\/product\/kurupt-moon-rock\/\">Moonrock<\/a>-Eis kaufen<\/p>\n<p>Gebruik voor een optimale consumptie van Moon Rocks een hasjkom of -pijp en pas op dat je de toppen niet vermaalt in een grinder, anders verlies je kief.<br \/>\nHoud er rekening mee dat gemiddelde wiet tussen de 17% en 30% THC bevat. Moon Rocks heeft bijna twee keer zoveel THC. Maanstenen te koop<br \/>\nWenn Sie Moonrocks nicht ohne Weiteres in einer Apotheke finden, k\u00f6nnen Sie Ihren Lieblingsfreund fragen, wie Sie es selbst herstellen k\u00f6nnen. Du solltest ihn fragen, wie viele Dinge du kaufen solltest und welche Art von Sorte, Haschisch\u00f6l und Kif du brauchst, um dein Raumschiff auf dem Mond zu bauen. Ich w\u00fcrde sie auch fragen, ob dies die Art von Cannabis-Erfahrung ist, die man in der Sicherheit und Bequemlichkeit des eigenen Zuhauses machen sollte, oder ob sie anst\u00e4ndig genug w\u00e4ren, in die \u00d6ffentlichkeit zu gehen. ich sage nur. Moon Rocks zum Verkauf kaufen Blueberry<\/p>\n<p>Die Urspr\u00fcnge von Moonrocks sind etwas unklar, aber es gibt Ger\u00fcchte, dass die Apotheke Starbudz760 sie zuerst zusammengebraut hat, wobei der legend\u00e4re West Coast Rapper Kurupt das Produkt popul\u00e4r machte und seine eigene Version namens Kurupt Moonrock markenrechtlich sch\u00fctzen lie\u00df. buyPluto Cookies<\/p>\n<p>Moonrocks sind ein THC-Megazord &#8211; sie bestehen im Wesentlichen aus Cannabisknospen (historisch gesehen GSC<a href=\"https:\/\/hhcvapekaufen.com\/\" target=\"_blank\" rel=\"noopener\">,<\/a> aber jede Sorte reicht aus), die in Haschisch\u00f6l getaucht oder damit bespr\u00fcht und dann gerollt werden.<\/p>","protected":false},"excerpt":{"rendered":"<h2 style=\"text-align: center;\">maan rotsen<\/h2>\n<hr \/>\n<p style=\"text-align: left;\">\nWe hebben 100% THC Moon Rocks te koop. We garanderen een 100% postorder en geven trackingnummers en factuur na elke...<\/p>\n<p>&nbsp;<\/p>","protected":false},"featured_media":797,"comment_status":"open","ping_status":"closed","template":"","meta":{"_monsterinsights_skip_tracking":false,"_monsterinsights_sitenote_active":false,"_monsterinsights_sitenote_note":"","_monsterinsights_sitenote_category":0},"product_cat":[16],"product_tag":[],"_links":{"self":[{"href":"https:\/\/runtzcartsdisposables.com\/nl\/wp-json\/wp\/v2\/product\/796"}],"collection":[{"href":"https:\/\/runtzcartsdisposables.com\/nl\/wp-json\/wp\/v2\/product"}],"about":[{"href":"https:\/\/runtzcartsdisposables.com\/nl\/wp-json\/wp\/v2\/types\/product"}],"replies":[{"embeddable":true,"href":"https:\/\/runtzcartsdisposables.com\/nl\/wp-json\/wp\/v2\/comments?post=796"}],"wp:featuredmedia":[{"embeddable":true,"href":"https:\/\/runtzcartsdisposables.com\/nl\/wp-json\/wp\/v2\/media\/797"}],"wp:attachment":[{"href":"https:\/\/runtzcartsdisposables.com\/nl\/wp-json\/wp\/v2\/media?parent=796"}],"wp:term":[{"taxonomy":"product_cat","embeddable":true,"href":"https:\/\/runtzcartsdisposables.com\/nl\/wp-json\/wp\/v2\/product_cat?post=796"},{"taxonomy":"product_tag","embeddable":true,"href":"https:\/\/runtzcartsdisposables.com\/nl\/wp-json\/wp\/v2\/product_tag?post=796"}],"curies":[{"name":"wp","href":"https:\/\/api.w.org\/{rel}","templated":true}]}}