{"id":806,"date":"2023-01-16T10:24:55","date_gmt":"2023-01-16T10:24:55","guid":{"rendered":"https:\/\/runtzcartsdisposables.com\/?post_type=product&#038;p=806"},"modified":"2024-11-25T20:10:43","modified_gmt":"2024-11-25T20:10:43","slug":"skittles-moonrocks","status":"publish","type":"product","link":"https:\/\/runtzcartsdisposables.com\/nl\/product\/skittles-moonrocks\/","title":{"rendered":"Skittles Moonrocks"},"content":{"rendered":"<h1>Koop Skittles Moonrocks online<\/h1>\n<p>Koop Skittles Moonrocks online. Ben je ooit zo high geweest dat je je wenkbrauwen niet kon voelen, zelfs niet als je ze fysiek aanraakte? Zo niet, probeer dan Moon Rocks te roken en ik garandeer je dat het je zal lukken. Ik heb het onlangs voor het eerst gerookt en twee maanden later kan ik mijn gelaatstrekken nog steeds niet herkennen. (Het was het trouwens waard.)<\/p>\n<p>Wat zijn maanstenen?<\/p>\n<p>De oorsprong van Moon Rocks is een beetje onduidelijk, maar er gaan geruchten dat de apotheek Starbudz760 ze als eerste heeft verzonnen. De legendarische West Coast-rapper Kurupt maakte het product populair en maakte een handelsmerk van zijn eigen versie genaamd Kurupt Moonrock.<\/p>\n<p>Moon Rocks zijn een THC-megazord - het zijn in wezen cannabistoppen (meestal GSC, maar elke soort is geschikt) gedoopt of gespoten in hasjolie en vervolgens in kief gerold.<\/p>\n<h2>Koop Skittles Moonrocks online<\/h2>\n<p>Zkittlez is een gekruiste, uitgebalanceerde hybride die uitstekende genetica heeft ge\u00ebrfd van haar ongelooflijk fruitige oudersoorten. Koop Skittles-marihuana online Deze soort kan voor sommige gebruikers soms meer als een indica aanvoelen, maar staat algemeen bekend om haar opbeurende maar ontspannende eigenschappen, benadrukt door haar zure citrusaroma. Online wiet kopen in Europa<\/p>\n<p>Zkittlez ist eine potente Mischung aus <a href=\"https:\/\/runtzcartsdisposables.com\/nl\/product\/moonrocks\/\">Grape Ape<\/a> und Sativa Grapefruit. Das Ergebnis ist eine duftende Bl\u00fcte mit einer komplexen Fruchtigkeit, die sich von anderen abhebt. Ihr THC-Gehalt kann milder sein als der ihrer Gegenst\u00fccke, aber das hat sie nicht daran gehindert, beim Cannabis Cup 2015 in San Francisco den ersten Platz f\u00fcr die beste Indica zu belegen<a href=\"http:\/\/gblkaufenn,com\">.<\/a><\/p>","protected":false},"excerpt":{"rendered":"<h2 style=\"text-align: center;\">Skittles Moonrocks<\/h2>\n<hr \/>\n<p>Deze soort kan voor sommige gebruikers soms meer als een indica aanvoelen, maar staat over het algemeen bekend om haar opbeurende maar ontspannende eigenschappen, benadrukt door haar zure citrusaroma.<\/p>\n<p>&nbsp;<\/p>","protected":false},"featured_media":807,"comment_status":"open","ping_status":"closed","template":"","meta":{"_monsterinsights_skip_tracking":false,"_monsterinsights_sitenote_active":false,"_monsterinsights_sitenote_note":"","_monsterinsights_sitenote_category":0},"product_cat":[374],"product_tag":[],"_links":{"self":[{"href":"https:\/\/runtzcartsdisposables.com\/nl\/wp-json\/wp\/v2\/product\/806"}],"collection":[{"href":"https:\/\/runtzcartsdisposables.com\/nl\/wp-json\/wp\/v2\/product"}],"about":[{"href":"https:\/\/runtzcartsdisposables.com\/nl\/wp-json\/wp\/v2\/types\/product"}],"replies":[{"embeddable":true,"href":"https:\/\/runtzcartsdisposables.com\/nl\/wp-json\/wp\/v2\/comments?post=806"}],"wp:featuredmedia":[{"embeddable":true,"href":"https:\/\/runtzcartsdisposables.com\/nl\/wp-json\/wp\/v2\/media\/807"}],"wp:attachment":[{"href":"https:\/\/runtzcartsdisposables.com\/nl\/wp-json\/wp\/v2\/media?parent=806"}],"wp:term":[{"taxonomy":"product_cat","embeddable":true,"href":"https:\/\/runtzcartsdisposables.com\/nl\/wp-json\/wp\/v2\/product_cat?post=806"},{"taxonomy":"product_tag","embeddable":true,"href":"https:\/\/runtzcartsdisposables.com\/nl\/wp-json\/wp\/v2\/product_tag?post=806"}],"curies":[{"name":"wp","href":"https:\/\/api.w.org\/{rel}","templated":true}]}}